{"id":143676,"date":"2022-10-13T13:49:12","date_gmt":"2022-10-13T11:49:12","guid":{"rendered":"http:\/\/dev.claret.cat\/producte\/sumision\/"},"modified":"2023-01-28T08:07:03","modified_gmt":"2023-01-28T07:07:03","slug":"sumision-9788433960405","status":"publish","type":"product","link":"https:\/\/www.claret.cat\/es\/libro\/sumision-9788433960405\/","title":{"rendered":"SUMISI\u00d3N"},"content":{"rendered":"<p>Francia, elecciones presidenciales de 2022. Mohammed Ben Abbes, islamista moderado, derrota a la candidata del Frente Nacional en la segunda vuelta. Fran\u00e7ois, un profesor universitario hastiado de la docencia y de su vida sexual, ve c\u00f3mo una r\u00e1pida transformaci\u00f3n altera la vida de los franceses. Los jud\u00edos han emigrado a Israel, las mujeres han cambiado las faldas por conjuntos de blusa larga y pantal\u00f3n y algunos comercios han cerrado las puertas o reorientado el negocio. Y la Sorbona es ahora una universidad isl\u00e1mica en la que los profesores conversos gozan de excelentes salarios y tienen derecho a la poligamia. Al igual que Huysmans, el escritor convertido al catolicismo al que consagr\u00f3 su tesis, Fran\u00e7ois sopesar\u00e1 pronunciar las palabras que le abrir\u00e1n las puertas del islam y de una nueva vida: \u00abNo hay sino un dios y Mahoma es su profeta.\u00bb<br \/> Una novela de \u00abpol\u00edtica ficci\u00f3n\u00bb como 1984 y Un mundo feliz, una turbadora f\u00e1bula pol\u00edtica y moral, en la que coexisten intuiciones po\u00e9ticas, efectos c\u00f3micos y una melancol\u00eda fatalista.<\/p>\n","protected":false},"excerpt":{"rendered":"<p>HOUELLEBECQ, MICHEL<\/p>\n","protected":false},"featured_media":143677,"template":"","meta":{"_acf_changed":false,"om_disable_all_campaigns":false,"rs_blank_template":"","rs_page_bg_color":"","slide_template_v7":"","inline_featured_image":false,"_monsterinsights_skip_tracking":false,"_monsterinsights_sitenote_active":false,"_monsterinsights_sitenote_note":"","_monsterinsights_sitenote_category":0},"product_brand":[],"product_cat":[87],"product_tag":[],"class_list":{"0":"post-143676","1":"product","2":"type-product","3":"status-publish","4":"has-post-thumbnail","6":"product_cat-literatura","8":"first","9":"instock","10":"taxable","11":"shipping-taxable","12":"purchasable","13":"product-type-simple"},"acf":{"editorial":[{"ID":6219,"post_author":"3","post_date":"2022-07-28 17:47:26","post_date_gmt":"2022-07-28 15:47:26","post_content":"","post_title":"Editorial Anagrama S.A.","post_excerpt":"","post_status":"publish","comment_status":"closed","ping_status":"closed","post_password":"","post_name":"editorial-anagrama-s-a","to_ping":"","pinged":"","post_modified":"2022-07-28 17:47:26","post_modified_gmt":"2022-07-28 15:47:26","post_content_filtered":"","post_parent":0,"guid":"http:\/\/dev.claret.cat\/editorial\/editorial-anagrama-s-a\/","menu_order":0,"post_type":"editorial","post_mime_type":"","comment_count":"0","filter":"raw"}],"autores-libros":[{"ID":5845,"post_author":"3","post_date":"2022-07-28 17:32:43","post_date_gmt":"2022-07-28 15:32:43","post_content":"","post_title":"MICHEL HOUELLEBECQ","post_excerpt":"","post_status":"publish","comment_status":"closed","ping_status":"closed","post_password":"","post_name":"michel-houellebecq","to_ping":"","pinged":"","post_modified":"2022-07-28 17:32:43","post_modified_gmt":"2022-07-28 15:32:43","post_content_filtered":"","post_parent":0,"guid":"http:\/\/dev.claret.cat\/autor\/michel-houellebecq\/","menu_order":0,"post_type":"autor","post_mime_type":"","comment_count":"0","filter":"raw"}],"autor":"HOUELLEBECQ, MICHEL","codart":"843396040","libros-coleccion":"Compactos","ediciones":"1","encuadernacion":"R\u00fastica","fecha_de_publicacion":"01\/01\/2019","novedad":"1","paginas":"281","subtitulo":"","orden":"0","portada":"0","idioma":"spa"},"aioseo_notices":[],"_links":{"self":[{"href":"https:\/\/www.claret.cat\/es\/wp-json\/wp\/v2\/product\/143676","targetHints":{"allow":["GET"]}}],"collection":[{"href":"https:\/\/www.claret.cat\/es\/wp-json\/wp\/v2\/product"}],"about":[{"href":"https:\/\/www.claret.cat\/es\/wp-json\/wp\/v2\/types\/product"}],"wp:featuredmedia":[{"embeddable":true,"href":"https:\/\/www.claret.cat\/es\/wp-json\/wp\/v2\/media\/143677"}],"wp:attachment":[{"href":"https:\/\/www.claret.cat\/es\/wp-json\/wp\/v2\/media?parent=143676"}],"wp:term":[{"taxonomy":"product_brand","embeddable":true,"href":"https:\/\/www.claret.cat\/es\/wp-json\/wp\/v2\/product_brand?post=143676"},{"taxonomy":"product_cat","embeddable":true,"href":"https:\/\/www.claret.cat\/es\/wp-json\/wp\/v2\/product_cat?post=143676"},{"taxonomy":"product_tag","embeddable":true,"href":"https:\/\/www.claret.cat\/es\/wp-json\/wp\/v2\/product_tag?post=143676"}],"curies":[{"name":"wp","href":"https:\/\/api.w.org\/{rel}","templated":true}]}}