{"id":143679,"date":"2022-10-13T13:49:14","date_gmt":"2022-10-13T11:49:14","guid":{"rendered":"http:\/\/dev.claret.cat\/producte\/serotonina-2\/"},"modified":"2023-01-28T00:54:33","modified_gmt":"2023-01-27T23:54:33","slug":"serotonina-9788433915658","status":"publish","type":"product","link":"https:\/\/www.claret.cat\/es\/libro\/serotonina-9788433915658\/","title":{"rendered":"SEROTONINA"},"content":{"rendered":"<p>Florent-Claude Labrouste t\u00e9 quaranta-sis anys, detes-ta el seu nom i es medica amb Captorix, un antide-pressiu que t\u00e9 tres efectes adversos: n\u00e0usees, desapa-rici\u00f3 de la libido i impot\u00e8ncia. El seu trajecte comen\u00e7a a Almeria, continua als carrers de Par\u00eds i despr\u00e9s a Normandia, on els agricultors estan en peu de guerra. Fran\u00e7a s?ensorra, la Uni\u00f3 Europea s?ensorra. La vida sense rumb d?en Florent-Claude s?ensorra. L?amor \u00e9s una entel\u00e8quia. El sexe, una cat\u00e0strofe. La cultura no \u00e9s cap taula de salvaci\u00f3.<br \/> En Florent-Claude descobreix uns v\u00eddeos porno-gr\u00e0? cs en qu\u00e8 apareix la seva companya japonesa, deixa la feina i se?n va a viure en un hotel. Vagareja per la ciutat, visita bars, restaurants i supermercats. Filosofa i malparla. Tamb\u00e9 repassa les seves rela-cions amoroses, marcades sempre pel desastre, en alguns casos c\u00f2mic i en d?altres pat\u00e8tic. Es retroba amb un vell amic que semblava que duia una vida perfecta, per\u00f2 la dona l?abandona per un pianista angl\u00e8s i s?end\u00fa les dues ? lles amb ella. I aquest amic li ensenya a fer servir un fusell&#8230;<br \/> L\u00facid i nihilista, Michel Houellebecq construeix un personatge i narrador desarrelat, obsessiu i auto-destructiu, que escruta la seva vida i el m\u00f3n que l?en-volta amb un humor aspre i una virul\u00e8ncia pu nyent. Serotonina demostra que continua sent un cronista despietat de la decad\u00e8ncia d?Occident, un escriptor ind\u00f2mit, inc\u00f2mode i imprescindible.<\/p>\n","protected":false},"excerpt":{"rendered":"<p>HOUELLEBECQ, MICHEL<\/p>\n","protected":false},"featured_media":143680,"template":"","meta":{"_acf_changed":false,"om_disable_all_campaigns":false,"rs_blank_template":"","rs_page_bg_color":"","slide_template_v7":"","inline_featured_image":false,"_monsterinsights_skip_tracking":false,"_monsterinsights_sitenote_active":false,"_monsterinsights_sitenote_note":"","_monsterinsights_sitenote_category":0},"product_brand":[],"product_cat":[16],"product_tag":[],"class_list":{"0":"post-143679","1":"product","2":"type-product","3":"status-publish","4":"has-post-thumbnail","6":"product_cat-sense-categoria","8":"first","9":"instock","10":"taxable","11":"shipping-taxable","12":"purchasable","13":"product-type-simple"},"acf":{"editorial":[{"ID":6219,"post_author":"3","post_date":"2022-07-28 17:47:26","post_date_gmt":"2022-07-28 15:47:26","post_content":"","post_title":"Editorial Anagrama S.A.","post_excerpt":"","post_status":"publish","comment_status":"closed","ping_status":"closed","post_password":"","post_name":"editorial-anagrama-s-a","to_ping":"","pinged":"","post_modified":"2022-07-28 17:47:26","post_modified_gmt":"2022-07-28 15:47:26","post_content_filtered":"","post_parent":0,"guid":"http:\/\/dev.claret.cat\/editorial\/editorial-anagrama-s-a\/","menu_order":0,"post_type":"editorial","post_mime_type":"","comment_count":"0","filter":"raw"}],"autores-libros":[{"ID":5845,"post_author":"3","post_date":"2022-07-28 17:32:43","post_date_gmt":"2022-07-28 15:32:43","post_content":"","post_title":"MICHEL HOUELLEBECQ","post_excerpt":"","post_status":"publish","comment_status":"closed","ping_status":"closed","post_password":"","post_name":"michel-houellebecq","to_ping":"","pinged":"","post_modified":"2022-07-28 17:32:43","post_modified_gmt":"2022-07-28 15:32:43","post_content_filtered":"","post_parent":0,"guid":"http:\/\/dev.claret.cat\/autor\/michel-houellebecq\/","menu_order":0,"post_type":"autor","post_mime_type":"","comment_count":"0","filter":"raw"}],"autor":"HOUELLEBECQ, MICHEL","codart":"843391565","libros-coleccion":"Llibres Anagrama","ediciones":"1","encuadernacion":"R\u00fastica","fecha_de_publicacion":"01\/01\/2019","novedad":"1","paginas":"285","subtitulo":"","orden":"0","portada":"0","idioma":"car"},"aioseo_notices":[],"_links":{"self":[{"href":"https:\/\/www.claret.cat\/es\/wp-json\/wp\/v2\/product\/143679","targetHints":{"allow":["GET"]}}],"collection":[{"href":"https:\/\/www.claret.cat\/es\/wp-json\/wp\/v2\/product"}],"about":[{"href":"https:\/\/www.claret.cat\/es\/wp-json\/wp\/v2\/types\/product"}],"wp:featuredmedia":[{"embeddable":true,"href":"https:\/\/www.claret.cat\/es\/wp-json\/wp\/v2\/media\/143680"}],"wp:attachment":[{"href":"https:\/\/www.claret.cat\/es\/wp-json\/wp\/v2\/media?parent=143679"}],"wp:term":[{"taxonomy":"product_brand","embeddable":true,"href":"https:\/\/www.claret.cat\/es\/wp-json\/wp\/v2\/product_brand?post=143679"},{"taxonomy":"product_cat","embeddable":true,"href":"https:\/\/www.claret.cat\/es\/wp-json\/wp\/v2\/product_cat?post=143679"},{"taxonomy":"product_tag","embeddable":true,"href":"https:\/\/www.claret.cat\/es\/wp-json\/wp\/v2\/product_tag?post=143679"}],"curies":[{"name":"wp","href":"https:\/\/api.w.org\/{rel}","templated":true}]}}