{"id":143715,"date":"2022-10-13T13:49:43","date_gmt":"2022-10-13T11:49:43","guid":{"rendered":"http:\/\/dev.claret.cat\/producte\/lo-ultimo-desde-los-ultimos\/"},"modified":"2026-04-01T09:12:09","modified_gmt":"2026-04-01T07:12:09","slug":"lo-ultimo-desde-los-ultimos-9788429327922","status":"publish","type":"product","link":"https:\/\/www.claret.cat\/es\/libro\/lo-ultimo-desde-los-ultimos-9788429327922\/","title":{"rendered":"LO \u00daLTIMO DESDE LOS \u00daLTIMOS"},"content":{"rendered":"<p>Este libro quiere abordar los temas cl\u00e1sicos de la escatolog\u00eda cristiana (muerte, juicio, resurrecci\u00f3n, cielo, infierno y purgatorio) desde la perspectiva de los \u00ab\u00faltimos\u00bb; es decir, desde la perspectiva de los marginados, los excluidos y las v\u00edctimas.<br \/>Respetando el misterio y reconociendo lo inapropiado de todo lenguaje humano sobre el \u00abm\u00e1s all\u00e1\u00bb, esta obra proclama la esperanza que anima a todos aquellos hombres y mujeres que unen su destino al de Jesucristo y, en \u00e9l y con \u00e9l, al de los \u00faltimos de la tierra.<\/p>\n","protected":false},"excerpt":{"rendered":"<p>Este libro quiere abordar los temas cl\u00e1sicos de la escatolog\u00eda cristiana (muerte, juicio, resurrecci\u00f3n, cielo, infierno y purgatorio) desde la perspectiva de los \u00ab\u00faltimos\u00bb; es decir, desde la perspectiva de los marginados, los excluidos y las v\u00edctimas.Respetando el misterio y reconociendo lo inapropiado de todo lenguaje humano sobre el \u00abm\u00e1s all\u00e1\u00bb, esta obra proclama la [&hellip;]<\/p>\n","protected":false},"featured_media":340655,"template":"","meta":{"_acf_changed":false,"om_disable_all_campaigns":false,"rs_blank_template":"","rs_page_bg_color":"","slide_template_v7":"","inline_featured_image":false,"_monsterinsights_skip_tracking":false,"_monsterinsights_sitenote_active":false,"_monsterinsights_sitenote_note":"","_monsterinsights_sitenote_category":0},"product_brand":[],"product_cat":[543,93,76,342],"product_tag":[],"class_list":{"0":"post-143715","1":"product","2":"type-product","3":"status-publish","4":"has-post-thumbnail","6":"product_cat-eclesiologia-es","7":"product_cat-eclesiologia","8":"product_cat-teologia","9":"product_cat-teologia-1_espiritualidad","11":"first","12":"instock","13":"taxable","14":"shipping-taxable","15":"purchasable","16":"product-type-simple"},"acf":{"editorial":[{"ID":6351,"post_author":"3","post_date":"2022-07-28 17:50:19","post_date_gmt":"2022-07-28 15:50:19","post_content":"","post_title":"Sal Terrae","post_excerpt":"","post_status":"publish","comment_status":"closed","ping_status":"closed","post_password":"","post_name":"sal-terrae","to_ping":"","pinged":"","post_modified":"2022-07-28 17:50:19","post_modified_gmt":"2022-07-28 15:50:19","post_content_filtered":"","post_parent":0,"guid":"http:\/\/dev.claret.cat\/editorial\/sal-terrae\/","menu_order":0,"post_type":"editorial","post_mime_type":"","comment_count":"0","filter":"raw"}],"autor":"GIM\u00c9NEZ, JOSEP","codart":"842932792","libros-coleccion":"PRESENCIA TEOL\u00d3GICA","ediciones":"1","encuadernacion":"R\u00fastica","fecha_de_publicacion":"01\/12\/2018","novedad":"1","paginas":"390","subtitulo":"ESBOZO DE ESPERANZA Y ESCATOLOG\u00cdA CRISTIANAS","orden":"0","portada":"0","idioma":"spa","autores-libros":[{"ID":160673,"post_author":"3","post_date":"2022-10-14 15:54:58","post_date_gmt":"2022-10-14 13:54:58","post_content":"","post_title":"JOSEP G\u00cdMENEZ","post_excerpt":"","post_status":"publish","comment_status":"closed","ping_status":"closed","post_password":"","post_name":"josep-gimenez","to_ping":"","pinged":"","post_modified":"2022-10-14 15:54:58","post_modified_gmt":"2022-10-14 13:54:58","post_content_filtered":"","post_parent":0,"guid":"http:\/\/dev.claret.cat\/autor\/josep-gimenez\/","menu_order":0,"post_type":"autor","post_mime_type":"","comment_count":"0","filter":"raw"}],"booktrailer":"","resenas":""},"aioseo_notices":[],"_links":{"self":[{"href":"https:\/\/www.claret.cat\/es\/wp-json\/wp\/v2\/product\/143715","targetHints":{"allow":["GET"]}}],"collection":[{"href":"https:\/\/www.claret.cat\/es\/wp-json\/wp\/v2\/product"}],"about":[{"href":"https:\/\/www.claret.cat\/es\/wp-json\/wp\/v2\/types\/product"}],"wp:featuredmedia":[{"embeddable":true,"href":"https:\/\/www.claret.cat\/es\/wp-json\/wp\/v2\/media\/340655"}],"wp:attachment":[{"href":"https:\/\/www.claret.cat\/es\/wp-json\/wp\/v2\/media?parent=143715"}],"wp:term":[{"taxonomy":"product_brand","embeddable":true,"href":"https:\/\/www.claret.cat\/es\/wp-json\/wp\/v2\/product_brand?post=143715"},{"taxonomy":"product_cat","embeddable":true,"href":"https:\/\/www.claret.cat\/es\/wp-json\/wp\/v2\/product_cat?post=143715"},{"taxonomy":"product_tag","embeddable":true,"href":"https:\/\/www.claret.cat\/es\/wp-json\/wp\/v2\/product_tag?post=143715"}],"curies":[{"name":"wp","href":"https:\/\/api.w.org\/{rel}","templated":true}]}}