{"id":14374,"date":"2022-10-01T22:50:49","date_gmt":"2022-10-01T20:50:49","guid":{"rendered":"http:\/\/dev.claret.cat\/producte\/madrid-7\/"},"modified":"2023-01-28T07:45:44","modified_gmt":"2023-01-28T06:45:44","slug":"madrid-7-9788408199199","status":"publish","type":"product","link":"https:\/\/www.claret.cat\/es\/libro\/madrid-7-9788408199199\/","title":{"rendered":"MADRID 7"},"content":{"rendered":"<p>Con un crisol arquitect\u00f3nico fant\u00e1stico que atesora desde a\u00f1ejas mansiones al dise\u00f1o vanguardista m\u00e1s contempor\u00e1neo, y una oferta art\u00edstica y cultural apabullante, Madrid es una ciudad llena de energ\u00eda que no deja a nadie indiferente. Un destino ideal para los que desean empaparse de cultura, pero tambi\u00e9n para los que aman la fiesta, pues la noche madrile\u00f1a es otro de sus puntos fuertes y la oferta de bares y locales nocturnos parece no tener fin. Y la guinda del pastel es una gastronom\u00eda innovadora, pero al mismo tiempo respetuosa con la tradici\u00f3n, que har\u00e1 las delicias de cualquier visitante. Con esta gu\u00eda exhaustiva y actualizada, cualquier visita a Madrid ser\u00e1 un \u00e9xito asegurado.<\/p>\n","protected":false},"excerpt":{"rendered":"<p>HAM, ANTHONY \/ QUINTERO, JOSEPHINE<\/p>\n","protected":false},"featured_media":274461,"template":"","meta":{"_acf_changed":false,"om_disable_all_campaigns":false,"rs_blank_template":"","rs_page_bg_color":"","slide_template_v7":"","inline_featured_image":false,"_monsterinsights_skip_tracking":false,"_monsterinsights_sitenote_active":false,"_monsterinsights_sitenote_note":"","_monsterinsights_sitenote_category":0},"product_brand":[],"product_cat":[90,540],"product_tag":[],"class_list":{"0":"post-14374","1":"product","2":"type-product","3":"status-publish","4":"has-post-thumbnail","6":"product_cat-altres","7":"product_cat-otros","9":"first","10":"instock","11":"taxable","12":"shipping-taxable","13":"purchasable","14":"product-type-simple"},"acf":{"autor":"HAM, ANTHONY \/ QUINTERO, JOSEPHINE","codart":"840819919","libros-coleccion":"Lonely Planet","ediciones":"1","encuadernacion":"R\u00fastica","fecha_de_publicacion":"01\/05\/2019","novedad":"1","paginas":"246","subtitulo":"","orden":"0","portada":"0","idioma":"spa","editorial":[{"ID":6233,"post_author":"3","post_date":"2022-07-28 17:47:48","post_date_gmt":"2022-07-28 15:47:48","post_content":"","post_title":"EDITORIAL PLANETA","post_excerpt":"","post_status":"publish","comment_status":"closed","ping_status":"closed","post_password":"","post_name":"editorial-planeta","to_ping":"","pinged":"","post_modified":"2022-07-28 17:47:48","post_modified_gmt":"2022-07-28 15:47:48","post_content_filtered":"","post_parent":0,"guid":"http:\/\/dev.claret.cat\/editorial\/editorial-planeta\/","menu_order":0,"post_type":"editorial","post_mime_type":"","comment_count":"0","filter":"raw"}],"autores-libros":[{"ID":160878,"post_author":"3","post_date":"2022-10-14 15:56:36","post_date_gmt":"2022-10-14 13:56:36","post_content":"","post_title":"JOSEPHINE QUINTERO","post_excerpt":"","post_status":"publish","comment_status":"closed","ping_status":"closed","post_password":"","post_name":"josephine-quintero","to_ping":"","pinged":"","post_modified":"2022-10-14 15:56:36","post_modified_gmt":"2022-10-14 13:56:36","post_content_filtered":"","post_parent":0,"guid":"http:\/\/dev.claret.cat\/autor\/josephine-quintero\/","menu_order":0,"post_type":"autor","post_mime_type":"","comment_count":"0","filter":"raw"},{"ID":150770,"post_author":"3","post_date":"2022-10-14 14:35:36","post_date_gmt":"2022-10-14 12:35:36","post_content":"","post_title":"ANTHONY HAM","post_excerpt":"","post_status":"publish","comment_status":"closed","ping_status":"closed","post_password":"","post_name":"anthony-ham","to_ping":"","pinged":"","post_modified":"2022-10-14 14:35:36","post_modified_gmt":"2022-10-14 12:35:36","post_content_filtered":"","post_parent":0,"guid":"http:\/\/dev.claret.cat\/autor\/anthony-ham\/","menu_order":0,"post_type":"autor","post_mime_type":"","comment_count":"0","filter":"raw"}]},"aioseo_notices":[],"_links":{"self":[{"href":"https:\/\/www.claret.cat\/es\/wp-json\/wp\/v2\/product\/14374","targetHints":{"allow":["GET"]}}],"collection":[{"href":"https:\/\/www.claret.cat\/es\/wp-json\/wp\/v2\/product"}],"about":[{"href":"https:\/\/www.claret.cat\/es\/wp-json\/wp\/v2\/types\/product"}],"wp:featuredmedia":[{"embeddable":true,"href":"https:\/\/www.claret.cat\/es\/wp-json\/wp\/v2\/media\/274461"}],"wp:attachment":[{"href":"https:\/\/www.claret.cat\/es\/wp-json\/wp\/v2\/media?parent=14374"}],"wp:term":[{"taxonomy":"product_brand","embeddable":true,"href":"https:\/\/www.claret.cat\/es\/wp-json\/wp\/v2\/product_brand?post=14374"},{"taxonomy":"product_cat","embeddable":true,"href":"https:\/\/www.claret.cat\/es\/wp-json\/wp\/v2\/product_cat?post=14374"},{"taxonomy":"product_tag","embeddable":true,"href":"https:\/\/www.claret.cat\/es\/wp-json\/wp\/v2\/product_tag?post=14374"}],"curies":[{"name":"wp","href":"https:\/\/api.w.org\/{rel}","templated":true}]}}