{"id":143877,"date":"2022-10-13T13:51:52","date_gmt":"2022-10-13T11:51:52","guid":{"rendered":"http:\/\/dev.claret.cat\/producte\/pack-biblia-concordancias-pastorales-de-la-biblia\/"},"modified":"2024-05-02T06:01:50","modified_gmt":"2024-05-02T04:01:50","slug":"pack-biblia-concordancias-pastorales-de-la-biblia-9788428833394","status":"publish","type":"product","link":"https:\/\/www.claret.cat\/es\/libro\/pack-biblia-concordancias-pastorales-de-la-biblia-9788428833394\/","title":{"rendered":"PACK BIBLIA + CONCORDANCIAS PASTORALES DE LA BIBLIA"},"content":{"rendered":"<p>El pack contiene los siguientes libros: Concordancias pastorales de la Biblia: presentadas por bloques tem\u00e1ticos y por Libros, dirigidas a un p\u00fablico amplio no especialista con un tono pastoral que sirve de herramienta para todos los \u00e1mbitos de la pastoral: clases, conferencias, catequesis, homil\u00edas&#8230;etc.; y La Biblia del Buen Pastor, con el texto de La Casa de la Biblia.<\/p>\n","protected":false},"excerpt":{"rendered":"<p>FRAILE Y\u00c9CORA, PEDRO \/ LA CASA DE LA BIBLIA,<\/p>\n","protected":false},"featured_media":337873,"template":"","meta":{"_acf_changed":false,"om_disable_all_campaigns":false,"rs_blank_template":"","rs_page_bg_color":"","slide_template_v7":"","inline_featured_image":false,"_monsterinsights_skip_tracking":false,"_monsterinsights_sitenote_active":false,"_monsterinsights_sitenote_note":"","_monsterinsights_sitenote_category":0},"product_brand":[],"product_cat":[75,341],"product_tag":[],"class_list":{"0":"post-143877","1":"product","2":"type-product","3":"status-publish","4":"has-post-thumbnail","6":"product_cat-biblia","7":"product_cat-biblia-es","9":"first","10":"instock","11":"taxable","12":"shipping-taxable","13":"purchasable","14":"product-type-simple"},"acf":{"autores-libros":[{"ID":5930,"post_author":"3","post_date":"2022-07-28 17:34:32","post_date_gmt":"2022-07-28 15:34:32","post_content":"","post_title":"PEDRO FRAILE Y\u00c9CORA","post_excerpt":"","post_status":"publish","comment_status":"closed","ping_status":"closed","post_password":"","post_name":"pedro-fraile-yecora","to_ping":"","pinged":"","post_modified":"2022-07-28 17:34:32","post_modified_gmt":"2022-07-28 15:34:32","post_content_filtered":"","post_parent":0,"guid":"http:\/\/dev.claret.cat\/autor\/pedro-fraile-yecora\/","menu_order":0,"post_type":"autor","post_mime_type":"","comment_count":"0","filter":"raw"},{"ID":161793,"post_author":"3","post_date":"2022-10-14 17:21:04","post_date_gmt":"2022-10-14 15:21:04","post_content":"","post_title":"LA CASA DE LA BIBLIA","post_excerpt":"","post_status":"publish","comment_status":"closed","ping_status":"closed","post_password":"","post_name":"la-casa-de-la-biblia","to_ping":"","pinged":"","post_modified":"2022-10-14 17:21:04","post_modified_gmt":"2022-10-14 15:21:04","post_content_filtered":"","post_parent":0,"guid":"http:\/\/dev.claret.cat\/autor\/la-casa-de-la-biblia\/","menu_order":0,"post_type":"autor","post_mime_type":"","comment_count":"0","filter":"raw"}],"autor":"FRAILE Y\u00c9CORA, PEDRO \/ LA CASA DE LA BIBLIA,","codart":"842883339","libros-coleccion":"","ediciones":"1","encuadernacion":"Carpeta","fecha_de_publicacion":"01\/12\/2018","novedad":"1","paginas":"1","subtitulo":"","orden":"0","portada":"0","idioma":"spa","editorial":[{"ID":148692,"post_author":"3","post_date":"2022-10-14 12:00:14","post_date_gmt":"2022-10-14 10:00:14","post_content":"","post_title":"PPC EDITORIAL","post_excerpt":"","post_status":"publish","comment_status":"closed","ping_status":"closed","post_password":"","post_name":"ppc-editorial","to_ping":"","pinged":"","post_modified":"2022-10-14 12:00:14","post_modified_gmt":"2022-10-14 10:00:14","post_content_filtered":"","post_parent":0,"guid":"http:\/\/dev.claret.cat\/editorial\/ppc-editorial\/","menu_order":0,"post_type":"editorial","post_mime_type":"","comment_count":"0","filter":"raw"}]},"aioseo_notices":[],"_links":{"self":[{"href":"https:\/\/www.claret.cat\/es\/wp-json\/wp\/v2\/product\/143877","targetHints":{"allow":["GET"]}}],"collection":[{"href":"https:\/\/www.claret.cat\/es\/wp-json\/wp\/v2\/product"}],"about":[{"href":"https:\/\/www.claret.cat\/es\/wp-json\/wp\/v2\/types\/product"}],"wp:featuredmedia":[{"embeddable":true,"href":"https:\/\/www.claret.cat\/es\/wp-json\/wp\/v2\/media\/337873"}],"wp:attachment":[{"href":"https:\/\/www.claret.cat\/es\/wp-json\/wp\/v2\/media?parent=143877"}],"wp:term":[{"taxonomy":"product_brand","embeddable":true,"href":"https:\/\/www.claret.cat\/es\/wp-json\/wp\/v2\/product_brand?post=143877"},{"taxonomy":"product_cat","embeddable":true,"href":"https:\/\/www.claret.cat\/es\/wp-json\/wp\/v2\/product_cat?post=143877"},{"taxonomy":"product_tag","embeddable":true,"href":"https:\/\/www.claret.cat\/es\/wp-json\/wp\/v2\/product_tag?post=143877"}],"curies":[{"name":"wp","href":"https:\/\/api.w.org\/{rel}","templated":true}]}}