{"id":143907,"date":"2022-10-13T13:52:15","date_gmt":"2022-10-13T11:52:15","guid":{"rendered":"http:\/\/dev.claret.cat\/producte\/itinerario-para-orantes\/"},"modified":"2024-05-23T08:38:43","modified_gmt":"2024-05-23T06:38:43","slug":"itinerario-para-orantes-9788483539255","status":"publish","type":"product","link":"https:\/\/www.claret.cat\/es\/libro\/itinerario-para-orantes-9788483539255\/","title":{"rendered":"ITINERARIO PARA ORANTES"},"content":{"rendered":"<p>Esta semana queremos destacar la nueva obra de Carmelo Hern\u00e1ndez de Editorial Monte Carmelo, titulada \u201cItinerario para orantes\u201d dentro de la Colecci\u00f3n Amigos de Orar \u2013 La Otra Mirada.<br \/>\u00bfEs posible rezar en este mundo tan secularista, que en muchos aspectos quiere inclusive \u201cborrar\u201d la presencia de Dios? \u00bfDe verdad cuando nos ponemos a orar nos encontramos con Dios? \u00bfLa oraci\u00f3n es necesaria, me ayuda a sostenerme en la actividad que realizo? Hay muchos interrogantes en las personas que oran o quisieran orar, pero quiz\u00e1 no encuentran el modo, un camino, un impulso para hacerlo. Este libro quiere ser ese est\u00edmulo para que entres en la aventura de la oraci\u00f3n contemplativa. Es como un mapa que te se\u00f1ala por d\u00f3nde y c\u00f3mo puedes ir. Esta segunda edici\u00f3n es una nueva reestructuraci\u00f3n y reelaboraci\u00f3n de la primera, con lo que se ha conseguido un texto m\u00e1s homog\u00e9neo, m\u00e1s fluido y ordenado. Ahora te toca a ti lanzarte a vivir esta experiencia del encuentro con Dios.<\/p>\n","protected":false},"excerpt":{"rendered":"<p>HERN\u00c1NDEZ GALLO, MARIO CARMELO, OCD<\/p>\n","protected":false},"featured_media":357892,"template":"","meta":{"_acf_changed":false,"om_disable_all_campaigns":false,"rs_blank_template":"","rs_page_bg_color":"","slide_template_v7":"","inline_featured_image":false,"_monsterinsights_skip_tracking":false,"_monsterinsights_sitenote_active":false,"_monsterinsights_sitenote_note":"","_monsterinsights_sitenote_category":0},"product_brand":[],"product_cat":[345,79],"product_tag":[],"class_list":{"0":"post-143907","1":"product","2":"type-product","3":"status-publish","4":"has-post-thumbnail","6":"product_cat-espiritualidad","7":"product_cat-espiritualitat","9":"first","10":"instock","11":"taxable","12":"shipping-taxable","13":"purchasable","14":"product-type-simple"},"acf":{"editorial":[{"ID":6309,"post_author":"3","post_date":"2022-07-28 17:49:25","post_date_gmt":"2022-07-28 15:49:25","post_content":"","post_title":"Monte Carmelo","post_excerpt":"","post_status":"publish","comment_status":"closed","ping_status":"closed","post_password":"","post_name":"monte-carmelo","to_ping":"","pinged":"","post_modified":"2022-07-28 17:49:25","post_modified_gmt":"2022-07-28 15:49:25","post_content_filtered":"","post_parent":0,"guid":"http:\/\/dev.claret.cat\/editorial\/monte-carmelo\/","menu_order":0,"post_type":"editorial","post_mime_type":"","comment_count":"0","filter":"raw"}],"autor":"HERN\u00c1NDEZ GALLO, MARIO CARMELO, OCD","codart":"848353925","libros-coleccion":"","ediciones":"2","encuadernacion":"R\u00fastica","fecha_de_publicacion":"17\/12\/2018","novedad":"1","paginas":"192","subtitulo":"","orden":"0","portada":"0","idioma":"spa","autores-libros":[{"ID":163966,"post_author":"3","post_date":"2022-10-14 17:43:17","post_date_gmt":"2022-10-14 15:43:17","post_content":"","post_title":"MARIO CARMELO HERN\u00c1NDEZ GALLO","post_excerpt":"","post_status":"publish","comment_status":"closed","ping_status":"closed","post_password":"","post_name":"mario-carmelo-hernandez-gallo","to_ping":"","pinged":"","post_modified":"2022-10-14 17:43:17","post_modified_gmt":"2022-10-14 15:43:17","post_content_filtered":"","post_parent":0,"guid":"http:\/\/dev.claret.cat\/autor\/mario-carmelo-hernandez-gallo\/","menu_order":0,"post_type":"autor","post_mime_type":"","comment_count":"0","filter":"raw"}]},"aioseo_notices":[],"_links":{"self":[{"href":"https:\/\/www.claret.cat\/es\/wp-json\/wp\/v2\/product\/143907","targetHints":{"allow":["GET"]}}],"collection":[{"href":"https:\/\/www.claret.cat\/es\/wp-json\/wp\/v2\/product"}],"about":[{"href":"https:\/\/www.claret.cat\/es\/wp-json\/wp\/v2\/types\/product"}],"wp:featuredmedia":[{"embeddable":true,"href":"https:\/\/www.claret.cat\/es\/wp-json\/wp\/v2\/media\/357892"}],"wp:attachment":[{"href":"https:\/\/www.claret.cat\/es\/wp-json\/wp\/v2\/media?parent=143907"}],"wp:term":[{"taxonomy":"product_brand","embeddable":true,"href":"https:\/\/www.claret.cat\/es\/wp-json\/wp\/v2\/product_brand?post=143907"},{"taxonomy":"product_cat","embeddable":true,"href":"https:\/\/www.claret.cat\/es\/wp-json\/wp\/v2\/product_cat?post=143907"},{"taxonomy":"product_tag","embeddable":true,"href":"https:\/\/www.claret.cat\/es\/wp-json\/wp\/v2\/product_tag?post=143907"}],"curies":[{"name":"wp","href":"https:\/\/api.w.org\/{rel}","templated":true}]}}