{"id":143916,"date":"2022-10-13T13:52:22","date_gmt":"2022-10-13T11:52:22","guid":{"rendered":"http:\/\/dev.claret.cat\/producte\/amigos-de-dios-formato-pequeno\/"},"modified":"2024-05-24T05:51:35","modified_gmt":"2024-05-24T03:51:35","slug":"amigos-de-dios-formato-pequeno-9788432135606","status":"publish","type":"product","link":"https:\/\/www.claret.cat\/es\/libro\/amigos-de-dios-formato-pequeno-9788432135606\/","title":{"rendered":"AMIGOS DE DIOS &#8211; FORMATO PEQUE\u00d1O"},"content":{"rendered":"<p>Recopilaci\u00f3n de 18 meditaciones escogidas entre la abundante predicaci\u00f3n de san Josemar\u00eda Escriv\u00e1, gran parte de la cual todav\u00eda permanece in\u00e9dita, y que se a\u00f1aden a las incluidas en Es Cristo que pasa. En palabras de Alvaro del Portillo, su sucesor al frente del Opus Dei, este libro es &#8216;una catequesis de doctrina y de vida cristiana donde, a la vez que se habla de Dios se habla con Dios&#8217;. Su contenido gira en torno a las virtudes teologales y humanas, y a otros motivos centrales de la vida espiritual, como la oraci\u00f3n o el apostolado.<br \/>El libro termina con la meditaci\u00f3n titulada Hacia la santidad, que el propio autor calific\u00f3 con frecuencia como &#8216;falsilla de la vida interior&#8217;, ya que es un inspirado resumen de todo el camino espiritual que el cristiano recorre en su marcha hacia Dios.<br \/>La primera edici\u00f3n en castellano apareci\u00f3 en 1977, con car\u00e1cter p\u00f3stumo. Se han publicado numerosas ediciones en las principales lenguas.<\/p>\n","protected":false},"excerpt":{"rendered":"<p>ESCRIV\u00c1 DE BALAGUER, JOSEMAR\u00cdA<\/p>\n","protected":false},"featured_media":342898,"template":"","meta":{"_acf_changed":false,"om_disable_all_campaigns":false,"rs_blank_template":"","rs_page_bg_color":"","slide_template_v7":"","inline_featured_image":false,"_monsterinsights_skip_tracking":false,"_monsterinsights_sitenote_active":false,"_monsterinsights_sitenote_note":"","_monsterinsights_sitenote_category":0},"product_brand":[],"product_cat":[90,540],"product_tag":[],"class_list":{"0":"post-143916","1":"product","2":"type-product","3":"status-publish","4":"has-post-thumbnail","6":"product_cat-altres","7":"product_cat-otros","9":"first","10":"outofstock","11":"taxable","12":"shipping-taxable","13":"purchasable","14":"product-type-simple"},"acf":{"editorial":[{"ID":6348,"post_author":"3","post_date":"2022-07-28 17:50:16","post_date_gmt":"2022-07-28 15:50:16","post_content":"","post_title":"Rialp","post_excerpt":"","post_status":"publish","comment_status":"closed","ping_status":"closed","post_password":"","post_name":"rialp","to_ping":"","pinged":"","post_modified":"2022-07-28 17:50:16","post_modified_gmt":"2022-07-28 15:50:16","post_content_filtered":"","post_parent":0,"guid":"http:\/\/dev.claret.cat\/editorial\/rialp\/","menu_order":0,"post_type":"editorial","post_mime_type":"","comment_count":"0","filter":"raw"}],"autor":"ESCRIV\u00c1 DE BALAGUER, JOSEMAR\u00cdA","codart":"843213560","libros-coleccion":"","ediciones":"1","encuadernacion":"Carton\u00e9","fecha_de_publicacion":"17\/12\/2018","novedad":"1","paginas":"462","subtitulo":"","orden":"0","portada":"0","idioma":"spa","autores-libros":[{"ID":160616,"post_author":"3","post_date":"2022-10-14 15:54:31","post_date_gmt":"2022-10-14 13:54:31","post_content":"","post_title":"JOSEMARIA ESCRIVA DE BALAGUER","post_excerpt":"","post_status":"publish","comment_status":"closed","ping_status":"closed","post_password":"","post_name":"josemaria-escriva-de-balaguer","to_ping":"","pinged":"","post_modified":"2022-10-14 15:54:31","post_modified_gmt":"2022-10-14 13:54:31","post_content_filtered":"","post_parent":0,"guid":"http:\/\/dev.claret.cat\/autor\/josemaria-escriva-de-balaguer\/","menu_order":0,"post_type":"autor","post_mime_type":"","comment_count":"0","filter":"raw"}]},"aioseo_notices":[],"_links":{"self":[{"href":"https:\/\/www.claret.cat\/es\/wp-json\/wp\/v2\/product\/143916","targetHints":{"allow":["GET"]}}],"collection":[{"href":"https:\/\/www.claret.cat\/es\/wp-json\/wp\/v2\/product"}],"about":[{"href":"https:\/\/www.claret.cat\/es\/wp-json\/wp\/v2\/types\/product"}],"wp:featuredmedia":[{"embeddable":true,"href":"https:\/\/www.claret.cat\/es\/wp-json\/wp\/v2\/media\/342898"}],"wp:attachment":[{"href":"https:\/\/www.claret.cat\/es\/wp-json\/wp\/v2\/media?parent=143916"}],"wp:term":[{"taxonomy":"product_brand","embeddable":true,"href":"https:\/\/www.claret.cat\/es\/wp-json\/wp\/v2\/product_brand?post=143916"},{"taxonomy":"product_cat","embeddable":true,"href":"https:\/\/www.claret.cat\/es\/wp-json\/wp\/v2\/product_cat?post=143916"},{"taxonomy":"product_tag","embeddable":true,"href":"https:\/\/www.claret.cat\/es\/wp-json\/wp\/v2\/product_tag?post=143916"}],"curies":[{"name":"wp","href":"https:\/\/api.w.org\/{rel}","templated":true}]}}