{"id":143931,"date":"2022-10-13T13:52:34","date_gmt":"2022-10-13T11:52:34","guid":{"rendered":"http:\/\/dev.claret.cat\/producte\/arte-moderno-y-contemporaneo\/"},"modified":"2023-01-28T08:58:47","modified_gmt":"2023-01-28T07:58:47","slug":"arte-moderno-y-contemporaneo-9788417492335","status":"publish","type":"product","link":"https:\/\/www.claret.cat\/es\/libro\/arte-moderno-y-contemporaneo-9788417492335\/","title":{"rendered":"ARTE MODERNO Y CONTEMPOR\u00c1NEO"},"content":{"rendered":"<p>Las grandes obras de arte no pueden comprenderse con plenitud con solo verse una vez: para sacarle el m\u00e1ximo provecho al arte moderno y contempor\u00e1neo, vale la pena revisitarlo y reconsiderarlo, reflexionar y escudri\u00f1arlo en detalle. Comprender el contexto de las obras tambi\u00e9n resulta \u00fatil: qu\u00e9 ha sucedido antes de dichas obras, contra qu\u00e9 pueden estar reaccionando o qu\u00e9 pueden estar prolongando y c\u00f3mo se relacionan con las nuevas tecnolog\u00edas y con el pensamiento contempor\u00e1neo en lo tocante a temas tales como la pol\u00edtica, la sexualidad, la identidad y la funci\u00f3n del artista. Son 75 las obras de arte moderno y contempor\u00e1neo que aqu\u00ed se analizan, desde La iglesia de Auvers-sur-Oise, de Vincent van Gogh, y Las se\u00f1oritas de Avi\u00f1\u00f3n, de Pablo Picasso, hasta Tres estudios para una Crucifixi\u00f3n, de Francis Bacon, y Sin t\u00edtulo n.\u00ba 213, de Cindy Sherman. Abordando cada obra de arte como parte de una tradici\u00f3n que vincula la pieza m\u00e1s antigua con la m\u00e1s reciente, se traza en estas p\u00e1ginas el paso de la supremac\u00eda de la t\u00e9cnica art\u00edstica al dominio m\u00e1s reciente de la idea subyacente a la propia obra de arte. Se trata de una esclarecedora, entretenida y accesible gu\u00eda con la que adentrarse por una amplia variedad del arte moderno.<\/p>\n","protected":false},"excerpt":{"rendered":"<p>HODGE, SUSIE<\/p>\n","protected":false},"featured_media":143932,"template":"","meta":{"_acf_changed":false,"om_disable_all_campaigns":false,"rs_blank_template":"","rs_page_bg_color":"","slide_template_v7":"","inline_featured_image":false,"_monsterinsights_skip_tracking":false,"_monsterinsights_sitenote_active":false,"_monsterinsights_sitenote_note":"","_monsterinsights_sitenote_category":0},"product_brand":[],"product_cat":[16],"product_tag":[],"class_list":{"0":"post-143931","1":"product","2":"type-product","3":"status-publish","4":"has-post-thumbnail","6":"product_cat-sense-categoria","8":"first","9":"instock","10":"taxable","11":"shipping-taxable","12":"purchasable","13":"product-type-simple"},"acf":{"autor":"HODGE, SUSIE","codart":"841749233","libros-coleccion":"Arte","ediciones":"1","encuadernacion":"Carton\u00e9","fecha_de_publicacion":"01\/10\/2018","novedad":"1","paginas":"0","subtitulo":"75 OBRAS MAESTRAS EN DETALLE","orden":"0","portada":"0","idioma":"spa","editorial":[{"ID":147554,"post_author":"3","post_date":"2022-10-14 11:51:27","post_date_gmt":"2022-10-14 09:51:27","post_content":"","post_title":"BLUME (Naturart)","post_excerpt":"","post_status":"publish","comment_status":"closed","ping_status":"closed","post_password":"","post_name":"blume-naturart","to_ping":"","pinged":"","post_modified":"2022-10-14 11:51:27","post_modified_gmt":"2022-10-14 09:51:27","post_content_filtered":"","post_parent":0,"guid":"http:\/\/dev.claret.cat\/editorial\/blume-naturart\/","menu_order":0,"post_type":"editorial","post_mime_type":"","comment_count":"0","filter":"raw"}],"autores-libros":[{"ID":169996,"post_author":"3","post_date":"2022-10-14 22:31:42","post_date_gmt":"2022-10-14 20:31:42","post_content":"","post_title":"SUSIE HODGE","post_excerpt":"","post_status":"publish","comment_status":"closed","ping_status":"closed","post_password":"","post_name":"susie-hodge","to_ping":"","pinged":"","post_modified":"2022-10-14 22:31:42","post_modified_gmt":"2022-10-14 20:31:42","post_content_filtered":"","post_parent":0,"guid":"http:\/\/dev.claret.cat\/autor\/susie-hodge\/","menu_order":0,"post_type":"autor","post_mime_type":"","comment_count":"0","filter":"raw"}]},"aioseo_notices":[],"_links":{"self":[{"href":"https:\/\/www.claret.cat\/es\/wp-json\/wp\/v2\/product\/143931","targetHints":{"allow":["GET"]}}],"collection":[{"href":"https:\/\/www.claret.cat\/es\/wp-json\/wp\/v2\/product"}],"about":[{"href":"https:\/\/www.claret.cat\/es\/wp-json\/wp\/v2\/types\/product"}],"wp:featuredmedia":[{"embeddable":true,"href":"https:\/\/www.claret.cat\/es\/wp-json\/wp\/v2\/media\/143932"}],"wp:attachment":[{"href":"https:\/\/www.claret.cat\/es\/wp-json\/wp\/v2\/media?parent=143931"}],"wp:term":[{"taxonomy":"product_brand","embeddable":true,"href":"https:\/\/www.claret.cat\/es\/wp-json\/wp\/v2\/product_brand?post=143931"},{"taxonomy":"product_cat","embeddable":true,"href":"https:\/\/www.claret.cat\/es\/wp-json\/wp\/v2\/product_cat?post=143931"},{"taxonomy":"product_tag","embeddable":true,"href":"https:\/\/www.claret.cat\/es\/wp-json\/wp\/v2\/product_tag?post=143931"}],"curies":[{"name":"wp","href":"https:\/\/api.w.org\/{rel}","templated":true}]}}