{"id":143997,"date":"2022-10-13T13:53:24","date_gmt":"2022-10-13T11:53:24","guid":{"rendered":"http:\/\/dev.claret.cat\/producte\/violeta-i-el-tresor-amagat\/"},"modified":"2025-03-28T10:21:21","modified_gmt":"2025-03-28T09:21:21","slug":"violeta-i-el-tresor-amagat-9788417492182","status":"publish","type":"product","link":"https:\/\/www.claret.cat\/es\/libro\/violeta-i-el-tresor-amagat-9788417492182\/","title":{"rendered":"VIOLETA I EL TRESOR AMAGAT"},"content":{"rendered":"<p>La Violeta viu amb la seva mare, la Camila, que \u00e9s dissenyadora de joies, el seu pare, en Bonaventura, que \u00e9s arquitecte, i el seu gat P\u00fading. Quan els seus pares treballen, la Norma, la majordoma, es fa c\u00e0rrec d\u2019ella. Tamb\u00e9 t\u00e9 una padrina, la Celest, i un padr\u00ed, en Joan. Has de saber que hi ha dues coses en qu\u00e8 la Violeta t\u00e9 molta tra\u00e7a: enfi lar-se als arbres i jugar al p\u00f2quer, tot i que la seva mare no li deixa fer ni una cosa ni l\u2019altra. Viu en un pis, i a la part posterior de l\u2019edifi ci hi ha un jard\u00ed comunitari molt espai\u00f3s. Al jard\u00ed hi ha molts nens i nenes i es divideixen en tres grups: els napbufs, que s\u00f3n els que tenen menys de set anys; els mitjans, que tenen entre set i onze anys (la Violeta i gaireb\u00e9 tots els seus amics pertanyen a aquest grup), i els gan\u00e0pies, que s\u00f3n els grans.<\/p>\n<p>Les amigues especials de la Violeta que viuen a les cases que donen al jard\u00ed s\u00f3n la Rosa, la seva millor amiga, que tamb\u00e9 \u00e9s companya de classe, i una senyora exc\u00e8ntrica que es diu Did\u00ed Derota. La Violeta sempre est\u00e0 buscant noves aventures i, uns mesos abans que comenc\u00e9s aquesta hist\u00f2ria, va resoldre amb la Rosa el cas de la Perla d\u2019Orient.<\/p>\n","protected":false},"excerpt":{"rendered":"<p>WHITEHORN, HARRIET \/ MOOR, BECKA<\/p>\n","protected":false},"featured_media":1014897,"template":"","meta":{"_acf_changed":false,"om_disable_all_campaigns":false,"rs_blank_template":"","rs_page_bg_color":"","slide_template_v7":"","inline_featured_image":false,"_monsterinsights_skip_tracking":false,"_monsterinsights_sitenote_active":false,"_monsterinsights_sitenote_note":"","_monsterinsights_sitenote_category":0},"product_brand":[],"product_cat":[132,86,352,362],"product_tag":[],"class_list":{"0":"post-143997","1":"product","2":"type-product","3":"status-publish","4":"has-post-thumbnail","6":"product_cat-lectures-per-preadolescents-6-12-anys","7":"product_cat-infantil","8":"product_cat-infantil-3_infantil-juvenil-spa","9":"product_cat-libros-preadolescentes-6-12-anos","11":"first","12":"instock","13":"taxable","14":"shipping-taxable","15":"purchasable","16":"product-type-simple"},"acf":{"autor":"WHITEHORN, HARRIET \/ MOOR, BECKA","codart":"841749218","libros-coleccion":"","ediciones":"1","encuadernacion":"Carton\u00e9","fecha_de_publicacion":"01\/11\/2018","novedad":"1","paginas":"208","subtitulo":"","orden":"0","portada":"0","idioma":"cat","editorial":[{"ID":147554,"post_author":"3","post_date":"2022-10-14 11:51:27","post_date_gmt":"2022-10-14 09:51:27","post_content":"","post_title":"BLUME (Naturart)","post_excerpt":"","post_status":"publish","comment_status":"closed","ping_status":"closed","post_password":"","post_name":"blume-naturart","to_ping":"","pinged":"","post_modified":"2022-10-14 11:51:27","post_modified_gmt":"2022-10-14 09:51:27","post_content_filtered":"","post_parent":0,"guid":"http:\/\/dev.claret.cat\/editorial\/blume-naturart\/","menu_order":0,"post_type":"editorial","post_mime_type":"","comment_count":"0","filter":"raw"}],"autores-libros":[{"ID":157387,"post_author":"3","post_date":"2022-10-14 15:28:25","post_date_gmt":"2022-10-14 13:28:25","post_content":"","post_title":"HARRIET WHITEHORN","post_excerpt":"","post_status":"publish","comment_status":"closed","ping_status":"closed","post_password":"","post_name":"harriet-whitehorn","to_ping":"","pinged":"","post_modified":"2022-10-14 15:28:25","post_modified_gmt":"2022-10-14 13:28:25","post_content_filtered":"","post_parent":0,"guid":"http:\/\/dev.claret.cat\/autor\/harriet-whitehorn\/","menu_order":0,"post_type":"autor","post_mime_type":"","comment_count":"0","filter":"raw"},{"ID":151466,"post_author":"3","post_date":"2022-10-14 14:41:06","post_date_gmt":"2022-10-14 12:41:06","post_content":"","post_title":"BECKA MOOR","post_excerpt":"","post_status":"publish","comment_status":"closed","ping_status":"closed","post_password":"","post_name":"becka-moor","to_ping":"","pinged":"","post_modified":"2022-10-14 14:41:06","post_modified_gmt":"2022-10-14 12:41:06","post_content_filtered":"","post_parent":0,"guid":"http:\/\/dev.claret.cat\/autor\/becka-moor\/","menu_order":0,"post_type":"autor","post_mime_type":"","comment_count":"0","filter":"raw"}]},"aioseo_notices":[],"_links":{"self":[{"href":"https:\/\/www.claret.cat\/es\/wp-json\/wp\/v2\/product\/143997","targetHints":{"allow":["GET"]}}],"collection":[{"href":"https:\/\/www.claret.cat\/es\/wp-json\/wp\/v2\/product"}],"about":[{"href":"https:\/\/www.claret.cat\/es\/wp-json\/wp\/v2\/types\/product"}],"wp:featuredmedia":[{"embeddable":true,"href":"https:\/\/www.claret.cat\/es\/wp-json\/wp\/v2\/media\/1014897"}],"wp:attachment":[{"href":"https:\/\/www.claret.cat\/es\/wp-json\/wp\/v2\/media?parent=143997"}],"wp:term":[{"taxonomy":"product_brand","embeddable":true,"href":"https:\/\/www.claret.cat\/es\/wp-json\/wp\/v2\/product_brand?post=143997"},{"taxonomy":"product_cat","embeddable":true,"href":"https:\/\/www.claret.cat\/es\/wp-json\/wp\/v2\/product_cat?post=143997"},{"taxonomy":"product_tag","embeddable":true,"href":"https:\/\/www.claret.cat\/es\/wp-json\/wp\/v2\/product_tag?post=143997"}],"curies":[{"name":"wp","href":"https:\/\/api.w.org\/{rel}","templated":true}]}}