{"id":144000,"date":"2022-10-13T13:53:26","date_gmt":"2022-10-13T11:53:26","guid":{"rendered":"http:\/\/dev.claret.cat\/producte\/violeta-y-el-tesoro-escondido\/"},"modified":"2023-01-28T22:31:17","modified_gmt":"2023-01-28T21:31:17","slug":"violeta-y-el-tesoro-escondido-9788417492175","status":"publish","type":"product","link":"https:\/\/www.claret.cat\/es\/libro\/violeta-y-el-tesoro-escondido-9788417492175\/","title":{"rendered":"VIOLETA Y EL TESORO ESCONDIDO"},"content":{"rendered":"<p>Violeta vive con su madre, Camila, dise\u00f1adora de joyas, su padre, Benito, arquitecto, y su gato Pudin. Norma, el ama de llaves, es quien la cuida cuando sus padres est\u00e1n trabajando. Tambi\u00e9n tiene una madrina, Celeste, y un padrino, Juan. Debes<br \/> saber que hay dos cosas que se le dan de maravilla a Violeta: escalar \u00e1rboles y jugar al p\u00f3quer, aunque las dos se las tiene prohibidas su madre. Vive en un piso con un gran jard\u00edn comunitario en la parte posterior del edificio. En el jard\u00edn juegan muchos ni\u00f1os y est\u00e1n divididos en tres grupos: los peque\u00f1ines, menores de siete a\u00f1os; los medianos, entre siete y once a\u00f1os<br \/> (Violeta y casi todos sus amigos pertenecen a este grupo) y los docea\u00f1eros, que son los mayores.<\/p>\n<p> Las amigas especiales de Violeta que viven en las casas que dan al jard\u00edn son Rosa, su mejor amiga, que adem\u00e1s van al colegio juntas, y una se\u00f1ora exc\u00e9ntrica que se llama Did\u00ed Derota. Violeta siempre est\u00e1 buscando nuevas aventuras y, unos meses antes de que empezase esta historia, resolvi\u00f3 con Rosa el caso de la Perla de Oriente.<\/p>\n","protected":false},"excerpt":{"rendered":"<p>WHITEHORN, HARRIET \/ MOOR, BECKA<\/p>\n","protected":false},"featured_media":144001,"template":"","meta":{"_acf_changed":false,"om_disable_all_campaigns":false,"rs_blank_template":"","rs_page_bg_color":"","slide_template_v7":"","inline_featured_image":false,"_monsterinsights_skip_tracking":false,"_monsterinsights_sitenote_active":false,"_monsterinsights_sitenote_note":"","_monsterinsights_sitenote_category":0},"product_brand":[],"product_cat":[86],"product_tag":[],"class_list":{"0":"post-144000","1":"product","2":"type-product","3":"status-publish","4":"has-post-thumbnail","6":"product_cat-infantil","8":"first","9":"instock","10":"taxable","11":"shipping-taxable","12":"purchasable","13":"product-type-simple"},"acf":{"autor":"WHITEHORN, HARRIET \/ MOOR, BECKA","codart":"841749217","libros-coleccion":"VIOLETA","ediciones":"1","encuadernacion":"Carton\u00e9","fecha_de_publicacion":"01\/11\/2018","novedad":"1","paginas":"208","subtitulo":"","orden":"0","portada":"0","idioma":"spa","editorial":[{"ID":147554,"post_author":"3","post_date":"2022-10-14 11:51:27","post_date_gmt":"2022-10-14 09:51:27","post_content":"","post_title":"BLUME (Naturart)","post_excerpt":"","post_status":"publish","comment_status":"closed","ping_status":"closed","post_password":"","post_name":"blume-naturart","to_ping":"","pinged":"","post_modified":"2022-10-14 11:51:27","post_modified_gmt":"2022-10-14 09:51:27","post_content_filtered":"","post_parent":0,"guid":"http:\/\/dev.claret.cat\/editorial\/blume-naturart\/","menu_order":0,"post_type":"editorial","post_mime_type":"","comment_count":"0","filter":"raw"}],"autores-libros":[{"ID":157387,"post_author":"3","post_date":"2022-10-14 15:28:25","post_date_gmt":"2022-10-14 13:28:25","post_content":"","post_title":"HARRIET WHITEHORN","post_excerpt":"","post_status":"publish","comment_status":"closed","ping_status":"closed","post_password":"","post_name":"harriet-whitehorn","to_ping":"","pinged":"","post_modified":"2022-10-14 15:28:25","post_modified_gmt":"2022-10-14 13:28:25","post_content_filtered":"","post_parent":0,"guid":"http:\/\/dev.claret.cat\/autor\/harriet-whitehorn\/","menu_order":0,"post_type":"autor","post_mime_type":"","comment_count":"0","filter":"raw"},{"ID":151466,"post_author":"3","post_date":"2022-10-14 14:41:06","post_date_gmt":"2022-10-14 12:41:06","post_content":"","post_title":"BECKA MOOR","post_excerpt":"","post_status":"publish","comment_status":"closed","ping_status":"closed","post_password":"","post_name":"becka-moor","to_ping":"","pinged":"","post_modified":"2022-10-14 14:41:06","post_modified_gmt":"2022-10-14 12:41:06","post_content_filtered":"","post_parent":0,"guid":"http:\/\/dev.claret.cat\/autor\/becka-moor\/","menu_order":0,"post_type":"autor","post_mime_type":"","comment_count":"0","filter":"raw"}]},"aioseo_notices":[],"_links":{"self":[{"href":"https:\/\/www.claret.cat\/es\/wp-json\/wp\/v2\/product\/144000","targetHints":{"allow":["GET"]}}],"collection":[{"href":"https:\/\/www.claret.cat\/es\/wp-json\/wp\/v2\/product"}],"about":[{"href":"https:\/\/www.claret.cat\/es\/wp-json\/wp\/v2\/types\/product"}],"wp:featuredmedia":[{"embeddable":true,"href":"https:\/\/www.claret.cat\/es\/wp-json\/wp\/v2\/media\/144001"}],"wp:attachment":[{"href":"https:\/\/www.claret.cat\/es\/wp-json\/wp\/v2\/media?parent=144000"}],"wp:term":[{"taxonomy":"product_brand","embeddable":true,"href":"https:\/\/www.claret.cat\/es\/wp-json\/wp\/v2\/product_brand?post=144000"},{"taxonomy":"product_cat","embeddable":true,"href":"https:\/\/www.claret.cat\/es\/wp-json\/wp\/v2\/product_cat?post=144000"},{"taxonomy":"product_tag","embeddable":true,"href":"https:\/\/www.claret.cat\/es\/wp-json\/wp\/v2\/product_tag?post=144000"}],"curies":[{"name":"wp","href":"https:\/\/api.w.org\/{rel}","templated":true}]}}