{"id":144021,"date":"2022-10-13T13:53:42","date_gmt":"2022-10-13T11:53:42","guid":{"rendered":"http:\/\/dev.claret.cat\/producte\/mi-primer-libro-de-relatividad\/"},"modified":"2023-02-27T12:53:34","modified_gmt":"2023-02-27T11:53:34","slug":"mi-primer-libro-de-relatividad-9788426145611","status":"publish","type":"product","link":"https:\/\/www.claret.cat\/es\/libro\/mi-primer-libro-de-relatividad-9788426145611\/","title":{"rendered":"MI PRIMER LIBRO DE RELATIVIDAD"},"content":{"rendered":"<p>Cuando andamos por la calle nos parece que el tiempo es el mismo para todos: para nosotros, para la vecina que nos cruzamos, para los habitantes de Mosc\u00fa o para los pedruscos de Marte. Pero hace m\u00e1s de cien a\u00f1os, Albert Einstein se percat\u00f3 de que el tiempo no transcurre igual en todas partes y de que es diferente dependiendo de la velocidad a la que nos desplacemos.  As\u00ed, si pudi\u00e9ramos viajar casi a la velocidad de la luz ver\u00edamos que suceden cosas incre\u00edbles con el espacio y el tiempo. Empieza a descubrir el fascinante mundo de la Relatividad con la ayuda del Dr. Albert, de los mismos autores que Mi primer libro de f\u00edsica cu\u00e1ntica. Este es un primer libro perfecto para explicar cuestiones aparentemente complejas como la dilataci\u00f3n del tiempo, la contracci\u00f3n de longitudes.<\/p>\n","protected":false},"excerpt":{"rendered":"<p>KAID-SALAH FERR\u00d3N, SHEDDAD<\/p>\n","protected":false},"featured_media":381989,"template":"","meta":{"_acf_changed":false,"om_disable_all_campaigns":false,"rs_blank_template":"","rs_page_bg_color":"","slide_template_v7":"","inline_featured_image":false,"_monsterinsights_skip_tracking":false,"_monsterinsights_sitenote_active":false,"_monsterinsights_sitenote_note":"","_monsterinsights_sitenote_category":0},"product_brand":[],"product_cat":[132,352,86,362],"product_tag":[],"class_list":{"0":"post-144021","1":"product","2":"type-product","3":"status-publish","4":"has-post-thumbnail","6":"product_cat-lectures-per-preadolescents-6-12-anys","7":"product_cat-infantil-3_infantil-juvenil-spa","8":"product_cat-infantil","9":"product_cat-libros-preadolescentes-6-12-anos","11":"first","12":"instock","13":"taxable","14":"shipping-taxable","15":"purchasable","16":"product-type-simple"},"acf":{"editorial":[{"ID":6226,"post_author":"3","post_date":"2022-07-28 17:47:36","post_date_gmt":"2022-07-28 15:47:36","post_content":"","post_title":"EDITORIAL JUVENTUD","post_excerpt":"","post_status":"publish","comment_status":"closed","ping_status":"closed","post_password":"","post_name":"editorial-juventud","to_ping":"","pinged":"","post_modified":"2022-07-28 17:47:36","post_modified_gmt":"2022-07-28 15:47:36","post_content_filtered":"","post_parent":0,"guid":"http:\/\/dev.claret.cat\/editorial\/editorial-juventud\/","menu_order":0,"post_type":"editorial","post_mime_type":"","comment_count":"0","filter":"raw"}],"autor":"KAID-SALAH FERR\u00d3N, SHEDDAD","codart":"842614561","libros-coleccion":"\u00c1lbumes ilustrados","ediciones":"1","encuadernacion":"Carton\u00e9","fecha_de_publicacion":"01\/11\/2018","novedad":"1","paginas":"46","subtitulo":"","orden":"0","portada":"0","idioma":"spa","autores-libros":[{"ID":169410,"post_author":"3","post_date":"2022-10-14 22:27:00","post_date_gmt":"2022-10-14 20:27:00","post_content":"","post_title":"SHEDDAD KAID-SALAH FERR\u00d3N","post_excerpt":"","post_status":"publish","comment_status":"closed","ping_status":"closed","post_password":"","post_name":"sheddad-kaid-salah-ferron","to_ping":"","pinged":"","post_modified":"2022-10-14 22:27:00","post_modified_gmt":"2022-10-14 20:27:00","post_content_filtered":"","post_parent":0,"guid":"http:\/\/dev.claret.cat\/autor\/sheddad-kaid-salah-ferron\/","menu_order":0,"post_type":"autor","post_mime_type":"","comment_count":"0","filter":"raw"}]},"aioseo_notices":[],"_links":{"self":[{"href":"https:\/\/www.claret.cat\/es\/wp-json\/wp\/v2\/product\/144021","targetHints":{"allow":["GET"]}}],"collection":[{"href":"https:\/\/www.claret.cat\/es\/wp-json\/wp\/v2\/product"}],"about":[{"href":"https:\/\/www.claret.cat\/es\/wp-json\/wp\/v2\/types\/product"}],"wp:featuredmedia":[{"embeddable":true,"href":"https:\/\/www.claret.cat\/es\/wp-json\/wp\/v2\/media\/381989"}],"wp:attachment":[{"href":"https:\/\/www.claret.cat\/es\/wp-json\/wp\/v2\/media?parent=144021"}],"wp:term":[{"taxonomy":"product_brand","embeddable":true,"href":"https:\/\/www.claret.cat\/es\/wp-json\/wp\/v2\/product_brand?post=144021"},{"taxonomy":"product_cat","embeddable":true,"href":"https:\/\/www.claret.cat\/es\/wp-json\/wp\/v2\/product_cat?post=144021"},{"taxonomy":"product_tag","embeddable":true,"href":"https:\/\/www.claret.cat\/es\/wp-json\/wp\/v2\/product_tag?post=144021"}],"curies":[{"name":"wp","href":"https:\/\/api.w.org\/{rel}","templated":true}]}}