{"id":144024,"date":"2022-10-13T13:53:45","date_gmt":"2022-10-13T11:53:45","guid":{"rendered":"http:\/\/dev.claret.cat\/producte\/el-meu-primer-llibre-de-relativitat\/"},"modified":"2023-01-28T21:22:15","modified_gmt":"2023-01-28T20:22:15","slug":"el-meu-primer-llibre-de-relativitat-9788426145628","status":"publish","type":"product","link":"https:\/\/www.claret.cat\/es\/libro\/el-meu-primer-llibre-de-relativitat-9788426145628\/","title":{"rendered":"EL MEU PRIMER LLIBRE DE RELATIVITAT"},"content":{"rendered":"<p>Quan caminem pel carrer ens sembla que el temps \u00e9s el mateix per a tots: per a nosaltres, per a la ve\u00efna que ens creuem, per als habitants de Moscou o per a les roques de Mart. Per\u00f2 fa m\u00e9s de cent anys, Albert Einstein es va adonar que el temps no transcorre igual a tot arreu i que \u00e9s diferent depenent de la velocitat a la qual ens desplacem. Aix\u00ed, si pogu\u00e9ssim viatjar gaireb\u00e9 a la velocitat de la llum, veur\u00edem que succeeixen coses incre\u00efbles amb l&#8221;espai i el temps.  Comen\u00e7a a descobrir el fascinant m\u00f3n de la Relativitat amb l&#8217;ajuda del Dr. Albert, de la m\u00e0 dels mateixos autors que El meu primer llibre de F\u00edsica Qu\u00e0ntica. Un primer llibre perfecte per explicar q\u00fcestions aparentment complexes com la dilataci\u00f3 del temps, la contracci\u00f3 de longituds.<\/p>\n","protected":false},"excerpt":{"rendered":"<p>KAID-SALAH FERR\u00d3N, SHEDDAD<\/p>\n","protected":false},"featured_media":144025,"template":"","meta":{"_acf_changed":false,"om_disable_all_campaigns":false,"rs_blank_template":"","rs_page_bg_color":"","slide_template_v7":"","inline_featured_image":false,"_monsterinsights_skip_tracking":false,"_monsterinsights_sitenote_active":false,"_monsterinsights_sitenote_note":"","_monsterinsights_sitenote_category":0},"product_brand":[],"product_cat":[86],"product_tag":[],"class_list":{"0":"post-144024","1":"product","2":"type-product","3":"status-publish","4":"has-post-thumbnail","6":"product_cat-infantil","8":"first","9":"instock","10":"taxable","11":"shipping-taxable","12":"purchasable","13":"product-type-simple"},"acf":{"editorial":[{"ID":6226,"post_author":"3","post_date":"2022-07-28 17:47:36","post_date_gmt":"2022-07-28 15:47:36","post_content":"","post_title":"EDITORIAL JUVENTUD","post_excerpt":"","post_status":"publish","comment_status":"closed","ping_status":"closed","post_password":"","post_name":"editorial-juventud","to_ping":"","pinged":"","post_modified":"2022-07-28 17:47:36","post_modified_gmt":"2022-07-28 15:47:36","post_content_filtered":"","post_parent":0,"guid":"http:\/\/dev.claret.cat\/editorial\/editorial-juventud\/","menu_order":0,"post_type":"editorial","post_mime_type":"","comment_count":"0","filter":"raw"}],"autor":"KAID-SALAH FERR\u00d3N, SHEDDAD","codart":"842614562","libros-coleccion":"\u00c0lbums Il\u00b7lustrats","ediciones":"1","encuadernacion":"Carton\u00e9","fecha_de_publicacion":"01\/11\/2018","novedad":"1","paginas":"46","subtitulo":"","orden":"0","portada":"0","idioma":"cat","autores-libros":[{"ID":169410,"post_author":"3","post_date":"2022-10-14 22:27:00","post_date_gmt":"2022-10-14 20:27:00","post_content":"","post_title":"SHEDDAD KAID-SALAH FERR\u00d3N","post_excerpt":"","post_status":"publish","comment_status":"closed","ping_status":"closed","post_password":"","post_name":"sheddad-kaid-salah-ferron","to_ping":"","pinged":"","post_modified":"2022-10-14 22:27:00","post_modified_gmt":"2022-10-14 20:27:00","post_content_filtered":"","post_parent":0,"guid":"http:\/\/dev.claret.cat\/autor\/sheddad-kaid-salah-ferron\/","menu_order":0,"post_type":"autor","post_mime_type":"","comment_count":"0","filter":"raw"}]},"aioseo_notices":[],"_links":{"self":[{"href":"https:\/\/www.claret.cat\/es\/wp-json\/wp\/v2\/product\/144024","targetHints":{"allow":["GET"]}}],"collection":[{"href":"https:\/\/www.claret.cat\/es\/wp-json\/wp\/v2\/product"}],"about":[{"href":"https:\/\/www.claret.cat\/es\/wp-json\/wp\/v2\/types\/product"}],"wp:featuredmedia":[{"embeddable":true,"href":"https:\/\/www.claret.cat\/es\/wp-json\/wp\/v2\/media\/144025"}],"wp:attachment":[{"href":"https:\/\/www.claret.cat\/es\/wp-json\/wp\/v2\/media?parent=144024"}],"wp:term":[{"taxonomy":"product_brand","embeddable":true,"href":"https:\/\/www.claret.cat\/es\/wp-json\/wp\/v2\/product_brand?post=144024"},{"taxonomy":"product_cat","embeddable":true,"href":"https:\/\/www.claret.cat\/es\/wp-json\/wp\/v2\/product_cat?post=144024"},{"taxonomy":"product_tag","embeddable":true,"href":"https:\/\/www.claret.cat\/es\/wp-json\/wp\/v2\/product_tag?post=144024"}],"curies":[{"name":"wp","href":"https:\/\/api.w.org\/{rel}","templated":true}]}}