{"id":144063,"date":"2022-10-13T13:54:22","date_gmt":"2022-10-13T11:54:22","guid":{"rendered":"http:\/\/dev.claret.cat\/producte\/de-madrid-a-new-york\/"},"modified":"2023-01-28T18:41:06","modified_gmt":"2023-01-28T17:41:06","slug":"de-madrid-a-new-york-9788417550370","status":"publish","type":"product","link":"https:\/\/www.claret.cat\/es\/libro\/de-madrid-a-new-york-9788417550370\/","title":{"rendered":"DE MADRID A NEW YORK"},"content":{"rendered":"<p>Victoria Kent (M\u00e1laga, 1892-New York, 1987) es probablemente la figura femenina m\u00e1s injustamente olvidada de la reciente historia de Espa\u00f1a. Luchadora incansable por la libertad, milit\u00f3 toda su vida en el Partido Republicano Radical-Socialista y fue fiel a los principios de la Segunda Rep\u00fablica espa\u00f1ola hasta su muerte. Esta edici\u00f3n recoge una variedad de textos de Kent, desde su famoso discurso sobre el voto femenino en las Cortes republicanas hasta art\u00edculos publicados en Ib\u00e9rica, revista que fund\u00f3 en New York y de la que fue editora durante 20 a\u00f1os. Especial atenci\u00f3n merece la selecci\u00f3n de cartas, publicadas aqu\u00ed por primera vez. Dichas cartas muestran a una Kent profundamente humana y conectada con el dolor de los republicanos en los campos de concentraci\u00f3n franceses y preocupada por la transici\u00f3n del franquismo a la monarqu\u00eda. De igual forma, sus discursos radiados resultan esenciales para entender la vida cotidiana espa\u00f1ola durante la Guerra Civil. La lectura de estos textos de Victoria Kent proporciona una perspectiva hasta ahora desconocida de la historia cultural y pol\u00edtica de Espa\u00f1a a lo largo del siglo XX.<br \/> Carmen de Urioste-Azcorra es catedr\u00e1tica de literatura espa\u00f1ola en la Universidad Estatal de Arizona, donde imparte clases de literatura contempor\u00e1nea, cultura del siglo XX y cr\u00edtica literaria. Es autora de Novela y sociedad en la Espa\u00f1a contempor\u00e1nea (1994-2009) (2009), Narrativa andaluza (1900-1936): Erotismo, feminismo y regionalismo (1997), co-autora de The Writer?s Reference Guide to Spanish (1999) y co-editora de dos antolog\u00edas, Literatura espa\u00f1ola: una antolog\u00eda (1995) y Spanish Literature (2000). Adem\u00e1s, es autora de una edici\u00f3n cr\u00edtica de Cuentos jud\u00edos contempor\u00e1neos (2011), editados y prologados a principios del siglo XX por Rafael Cansinos Assens. En la Biblioteca del Rescate de la editorial Renacimiento ha publicado una edici\u00f3n cr\u00edtica de La casa de enfrente (2013), \u00fanica novela de la poeta de la generaci\u00f3n del 27 Ernestina de Champourcin, junto con dos fragmentos de la novela inconclusa Mientras all\u00ed se muere de la misma autora. Ha sido editora de la revista Letras Femeninas (1995-2014) y en la actualidad es editora de \u00c1mbitos Feministas.<\/p>\n","protected":false},"excerpt":{"rendered":"<p>KENT, VICTORIA<\/p>\n","protected":false},"featured_media":144064,"template":"","meta":{"_acf_changed":false,"om_disable_all_campaigns":false,"rs_blank_template":"","rs_page_bg_color":"","slide_template_v7":"","inline_featured_image":false,"_monsterinsights_skip_tracking":false,"_monsterinsights_sitenote_active":false,"_monsterinsights_sitenote_note":"","_monsterinsights_sitenote_category":0},"product_brand":[],"product_cat":[99,85],"product_tag":[],"class_list":{"0":"post-144063","1":"product","2":"type-product","3":"status-publish","4":"has-post-thumbnail","6":"product_cat-biografies","7":"product_cat-historia","9":"first","10":"instock","11":"taxable","12":"shipping-taxable","13":"purchasable","14":"product-type-simple"},"acf":{"autor":"KENT, VICTORIA","codart":"841755037","libros-coleccion":"Los Cuatro Vientos","ediciones":"1","encuadernacion":"R\u00fastica","fecha_de_publicacion":"01\/12\/2018","novedad":"1","paginas":"341","subtitulo":"ART\u00cdCULOS, CONFERENCIAS, CARTAS","orden":"0","portada":"0","idioma":"spa","editorial":[{"ID":148026,"post_author":"3","post_date":"2022-10-14 11:55:04","post_date_gmt":"2022-10-14 09:55:04","post_content":"","post_title":"Editorial Renacimiento","post_excerpt":"","post_status":"publish","comment_status":"closed","ping_status":"closed","post_password":"","post_name":"editorial-renacimiento","to_ping":"","pinged":"","post_modified":"2022-10-14 11:55:04","post_modified_gmt":"2022-10-14 09:55:04","post_content_filtered":"","post_parent":0,"guid":"http:\/\/dev.claret.cat\/editorial\/editorial-renacimiento\/","menu_order":0,"post_type":"editorial","post_mime_type":"","comment_count":"0","filter":"raw"}],"autores-libros":[{"ID":171081,"post_author":"3","post_date":"2022-10-14 22:40:31","post_date_gmt":"2022-10-14 20:40:31","post_content":"","post_title":"VICTORIA KENT","post_excerpt":"","post_status":"publish","comment_status":"closed","ping_status":"closed","post_password":"","post_name":"victoria-kent","to_ping":"","pinged":"","post_modified":"2022-10-14 22:40:31","post_modified_gmt":"2022-10-14 20:40:31","post_content_filtered":"","post_parent":0,"guid":"http:\/\/dev.claret.cat\/autor\/victoria-kent\/","menu_order":0,"post_type":"autor","post_mime_type":"","comment_count":"0","filter":"raw"}]},"aioseo_notices":[],"_links":{"self":[{"href":"https:\/\/www.claret.cat\/es\/wp-json\/wp\/v2\/product\/144063","targetHints":{"allow":["GET"]}}],"collection":[{"href":"https:\/\/www.claret.cat\/es\/wp-json\/wp\/v2\/product"}],"about":[{"href":"https:\/\/www.claret.cat\/es\/wp-json\/wp\/v2\/types\/product"}],"wp:featuredmedia":[{"embeddable":true,"href":"https:\/\/www.claret.cat\/es\/wp-json\/wp\/v2\/media\/144064"}],"wp:attachment":[{"href":"https:\/\/www.claret.cat\/es\/wp-json\/wp\/v2\/media?parent=144063"}],"wp:term":[{"taxonomy":"product_brand","embeddable":true,"href":"https:\/\/www.claret.cat\/es\/wp-json\/wp\/v2\/product_brand?post=144063"},{"taxonomy":"product_cat","embeddable":true,"href":"https:\/\/www.claret.cat\/es\/wp-json\/wp\/v2\/product_cat?post=144063"},{"taxonomy":"product_tag","embeddable":true,"href":"https:\/\/www.claret.cat\/es\/wp-json\/wp\/v2\/product_tag?post=144063"}],"curies":[{"name":"wp","href":"https:\/\/api.w.org\/{rel}","templated":true}]}}