{"id":144195,"date":"2022-10-13T13:56:28","date_gmt":"2022-10-13T11:56:28","guid":{"rendered":"http:\/\/dev.claret.cat\/producte\/pan-supersano-sin-gluten-sin-harinas-sin-lacteos-y-sin-huevo\/"},"modified":"2023-01-28T11:44:29","modified_gmt":"2023-01-28T10:44:29","slug":"pan-supersano-sin-gluten-sin-harinas-sin-lacteos-y-sin-huevo-9788484457510","status":"publish","type":"product","link":"https:\/\/www.claret.cat\/es\/libro\/pan-supersano-sin-gluten-sin-harinas-sin-lacteos-y-sin-huevo-9788484457510\/","title":{"rendered":"PAN SUPERSANO SIN GLUTEN, SIN HARINAS, SIN L\u00c1CTEOS Y SIN HUEVO"},"content":{"rendered":"<p>Recetas y t\u00e9cnicas para elaborar los mejores panes artesanos y productos de reposter\u00eda sin ingredientes proinflamatorios.<br \/> Con Pan supersano aprender\u00e1s a preparar todo tipo de panes artesanos saludables, as\u00ed como exquisitos productos de reposter\u00eda exentos de al\u00e9rgenos e ingredientes proinflamatorios, como el gluten, las harinas y los az\u00facares refinados, los l\u00e1cteos y el huevo.<br \/> La nutricionista Beatriz de Urbi\u00f3n ha desarrollado una nueva t\u00e9cnica de elaboraci\u00f3n de panader\u00eda y de reposter\u00eda que consiste en trabajar directamente con las semillas enteras sin moler, lo cual permite aprovechar al m\u00e1ximo su valor nutritivo y energ\u00e9tico a la vez que favorece la digesti\u00f3n y la absorci\u00f3n intestinal. De esta manera todo el mundo puede cuidarse sin dejar de disfrutar de m\u00faltiples variedades de panes, galletas, pasteles y bizcochos. <br \/> Las recetas incluidas en este libro son la mejor alternativa para las personas con intolerancia, alergia o sensibilidad al gluten y a los l\u00e1cteos, o simplemente para todos aquellos que desean alimentarse de una manera m\u00e1s sana, variada y nutritiva.<\/p>\n","protected":false},"excerpt":{"rendered":"<p>DIEZ GARC\u00cdA, BEATRIZ (BEATRIZ DE URBI\u00d3N)<\/p>\n","protected":false},"featured_media":144196,"template":"","meta":{"_acf_changed":false,"om_disable_all_campaigns":false,"rs_blank_template":"","rs_page_bg_color":"","slide_template_v7":"","inline_featured_image":false,"_monsterinsights_skip_tracking":false,"_monsterinsights_sitenote_active":false,"_monsterinsights_sitenote_note":"","_monsterinsights_sitenote_category":0},"product_brand":[],"product_cat":[103,97],"product_tag":[],"class_list":{"0":"post-144195","1":"product","2":"type-product","3":"status-publish","4":"has-post-thumbnail","6":"product_cat-cuina","7":"product_cat-salut","9":"first","10":"instock","11":"taxable","12":"shipping-taxable","13":"purchasable","14":"product-type-simple"},"acf":{"autor":"DIEZ GARC\u00cdA, BEATRIZ (BEATRIZ DE URBI\u00d3N)","codart":"848445751","libros-coleccion":"Nutrici\u00f3n y salud","ediciones":"1","encuadernacion":"R\u00fastica","fecha_de_publicacion":"01\/11\/2018","novedad":"1","paginas":"188","subtitulo":"RECETAS Y T\u00c9CNICAS DE PANADER\u00cdA Y REPOSTER\u00cdA","orden":"0","portada":"0","idioma":"spa","editorial":[{"ID":148187,"post_author":"3","post_date":"2022-10-14 11:56:18","post_date_gmt":"2022-10-14 09:56:18","post_content":"","post_title":"Gaia Ediciones","post_excerpt":"","post_status":"publish","comment_status":"closed","ping_status":"closed","post_password":"","post_name":"gaia-ediciones","to_ping":"","pinged":"","post_modified":"2022-10-14 11:56:18","post_modified_gmt":"2022-10-14 09:56:18","post_content_filtered":"","post_parent":0,"guid":"http:\/\/dev.claret.cat\/editorial\/gaia-ediciones\/","menu_order":0,"post_type":"editorial","post_mime_type":"","comment_count":"0","filter":"raw"}],"autores-libros":[{"ID":151426,"post_author":"3","post_date":"2022-10-14 14:40:47","post_date_gmt":"2022-10-14 12:40:47","post_content":"","post_title":"BEATRIZ (BEATRIZ DE URBI\u00d3N) DIEZ GARC\u00cdA","post_excerpt":"","post_status":"publish","comment_status":"closed","ping_status":"closed","post_password":"","post_name":"beatriz-beatriz-de-urbion-diez-garcia","to_ping":"","pinged":"","post_modified":"2022-10-14 14:40:47","post_modified_gmt":"2022-10-14 12:40:47","post_content_filtered":"","post_parent":0,"guid":"http:\/\/dev.claret.cat\/autor\/beatriz-beatriz-de-urbion-diez-garcia\/","menu_order":0,"post_type":"autor","post_mime_type":"","comment_count":"0","filter":"raw"}]},"aioseo_notices":[],"_links":{"self":[{"href":"https:\/\/www.claret.cat\/es\/wp-json\/wp\/v2\/product\/144195","targetHints":{"allow":["GET"]}}],"collection":[{"href":"https:\/\/www.claret.cat\/es\/wp-json\/wp\/v2\/product"}],"about":[{"href":"https:\/\/www.claret.cat\/es\/wp-json\/wp\/v2\/types\/product"}],"wp:featuredmedia":[{"embeddable":true,"href":"https:\/\/www.claret.cat\/es\/wp-json\/wp\/v2\/media\/144196"}],"wp:attachment":[{"href":"https:\/\/www.claret.cat\/es\/wp-json\/wp\/v2\/media?parent=144195"}],"wp:term":[{"taxonomy":"product_brand","embeddable":true,"href":"https:\/\/www.claret.cat\/es\/wp-json\/wp\/v2\/product_brand?post=144195"},{"taxonomy":"product_cat","embeddable":true,"href":"https:\/\/www.claret.cat\/es\/wp-json\/wp\/v2\/product_cat?post=144195"},{"taxonomy":"product_tag","embeddable":true,"href":"https:\/\/www.claret.cat\/es\/wp-json\/wp\/v2\/product_tag?post=144195"}],"curies":[{"name":"wp","href":"https:\/\/api.w.org\/{rel}","templated":true}]}}