{"id":144276,"date":"2022-10-13T13:57:49","date_gmt":"2022-10-13T11:57:49","guid":{"rendered":"http:\/\/dev.claret.cat\/producte\/emmanuel-kelly\/"},"modified":"2023-01-28T18:28:18","modified_gmt":"2023-01-28T17:28:18","slug":"emmanuel-kelly-9788416733392","status":"publish","type":"product","link":"https:\/\/www.claret.cat\/es\/libro\/emmanuel-kelly-9788416733392\/","title":{"rendered":"EMMANUEL KELLY"},"content":{"rendered":"<p>Emmanuel Kelly naci\u00f3 y fue abandonado en una zona en guerra en Irak. Se cri\u00f3 en un orfanato hasta que unos a\u00f1os m\u00e1s tarde fue adoptado y comenz\u00f3 una nueva vida en Australia.<br \/> Su pasi\u00f3n por cantar, por la vida, por so\u00f1ar a lo grande frente a enormes obst\u00e1culos, le est\u00e1n llevando a realizar su sue\u00f1o y destacar en el mundo de la m\u00fasica.<br \/> Esta es su inspiradora historia.<\/p>\n","protected":false},"excerpt":{"rendered":"<p>S\u00c1NCHEZ, MAMEN<\/p>\n","protected":false},"featured_media":144277,"template":"","meta":{"_acf_changed":false,"om_disable_all_campaigns":false,"rs_blank_template":"","rs_page_bg_color":"","slide_template_v7":"","inline_featured_image":false,"_monsterinsights_skip_tracking":false,"_monsterinsights_sitenote_active":false,"_monsterinsights_sitenote_note":"","_monsterinsights_sitenote_category":0},"product_brand":[],"product_cat":[86],"product_tag":[],"class_list":{"0":"post-144276","1":"product","2":"type-product","3":"status-publish","4":"has-post-thumbnail","6":"product_cat-infantil","8":"first","9":"instock","10":"taxable","11":"shipping-taxable","12":"purchasable","13":"product-type-simple"},"acf":{"editorial":[{"ID":147685,"post_author":"3","post_date":"2022-10-14 11:52:28","post_date_gmt":"2022-10-14 09:52:28","post_content":"","post_title":"CUENTO DE LUZ SL","post_excerpt":"","post_status":"publish","comment_status":"closed","ping_status":"closed","post_password":"","post_name":"cuento-de-luz-sl","to_ping":"","pinged":"","post_modified":"2022-10-14 11:52:28","post_modified_gmt":"2022-10-14 09:52:28","post_content_filtered":"","post_parent":0,"guid":"http:\/\/dev.claret.cat\/editorial\/cuento-de-luz-sl\/","menu_order":0,"post_type":"editorial","post_mime_type":"","comment_count":"0","filter":"raw"}],"autores-libros":[{"ID":163064,"post_author":"3","post_date":"2022-10-14 17:36:02","post_date_gmt":"2022-10-14 15:36:02","post_content":"","post_title":"MAMEN SANCHEZ","post_excerpt":"","post_status":"publish","comment_status":"closed","ping_status":"closed","post_password":"","post_name":"mamen-sanchez","to_ping":"","pinged":"","post_modified":"2022-10-14 17:36:02","post_modified_gmt":"2022-10-14 15:36:02","post_content_filtered":"","post_parent":0,"guid":"http:\/\/dev.claret.cat\/autor\/mamen-sanchez\/","menu_order":0,"post_type":"autor","post_mime_type":"","comment_count":"0","filter":"raw"}],"autor":"S\u00c1NCHEZ, MAMEN","codart":"841673339","libros-coleccion":"Lo que de verdad importa","ediciones":"1","encuadernacion":"Carton\u00e9","fecha_de_publicacion":"01\/11\/2018","novedad":"1","paginas":"65","subtitulo":"\u00a1SUE\u00d1A A LO GRANDE!","orden":"0","portada":"0","idioma":"spa"},"aioseo_notices":[],"_links":{"self":[{"href":"https:\/\/www.claret.cat\/es\/wp-json\/wp\/v2\/product\/144276","targetHints":{"allow":["GET"]}}],"collection":[{"href":"https:\/\/www.claret.cat\/es\/wp-json\/wp\/v2\/product"}],"about":[{"href":"https:\/\/www.claret.cat\/es\/wp-json\/wp\/v2\/types\/product"}],"wp:featuredmedia":[{"embeddable":true,"href":"https:\/\/www.claret.cat\/es\/wp-json\/wp\/v2\/media\/144277"}],"wp:attachment":[{"href":"https:\/\/www.claret.cat\/es\/wp-json\/wp\/v2\/media?parent=144276"}],"wp:term":[{"taxonomy":"product_brand","embeddable":true,"href":"https:\/\/www.claret.cat\/es\/wp-json\/wp\/v2\/product_brand?post=144276"},{"taxonomy":"product_cat","embeddable":true,"href":"https:\/\/www.claret.cat\/es\/wp-json\/wp\/v2\/product_cat?post=144276"},{"taxonomy":"product_tag","embeddable":true,"href":"https:\/\/www.claret.cat\/es\/wp-json\/wp\/v2\/product_tag?post=144276"}],"curies":[{"name":"wp","href":"https:\/\/api.w.org\/{rel}","templated":true}]}}