{"id":144378,"date":"2022-10-13T13:59:30","date_gmt":"2022-10-13T11:59:30","guid":{"rendered":"http:\/\/dev.claret.cat\/producte\/paris-era-una-festa\/"},"modified":"2025-02-01T01:03:26","modified_gmt":"2025-02-01T00:03:26","slug":"paris-era-una-festa-9788494906626","status":"publish","type":"product","link":"https:\/\/www.claret.cat\/es\/libro\/paris-era-una-festa-9788494906626\/","title":{"rendered":"PAR\u00cdS ERA UNA FESTA"},"content":{"rendered":"<p>Publicada p\u00f2stumament, Par\u00eds era una festa \u00e9s l&#8217;obra m\u00e9s personal i lluminosa d&#8217;Ernest Hemingway, el qual, des de la maduresa d&#8217;una vida molt intensa, rememora la seva joventut al Par\u00eds dels anys vint. <br \/> \u00abAix\u00ed era el Par\u00eds de la nostra joventut, quan \u00e9rem molt pobres i molt feli\u00e7os\u00bb. Ernest Hemingway<\/p>\n","protected":false},"excerpt":{"rendered":"<p>HEMINGWAY, ERNEST<\/p>\n","protected":false},"featured_media":144379,"template":"","meta":{"_acf_changed":false,"om_disable_all_campaigns":false,"rs_blank_template":"","rs_page_bg_color":"","slide_template_v7":"","inline_featured_image":false,"_monsterinsights_skip_tracking":false,"_monsterinsights_sitenote_active":false,"_monsterinsights_sitenote_note":"","_monsterinsights_sitenote_category":0},"product_brand":[],"product_cat":[87,353],"product_tag":[],"class_list":{"0":"post-144378","1":"product","2":"type-product","3":"status-publish","4":"has-post-thumbnail","6":"product_cat-literatura","7":"product_cat-literatura-2_humanidades","9":"first","10":"instock","11":"taxable","12":"shipping-taxable","13":"purchasable","14":"product-type-simple"},"acf":{"editorial":[{"ID":6392,"post_author":"3","post_date":"2022-07-28 17:51:10","post_date_gmt":"2022-07-28 15:51:10","post_content":"","post_title":"Viena","post_excerpt":"","post_status":"publish","comment_status":"closed","ping_status":"closed","post_password":"","post_name":"viena","to_ping":"","pinged":"","post_modified":"2022-07-28 17:51:10","post_modified_gmt":"2022-07-28 15:51:10","post_content_filtered":"","post_parent":0,"guid":"http:\/\/dev.claret.cat\/editorial\/viena\/","menu_order":0,"post_type":"editorial","post_mime_type":"","comment_count":"0","filter":"raw"}],"autor":"HEMINGWAY, ERNEST","codart":"849490662","libros-coleccion":"El cercle de Viena","ediciones":"1","encuadernacion":"R\u00fastica","fecha_de_publicacion":"01\/11\/2018","novedad":"1","paginas":"282","subtitulo":"","orden":"0","portada":"0","idioma":"cat","autores-libros":[{"ID":155310,"post_author":"3","post_date":"2022-10-14 15:11:49","post_date_gmt":"2022-10-14 13:11:49","post_content":"","post_title":"ERNEST HEMINGWAY","post_excerpt":"","post_status":"publish","comment_status":"closed","ping_status":"closed","post_password":"","post_name":"ernest-hemingway","to_ping":"","pinged":"","post_modified":"2022-10-14 15:11:49","post_modified_gmt":"2022-10-14 13:11:49","post_content_filtered":"","post_parent":0,"guid":"http:\/\/dev.claret.cat\/autor\/ernest-hemingway\/","menu_order":0,"post_type":"autor","post_mime_type":"","comment_count":"0","filter":"raw"}]},"aioseo_notices":[],"_links":{"self":[{"href":"https:\/\/www.claret.cat\/es\/wp-json\/wp\/v2\/product\/144378","targetHints":{"allow":["GET"]}}],"collection":[{"href":"https:\/\/www.claret.cat\/es\/wp-json\/wp\/v2\/product"}],"about":[{"href":"https:\/\/www.claret.cat\/es\/wp-json\/wp\/v2\/types\/product"}],"wp:featuredmedia":[{"embeddable":true,"href":"https:\/\/www.claret.cat\/es\/wp-json\/wp\/v2\/media\/144379"}],"wp:attachment":[{"href":"https:\/\/www.claret.cat\/es\/wp-json\/wp\/v2\/media?parent=144378"}],"wp:term":[{"taxonomy":"product_brand","embeddable":true,"href":"https:\/\/www.claret.cat\/es\/wp-json\/wp\/v2\/product_brand?post=144378"},{"taxonomy":"product_cat","embeddable":true,"href":"https:\/\/www.claret.cat\/es\/wp-json\/wp\/v2\/product_cat?post=144378"},{"taxonomy":"product_tag","embeddable":true,"href":"https:\/\/www.claret.cat\/es\/wp-json\/wp\/v2\/product_tag?post=144378"}],"curies":[{"name":"wp","href":"https:\/\/api.w.org\/{rel}","templated":true}]}}