{"id":144417,"date":"2022-10-13T14:00:09","date_gmt":"2022-10-13T12:00:09","guid":{"rendered":"http:\/\/dev.claret.cat\/producte\/el-gran-libro-de-la-costura\/"},"modified":"2023-01-28T11:51:50","modified_gmt":"2023-01-28T10:51:50","slug":"el-gran-libro-de-la-costura-9788498746099","status":"publish","type":"product","link":"https:\/\/www.claret.cat\/es\/libro\/el-gran-libro-de-la-costura-9788498746099\/","title":{"rendered":"EL GRAN LIBRO DE LA COSTURA"},"content":{"rendered":"<p>Nueva edici\u00f3n del Best Seller de Costura<br \/>. En esta nueva edici\u00f3n, El gran libro de la costura -del que se han vendido m\u00e1s de 375.000 ejemplares en todo el mundo y es obra de referencia y libro de consulta imprescindible para todos los aficionados y profesionales de la confecci\u00f3n- desvela de forma sencilla todos los secretos de la costura. Incluye m\u00e1s de 300 t\u00e9cnicas actualizadas de costuras b\u00e1sicas, pinzas, frunces, vistas, escotes, cuellos, cinturas, mangas, bolsillos, dobladillos, bajos, sistemas de abrochado, forros, arreglos y mucho m\u00e1s.<br \/> Explica c\u00f3mo elegir y utilizar el equipo de costura, las telas y los patrones m\u00e1s actuales. Se completa con 10 proyectos nuevos, llenos de estilo, de ropa de hogar y prendas de vestir. Con f\u00e1ciles instrucciones paso a paso, fotograf\u00edas y patrones, este libro ser\u00e1 una gu\u00eda indispensable para realizar cualquier labor de costura a mano o a m\u00e1quina y emplear la t\u00e9cnica necesaria en cada caso.<\/p>\n","protected":false},"excerpt":{"rendered":"<p>SMITH, ALISON<\/p>\n","protected":false},"featured_media":144418,"template":"","meta":{"_acf_changed":false,"om_disable_all_campaigns":false,"rs_blank_template":"","rs_page_bg_color":"","slide_template_v7":"","inline_featured_image":false,"_monsterinsights_skip_tracking":false,"_monsterinsights_sitenote_active":false,"_monsterinsights_sitenote_note":"","_monsterinsights_sitenote_category":0},"product_brand":[],"product_cat":[551,101],"product_tag":[],"class_list":{"0":"post-144417","1":"product","2":"type-product","3":"status-publish","4":"has-post-thumbnail","6":"product_cat-manualidades","7":"product_cat-manualitats","9":"first","10":"outofstock","11":"taxable","12":"shipping-taxable","13":"purchasable","14":"product-type-simple"},"acf":{"editorial":[{"ID":147968,"post_author":"3","post_date":"2022-10-14 11:54:37","post_date_gmt":"2022-10-14 09:54:37","post_content":"","post_title":"EDITORIAL EL DRAC","post_excerpt":"","post_status":"publish","comment_status":"closed","ping_status":"closed","post_password":"","post_name":"editorial-el-drac","to_ping":"","pinged":"","post_modified":"2022-10-14 11:54:37","post_modified_gmt":"2022-10-14 09:54:37","post_content_filtered":"","post_parent":0,"guid":"http:\/\/dev.claret.cat\/editorial\/editorial-el-drac\/","menu_order":0,"post_type":"editorial","post_mime_type":"","comment_count":"0","filter":"raw"}],"autor":"SMITH, ALISON","codart":"849874609","libros-coleccion":"DISE\u00d1A Y MODA","ediciones":"1","encuadernacion":"Carton\u00e9","fecha_de_publicacion":"01\/11\/2018","novedad":"0","paginas":"400","subtitulo":"UTENSILIOS, TEJIDOS, C\u00d3MOUSAR UN PATR\u00d3N, PROYECTOS PARA EL HOGAR Y PARA VESTIR.","orden":"0","portada":"0","idioma":"spa","autores-libros":[{"ID":149877,"post_author":"3","post_date":"2022-10-14 14:28:24","post_date_gmt":"2022-10-14 12:28:24","post_content":"","post_title":"ALISON SMITH","post_excerpt":"","post_status":"publish","comment_status":"closed","ping_status":"closed","post_password":"","post_name":"alison-smith","to_ping":"","pinged":"","post_modified":"2022-10-14 14:28:24","post_modified_gmt":"2022-10-14 12:28:24","post_content_filtered":"","post_parent":0,"guid":"http:\/\/dev.claret.cat\/autor\/alison-smith\/","menu_order":0,"post_type":"autor","post_mime_type":"","comment_count":"0","filter":"raw"}]},"aioseo_notices":[],"_links":{"self":[{"href":"https:\/\/www.claret.cat\/es\/wp-json\/wp\/v2\/product\/144417","targetHints":{"allow":["GET"]}}],"collection":[{"href":"https:\/\/www.claret.cat\/es\/wp-json\/wp\/v2\/product"}],"about":[{"href":"https:\/\/www.claret.cat\/es\/wp-json\/wp\/v2\/types\/product"}],"wp:featuredmedia":[{"embeddable":true,"href":"https:\/\/www.claret.cat\/es\/wp-json\/wp\/v2\/media\/144418"}],"wp:attachment":[{"href":"https:\/\/www.claret.cat\/es\/wp-json\/wp\/v2\/media?parent=144417"}],"wp:term":[{"taxonomy":"product_brand","embeddable":true,"href":"https:\/\/www.claret.cat\/es\/wp-json\/wp\/v2\/product_brand?post=144417"},{"taxonomy":"product_cat","embeddable":true,"href":"https:\/\/www.claret.cat\/es\/wp-json\/wp\/v2\/product_cat?post=144417"},{"taxonomy":"product_tag","embeddable":true,"href":"https:\/\/www.claret.cat\/es\/wp-json\/wp\/v2\/product_tag?post=144417"}],"curies":[{"name":"wp","href":"https:\/\/api.w.org\/{rel}","templated":true}]}}