{"id":14445,"date":"2022-10-01T22:51:42","date_gmt":"2022-10-01T20:51:42","guid":{"rendered":"http:\/\/dev.claret.cat\/producte\/que-es-la-calidad-en-el-arte\/"},"modified":"2023-10-06T09:35:27","modified_gmt":"2023-10-06T07:35:27","slug":"que-es-la-calidad-en-el-arte-9788412418682","status":"publish","type":"product","link":"https:\/\/www.claret.cat\/es\/libro\/que-es-la-calidad-en-el-arte-9788412418682\/","title":{"rendered":"\u00bfQU\u00c9 ES LA CALIDAD EN EL ARTE?"},"content":{"rendered":"<p>El concepto de calidad siempre ha resultado escurridizo. La relatividad de los juicios  de valor en est\u00e9tica es algo que desde Arist\u00f3teles hasta Kant y Croce ha quedado  bien establecido en el pensamiento europeo, lo que supon\u00eda un freno a cualquier intento  de definir y establecer con claridad conceptual en qu\u00e9 consiste la calidad en el arte.  Alejandro Vergara se enfrenta a la dif\u00edcil tarea de ?cercar? este concepto convencido de la importancia  de ese esfuerzo intelectual y para ello primero expondr\u00e1 el recorrido sinuoso y esquivo de la idea de calidad a  lo largo de la historia del pensamiento occidental y posteriormente, bas\u00e1ndose en su amplio y reconocido  conocimiento de la pintura europea de los siglos XV al XVIII, se adentrar\u00e1 en una exposici\u00f3n pr\u00e1ctica,  acompa\u00f1\u00e1ndonos a descubrir, como si se tratara de una indagaci\u00f3n detectivesca, qu\u00e9 se entendi\u00f3 en Europa  por calidad durante tres largos siglos en los que se produjo gran parte de la mejor pintura europea.<\/p>\n","protected":false},"excerpt":{"rendered":"<p>SHARP VERGARA, ALEJANDRO<\/p>\n","protected":false},"featured_media":56145,"template":"","meta":{"_acf_changed":false,"om_disable_all_campaigns":false,"rs_blank_template":"","rs_page_bg_color":"","slide_template_v7":"","inline_featured_image":false,"_monsterinsights_skip_tracking":false,"_monsterinsights_sitenote_active":false,"_monsterinsights_sitenote_note":"","_monsterinsights_sitenote_category":0},"product_brand":[],"product_cat":[560],"product_tag":[],"class_list":{"0":"post-14445","1":"product","2":"type-product","3":"status-publish","4":"has-post-thumbnail","6":"product_cat-arte","8":"first","9":"instock","10":"taxable","11":"shipping-taxable","12":"purchasable","13":"product-type-simple"},"acf":{"autor":"SHARP VERGARA, ALEJANDRO","codart":"841241868","libros-coleccion":"FORA DE COL.LECCI\u00d3","ediciones":"1","encuadernacion":"R\u00fastica","fecha_de_publicacion":"01\/04\/2022","novedad":"1","paginas":"112","subtitulo":"","orden":"0","portada":"0","idioma":"spa","editorial":[{"ID":6381,"post_author":"3","post_date":"2022-07-28 17:50:58","post_date_gmt":"2022-07-28 15:50:58","post_content":"","post_title":"Tres Hermanas","post_excerpt":"","post_status":"publish","comment_status":"closed","ping_status":"closed","post_password":"","post_name":"tres-hermanas","to_ping":"","pinged":"","post_modified":"2022-07-28 17:50:58","post_modified_gmt":"2022-07-28 15:50:58","post_content_filtered":"","post_parent":0,"guid":"http:\/\/dev.claret.cat\/editorial\/tres-hermanas\/","menu_order":0,"post_type":"editorial","post_mime_type":"","comment_count":"0","filter":"raw"}],"autores-libros":[{"ID":149578,"post_author":"3","post_date":"2022-10-14 14:26:02","post_date_gmt":"2022-10-14 12:26:02","post_content":"","post_title":"ALEJANDRO SHARP VERGARA","post_excerpt":"","post_status":"publish","comment_status":"closed","ping_status":"closed","post_password":"","post_name":"alejandro-sharp-vergara","to_ping":"","pinged":"","post_modified":"2022-10-14 14:26:02","post_modified_gmt":"2022-10-14 12:26:02","post_content_filtered":"","post_parent":0,"guid":"http:\/\/dev.claret.cat\/autor\/alejandro-sharp-vergara\/","menu_order":0,"post_type":"autor","post_mime_type":"","comment_count":"0","filter":"raw"}]},"aioseo_notices":[],"_links":{"self":[{"href":"https:\/\/www.claret.cat\/es\/wp-json\/wp\/v2\/product\/14445","targetHints":{"allow":["GET"]}}],"collection":[{"href":"https:\/\/www.claret.cat\/es\/wp-json\/wp\/v2\/product"}],"about":[{"href":"https:\/\/www.claret.cat\/es\/wp-json\/wp\/v2\/types\/product"}],"wp:featuredmedia":[{"embeddable":true,"href":"https:\/\/www.claret.cat\/es\/wp-json\/wp\/v2\/media\/56145"}],"wp:attachment":[{"href":"https:\/\/www.claret.cat\/es\/wp-json\/wp\/v2\/media?parent=14445"}],"wp:term":[{"taxonomy":"product_brand","embeddable":true,"href":"https:\/\/www.claret.cat\/es\/wp-json\/wp\/v2\/product_brand?post=14445"},{"taxonomy":"product_cat","embeddable":true,"href":"https:\/\/www.claret.cat\/es\/wp-json\/wp\/v2\/product_cat?post=14445"},{"taxonomy":"product_tag","embeddable":true,"href":"https:\/\/www.claret.cat\/es\/wp-json\/wp\/v2\/product_tag?post=14445"}],"curies":[{"name":"wp","href":"https:\/\/api.w.org\/{rel}","templated":true}]}}