{"id":144495,"date":"2022-10-13T14:01:27","date_gmt":"2022-10-13T12:01:27","guid":{"rendered":"http:\/\/dev.claret.cat\/producte\/enigmes-de-la-historia\/"},"modified":"2025-04-22T18:10:17","modified_gmt":"2025-04-22T16:10:17","slug":"enigmes-de-la-historia-9788417374105","status":"publish","type":"product","link":"https:\/\/www.claret.cat\/es\/libro\/enigmes-de-la-historia-9788417374105\/","title":{"rendered":"ENIGMES DE LA HIST\u00d2RIA"},"content":{"rendered":"<p>La humanitat ha fet un llarg cam\u00ed des que vivia a les cavernes fins arribar a l&#8217;espai. Tot aix\u00f2 no hauria estat possible sense la principal eina humana: la ment. Et convidem a endinsar-te en les etapes m\u00e9s fascinants de la humanitat mentre entrenes la teva ment i et diverteixes.<\/p>\n","protected":false},"excerpt":{"rendered":"<p>ESCANDELL, V\u00cdCTOR<\/p>\n","protected":false},"featured_media":144496,"template":"","meta":{"_acf_changed":false,"om_disable_all_campaigns":false,"rs_blank_template":"","rs_page_bg_color":"","slide_template_v7":"","inline_featured_image":false,"_monsterinsights_skip_tracking":false,"_monsterinsights_sitenote_active":false,"_monsterinsights_sitenote_note":"","_monsterinsights_sitenote_category":0},"product_brand":[],"product_cat":[352,86,566,117,105,555],"product_tag":[],"class_list":{"0":"post-144495","1":"product","2":"type-product","3":"status-publish","4":"has-post-thumbnail","6":"product_cat-infantil-3_infantil-juvenil-spa","7":"product_cat-infantil","8":"product_cat-juvenil-3_infantil-juvenil-spa-spa","9":"product_cat-juvenil","10":"product_cat-regal","11":"product_cat-regalo","13":"first","14":"instock","15":"taxable","16":"shipping-taxable","17":"purchasable","18":"product-type-simple"},"acf":{"autor":"ESCANDELL, V\u00cdCTOR","codart":"841737410","libros-coleccion":"","ediciones":"1","encuadernacion":"Carton\u00e9","fecha_de_publicacion":"01\/11\/2018","novedad":"1","paginas":"63","subtitulo":"DESAFIA LA TEVA MENT AMB 25 MISTERIS DE LA HIST\u00d2RIA","orden":"0","portada":"0","idioma":"spa","editorial":[{"ID":148985,"post_author":"3","post_date":"2022-10-14 12:02:33","post_date_gmt":"2022-10-14 10:02:33","post_content":"","post_title":"Zahori de ideas","post_excerpt":"","post_status":"publish","comment_status":"closed","ping_status":"closed","post_password":"","post_name":"zahori-de-ideas","to_ping":"","pinged":"","post_modified":"2022-10-14 12:02:33","post_modified_gmt":"2022-10-14 10:02:33","post_content_filtered":"","post_parent":0,"guid":"http:\/\/dev.claret.cat\/editorial\/zahori-de-ideas\/","menu_order":0,"post_type":"editorial","post_mime_type":"","comment_count":"0","filter":"raw"}],"autores-libros":[{"ID":171003,"post_author":"3","post_date":"2022-10-14 22:39:54","post_date_gmt":"2022-10-14 20:39:54","post_content":"","post_title":"VICTOR ESCANDELL","post_excerpt":"","post_status":"publish","comment_status":"closed","ping_status":"closed","post_password":"","post_name":"victor-escandell","to_ping":"","pinged":"","post_modified":"2022-10-14 22:39:54","post_modified_gmt":"2022-10-14 20:39:54","post_content_filtered":"","post_parent":0,"guid":"http:\/\/dev.claret.cat\/autor\/victor-escandell\/","menu_order":0,"post_type":"autor","post_mime_type":"","comment_count":"0","filter":"raw"}],"booktrailer":"","resenas":""},"aioseo_notices":[],"_links":{"self":[{"href":"https:\/\/www.claret.cat\/es\/wp-json\/wp\/v2\/product\/144495","targetHints":{"allow":["GET"]}}],"collection":[{"href":"https:\/\/www.claret.cat\/es\/wp-json\/wp\/v2\/product"}],"about":[{"href":"https:\/\/www.claret.cat\/es\/wp-json\/wp\/v2\/types\/product"}],"wp:featuredmedia":[{"embeddable":true,"href":"https:\/\/www.claret.cat\/es\/wp-json\/wp\/v2\/media\/144496"}],"wp:attachment":[{"href":"https:\/\/www.claret.cat\/es\/wp-json\/wp\/v2\/media?parent=144495"}],"wp:term":[{"taxonomy":"product_brand","embeddable":true,"href":"https:\/\/www.claret.cat\/es\/wp-json\/wp\/v2\/product_brand?post=144495"},{"taxonomy":"product_cat","embeddable":true,"href":"https:\/\/www.claret.cat\/es\/wp-json\/wp\/v2\/product_cat?post=144495"},{"taxonomy":"product_tag","embeddable":true,"href":"https:\/\/www.claret.cat\/es\/wp-json\/wp\/v2\/product_tag?post=144495"}],"curies":[{"name":"wp","href":"https:\/\/api.w.org\/{rel}","templated":true}]}}