{"id":144501,"date":"2022-10-13T14:01:33","date_gmt":"2022-10-13T12:01:33","guid":{"rendered":"http:\/\/dev.claret.cat\/producte\/transmitir\/"},"modified":"2023-01-28T12:21:29","modified_gmt":"2023-01-28T11:21:29","slug":"transmitir-9788499886589","status":"publish","type":"product","link":"https:\/\/www.claret.cat\/es\/libro\/transmitir-9788499886589\/","title":{"rendered":"TRANSMITIR"},"content":{"rendered":"<p>La transmisi\u00f3n est\u00e1 en el centro de nuestra existencia: cuando damos la bienvenida a un reci\u00e9n nacido, en las sabias palabras de un anciano, en la escuela, en el trabajo, con los amigos, en los rituales colectivos, laicos o religiosos. Sin embargo, a menudo no somos conscientes de la importancia de este v\u00ednculo. \u00bfQu\u00e9 hemos recibido en herencia? \u00bfQu\u00e9 deseamos transmitir? \u00bfA qui\u00e9n? \u00bfY c\u00f3mo?<br \/>Un elenco de grandes autores de prestigio internacional se re\u00fanen aqu\u00ed para contarnos qu\u00e9 ha sido m\u00e1s importante en sus vidas y qu\u00e9 les gustar\u00eda transmitirnos:<br \/>La importancia del amor y de la bondad.<br \/>Los modelos que les han inspirado.<br \/>Las ense\u00f1anzas de los pueblos remotos.<br \/>La transmisi\u00f3n como un saber vivir.<\/p>\n","protected":false},"excerpt":{"rendered":"<p>ALVAREZ, C\u00c9LINE \/ ANDR\u00c9, CHRISTOPHE \/ GUEGUEN, CATHERINE \/ KOTSOU, ILIOS \/ LENO<\/p>\n","protected":false},"featured_media":144502,"template":"","meta":{"_acf_changed":false,"om_disable_all_campaigns":false,"rs_blank_template":"","rs_page_bg_color":"","slide_template_v7":"","inline_featured_image":false,"_monsterinsights_skip_tracking":false,"_monsterinsights_sitenote_active":false,"_monsterinsights_sitenote_note":"","_monsterinsights_sitenote_category":0},"product_brand":[],"product_cat":[79,94],"product_tag":[],"class_list":{"0":"post-144501","1":"product","2":"type-product","3":"status-publish","4":"has-post-thumbnail","6":"product_cat-espiritualitat","7":"product_cat-religions","9":"first","10":"instock","11":"taxable","12":"shipping-taxable","13":"purchasable","14":"product-type-simple"},"acf":{"editorial":[{"ID":147993,"post_author":"3","post_date":"2022-10-14 11:54:48","post_date_gmt":"2022-10-14 09:54:48","post_content":"","post_title":"Editorial Kair\u00f3s SA","post_excerpt":"","post_status":"publish","comment_status":"closed","ping_status":"closed","post_password":"","post_name":"editorial-kairos-sa","to_ping":"","pinged":"","post_modified":"2022-10-14 11:54:48","post_modified_gmt":"2022-10-14 09:54:48","post_content_filtered":"","post_parent":0,"guid":"http:\/\/dev.claret.cat\/editorial\/editorial-kairos-sa\/","menu_order":0,"post_type":"editorial","post_mime_type":"","comment_count":"0","filter":"raw"}],"autor":"ALVAREZ, C\u00c9LINE \/ ANDR\u00c9, CHRISTOPHE \/ GUEGUEN, CATHERINE \/ KOTSOU, ILIOS \/ LENO","codart":"849988658","libros-coleccion":"Psicolog\u00eda","ediciones":"1","encuadernacion":"R\u00fastica","fecha_de_publicacion":"01\/11\/2018","novedad":"1","paginas":"226","subtitulo":"LO QUE NOS APORTAMOS UNOS A OTROS","orden":"0","portada":"0","idioma":"spa","autores-libros":[{"ID":152679,"post_author":"3","post_date":"2022-10-14 14:50:42","post_date_gmt":"2022-10-14 12:50:42","post_content":"","post_title":"C\u00c9LINE ALVAREZ","post_excerpt":"","post_status":"publish","comment_status":"closed","ping_status":"closed","post_password":"","post_name":"celine-alvarez","to_ping":"","pinged":"","post_modified":"2022-10-14 14:50:42","post_modified_gmt":"2022-10-14 12:50:42","post_content_filtered":"","post_parent":0,"guid":"http:\/\/dev.claret.cat\/autor\/celine-alvarez\/","menu_order":0,"post_type":"autor","post_mime_type":"","comment_count":"0","filter":"raw"},{"ID":152590,"post_author":"3","post_date":"2022-10-14 14:50:00","post_date_gmt":"2022-10-14 12:50:00","post_content":"","post_title":"CATHERINE GUEGUEN","post_excerpt":"","post_status":"publish","comment_status":"closed","ping_status":"closed","post_password":"","post_name":"catherine-gueguen","to_ping":"","pinged":"","post_modified":"2022-10-14 14:50:00","post_modified_gmt":"2022-10-14 12:50:00","post_content_filtered":"","post_parent":0,"guid":"http:\/\/dev.claret.cat\/autor\/catherine-gueguen\/","menu_order":0,"post_type":"autor","post_mime_type":"","comment_count":"0","filter":"raw"},{"ID":162109,"post_author":"3","post_date":"2022-10-14 17:28:25","post_date_gmt":"2022-10-14 15:28:25","post_content":"","post_title":"LENO","post_excerpt":"","post_status":"publish","comment_status":"closed","ping_status":"closed","post_password":"","post_name":"leno","to_ping":"","pinged":"","post_modified":"2022-10-14 17:28:25","post_modified_gmt":"2022-10-14 15:28:25","post_content_filtered":"","post_parent":0,"guid":"http:\/\/dev.claret.cat\/autor\/leno\/","menu_order":0,"post_type":"autor","post_mime_type":"","comment_count":"0","filter":"raw"},{"ID":152946,"post_author":"3","post_date":"2022-10-14 14:52:51","post_date_gmt":"2022-10-14 12:52:51","post_content":"","post_title":"CHRISTOPHE ANDR\u00c9","post_excerpt":"","post_status":"publish","comment_status":"closed","ping_status":"closed","post_password":"","post_name":"christophe-andre","to_ping":"","pinged":"","post_modified":"2022-10-14 14:52:51","post_modified_gmt":"2022-10-14 12:52:51","post_content_filtered":"","post_parent":0,"guid":"http:\/\/dev.claret.cat\/autor\/christophe-andre\/","menu_order":0,"post_type":"autor","post_mime_type":"","comment_count":"0","filter":"raw"},{"ID":157844,"post_author":"3","post_date":"2022-10-14 15:32:05","post_date_gmt":"2022-10-14 13:32:05","post_content":"","post_title":"ILIOS KOTSOU","post_excerpt":"","post_status":"publish","comment_status":"closed","ping_status":"closed","post_password":"","post_name":"ilios-kotsou","to_ping":"","pinged":"","post_modified":"2022-10-14 15:32:05","post_modified_gmt":"2022-10-14 13:32:05","post_content_filtered":"","post_parent":0,"guid":"http:\/\/dev.claret.cat\/autor\/ilios-kotsou\/","menu_order":0,"post_type":"autor","post_mime_type":"","comment_count":"0","filter":"raw"}]},"aioseo_notices":[],"_links":{"self":[{"href":"https:\/\/www.claret.cat\/es\/wp-json\/wp\/v2\/product\/144501","targetHints":{"allow":["GET"]}}],"collection":[{"href":"https:\/\/www.claret.cat\/es\/wp-json\/wp\/v2\/product"}],"about":[{"href":"https:\/\/www.claret.cat\/es\/wp-json\/wp\/v2\/types\/product"}],"wp:featuredmedia":[{"embeddable":true,"href":"https:\/\/www.claret.cat\/es\/wp-json\/wp\/v2\/media\/144502"}],"wp:attachment":[{"href":"https:\/\/www.claret.cat\/es\/wp-json\/wp\/v2\/media?parent=144501"}],"wp:term":[{"taxonomy":"product_brand","embeddable":true,"href":"https:\/\/www.claret.cat\/es\/wp-json\/wp\/v2\/product_brand?post=144501"},{"taxonomy":"product_cat","embeddable":true,"href":"https:\/\/www.claret.cat\/es\/wp-json\/wp\/v2\/product_cat?post=144501"},{"taxonomy":"product_tag","embeddable":true,"href":"https:\/\/www.claret.cat\/es\/wp-json\/wp\/v2\/product_tag?post=144501"}],"curies":[{"name":"wp","href":"https:\/\/api.w.org\/{rel}","templated":true}]}}