{"id":144519,"date":"2022-10-13T14:01:53","date_gmt":"2022-10-13T12:01:53","guid":{"rendered":"http:\/\/dev.claret.cat\/producte\/la-vaca-que-va-pondre-un-ou\/"},"modified":"2025-09-30T12:51:02","modified_gmt":"2025-09-30T10:51:02","slug":"la-vaca-que-va-pondre-un-ou-9788479015473","status":"publish","type":"product","link":"https:\/\/www.claret.cat\/es\/libro\/la-vaca-que-va-pondre-un-ou-9788479015473\/","title":{"rendered":"LA VACA QUE VA PONDRE UN OU"},"content":{"rendered":"<p>La vaca Margarida no se sent gaire especial. No pot anar en bicicleta ni fer acrob\u00e0cies com les altres vaques. Per\u00f2 un mat\u00ed, la Margarida t\u00e9 una sorpresa molt gran&#8230; HA POST UN OU! Ara b\u00e9, el beb\u00e8 que hi ha dins l&#8217;ou pertany realment a la Margarida? L&#8217;emoci\u00f3 creix a la granja mentre tothom espera que s&#8217;esclareixi el misteri&#8230; La vaca Margarida no se sent gaire especial. No pot anar en bicicleta ni fer acrob\u00e0cies com les altres vaques. Per\u00f2 un mat\u00ed, la Margarida t\u00e9 una sorpresa molt gran&#8230; HA POST UN OU! Ara b\u00e9, el beb\u00e8 que hi ha dins l&#8217;ou pertany realment a la Margarida? L&#8217;emoci\u00f3 creix a la granja mentre tothom espera que s&#8217;esclareixi el misteri&#8230;<\/p>\n","protected":false},"excerpt":{"rendered":"<p>CUTBILL , ANDY<\/p>\n","protected":false},"featured_media":144520,"template":"","meta":{"_acf_changed":false,"om_disable_all_campaigns":false,"rs_blank_template":"","rs_page_bg_color":"","slide_template_v7":"","inline_featured_image":false,"_monsterinsights_skip_tracking":false,"_monsterinsights_sitenote_active":false,"_monsterinsights_sitenote_note":"","_monsterinsights_sitenote_category":0},"product_brand":[],"product_cat":[86,352],"product_tag":[],"class_list":{"0":"post-144519","1":"product","2":"type-product","3":"status-publish","4":"has-post-thumbnail","6":"product_cat-infantil","7":"product_cat-infantil-3_infantil-juvenil-spa","9":"first","10":"instock","11":"taxable","12":"shipping-taxable","13":"purchasable","14":"product-type-simple"},"acf":{"editorial":[{"ID":6346,"post_author":"3","post_date":"2022-07-28 17:50:13","post_date_gmt":"2022-07-28 15:50:13","post_content":"","post_title":"RBA Molino","post_excerpt":"","post_status":"publish","comment_status":"closed","ping_status":"closed","post_password":"","post_name":"rba-molino","to_ping":"","pinged":"","post_modified":"2022-07-28 17:50:13","post_modified_gmt":"2022-07-28 15:50:13","post_content_filtered":"","post_parent":0,"guid":"http:\/\/dev.claret.cat\/editorial\/rba-molino\/","menu_order":0,"post_type":"editorial","post_mime_type":"","comment_count":"0","filter":"raw"}],"autor":"CUTBILL , ANDY","codart":"847901547","libros-coleccion":"INFANTIL CATAL\u00c0","ediciones":"1","encuadernacion":"Carton\u00e9","fecha_de_publicacion":"01\/02\/2008","novedad":"1","paginas":"0","subtitulo":"","orden":"0","portada":"0","idioma":"cat","autores-libros":[{"ID":150338,"post_author":"3","post_date":"2022-10-14 14:32:09","post_date_gmt":"2022-10-14 12:32:09","post_content":"","post_title":"ANDY CUTBILL","post_excerpt":"","post_status":"publish","comment_status":"closed","ping_status":"closed","post_password":"","post_name":"andy-cutbill","to_ping":"","pinged":"","post_modified":"2022-10-14 14:32:09","post_modified_gmt":"2022-10-14 12:32:09","post_content_filtered":"","post_parent":0,"guid":"http:\/\/dev.claret.cat\/autor\/andy-cutbill\/","menu_order":0,"post_type":"autor","post_mime_type":"","comment_count":"0","filter":"raw"}],"booktrailer":"","resenas":""},"aioseo_notices":[],"_links":{"self":[{"href":"https:\/\/www.claret.cat\/es\/wp-json\/wp\/v2\/product\/144519","targetHints":{"allow":["GET"]}}],"collection":[{"href":"https:\/\/www.claret.cat\/es\/wp-json\/wp\/v2\/product"}],"about":[{"href":"https:\/\/www.claret.cat\/es\/wp-json\/wp\/v2\/types\/product"}],"wp:featuredmedia":[{"embeddable":true,"href":"https:\/\/www.claret.cat\/es\/wp-json\/wp\/v2\/media\/144520"}],"wp:attachment":[{"href":"https:\/\/www.claret.cat\/es\/wp-json\/wp\/v2\/media?parent=144519"}],"wp:term":[{"taxonomy":"product_brand","embeddable":true,"href":"https:\/\/www.claret.cat\/es\/wp-json\/wp\/v2\/product_brand?post=144519"},{"taxonomy":"product_cat","embeddable":true,"href":"https:\/\/www.claret.cat\/es\/wp-json\/wp\/v2\/product_cat?post=144519"},{"taxonomy":"product_tag","embeddable":true,"href":"https:\/\/www.claret.cat\/es\/wp-json\/wp\/v2\/product_tag?post=144519"}],"curies":[{"name":"wp","href":"https:\/\/api.w.org\/{rel}","templated":true}]}}