{"id":144528,"date":"2022-10-13T14:02:01","date_gmt":"2022-10-13T12:02:01","guid":{"rendered":"http:\/\/dev.claret.cat\/producte\/por-que-dios-permite-los-males-y-la-muerte\/"},"modified":"2024-05-23T05:21:17","modified_gmt":"2024-05-23T03:21:17","slug":"por-que-dios-permite-los-males-y-la-muerte-9788490734520","status":"publish","type":"product","link":"https:\/\/www.claret.cat\/es\/libro\/por-que-dios-permite-los-males-y-la-muerte-9788490734520\/","title":{"rendered":"\u00bfPOR QU\u00c9 DIOS PERMITE LOS MALES Y LA MUERTE?"},"content":{"rendered":"<p>Con el formato de preguntas y respuestas, el libro ofrece un conjunto de veinte temas, desarrollados ya por los especialistas, pero ahora escritos en un lenguaje llano y comprensible para los no iniciados. <br \/>La obra intenta no solo aportar soluciones a algunas dudas m\u00e1s frecuentes sobre la Biblia, sino tambi\u00e9n estimular la inquietud por su lectura, vinculando as\u00ed a los lectores con las nuevas contribuciones de la actual ex\u00e9gesis, con el fin de establecer un puente entre los especialistas y el pueblo de Dios, y acercar a este a las investigaciones de aquellos.<\/p>\n","protected":false},"excerpt":{"rendered":"<p>\u00c1LVAREZ VALD\u00c9S, ARIEL<\/p>\n","protected":false},"featured_media":372869,"template":"","meta":{"_acf_changed":false,"om_disable_all_campaigns":false,"rs_blank_template":"","rs_page_bg_color":"","slide_template_v7":"","inline_featured_image":false,"_monsterinsights_skip_tracking":false,"_monsterinsights_sitenote_active":false,"_monsterinsights_sitenote_note":"","_monsterinsights_sitenote_category":0},"product_brand":[],"product_cat":[90,540],"product_tag":[],"class_list":{"0":"post-144528","1":"product","2":"type-product","3":"status-publish","4":"has-post-thumbnail","6":"product_cat-altres","7":"product_cat-otros","9":"first","10":"instock","11":"taxable","12":"shipping-taxable","13":"purchasable","14":"product-type-simple"},"acf":{"editorial":[{"ID":6390,"post_author":"3","post_date":"2022-07-28 17:51:08","post_date_gmt":"2022-07-28 15:51:08","post_content":"","post_title":"VERBO DIVINO","post_excerpt":"","post_status":"publish","comment_status":"closed","ping_status":"closed","post_password":"","post_name":"verbo-divino","to_ping":"","pinged":"","post_modified":"2022-07-28 17:51:08","post_modified_gmt":"2022-07-28 15:51:08","post_content_filtered":"","post_parent":0,"guid":"http:\/\/dev.claret.cat\/editorial\/verbo-divino\/","menu_order":0,"post_type":"editorial","post_mime_type":"","comment_count":"0","filter":"raw"}],"autor":"\u00c1LVAREZ VALD\u00c9S, ARIEL","codart":"849073452","libros-coleccion":"","ediciones":"1","encuadernacion":"R\u00fastica","fecha_de_publicacion":"03\/12\/2018","novedad":"1","paginas":"176","subtitulo":"...Y OTRAS 19 PREGUNTAS SOBRE LA BIBLIA","orden":"0","portada":"0","idioma":"spa","autores-libros":[{"ID":151077,"post_author":"3","post_date":"2022-10-14 14:38:01","post_date_gmt":"2022-10-14 12:38:01","post_content":"","post_title":"ARIEL ALVAREZ VALDES","post_excerpt":"","post_status":"publish","comment_status":"closed","ping_status":"closed","post_password":"","post_name":"ariel-alvarez-valdes","to_ping":"","pinged":"","post_modified":"2022-10-14 14:38:01","post_modified_gmt":"2022-10-14 12:38:01","post_content_filtered":"","post_parent":0,"guid":"http:\/\/dev.claret.cat\/autor\/ariel-alvarez-valdes\/","menu_order":0,"post_type":"autor","post_mime_type":"","comment_count":"0","filter":"raw"}]},"aioseo_notices":[],"_links":{"self":[{"href":"https:\/\/www.claret.cat\/es\/wp-json\/wp\/v2\/product\/144528","targetHints":{"allow":["GET"]}}],"collection":[{"href":"https:\/\/www.claret.cat\/es\/wp-json\/wp\/v2\/product"}],"about":[{"href":"https:\/\/www.claret.cat\/es\/wp-json\/wp\/v2\/types\/product"}],"wp:featuredmedia":[{"embeddable":true,"href":"https:\/\/www.claret.cat\/es\/wp-json\/wp\/v2\/media\/372869"}],"wp:attachment":[{"href":"https:\/\/www.claret.cat\/es\/wp-json\/wp\/v2\/media?parent=144528"}],"wp:term":[{"taxonomy":"product_brand","embeddable":true,"href":"https:\/\/www.claret.cat\/es\/wp-json\/wp\/v2\/product_brand?post=144528"},{"taxonomy":"product_cat","embeddable":true,"href":"https:\/\/www.claret.cat\/es\/wp-json\/wp\/v2\/product_cat?post=144528"},{"taxonomy":"product_tag","embeddable":true,"href":"https:\/\/www.claret.cat\/es\/wp-json\/wp\/v2\/product_tag?post=144528"}],"curies":[{"name":"wp","href":"https:\/\/api.w.org\/{rel}","templated":true}]}}