{"id":144579,"date":"2022-10-13T14:02:54","date_gmt":"2022-10-13T12:02:54","guid":{"rendered":"http:\/\/dev.claret.cat\/producte\/el-inocente\/"},"modified":"2025-02-04T17:57:51","modified_gmt":"2025-02-04T16:57:51","slug":"el-inocente-9788491871644","status":"publish","type":"product","link":"https:\/\/www.claret.cat\/es\/libro\/el-inocente-9788491871644\/","title":{"rendered":"EL INOCENTE"},"content":{"rendered":"<p>La tranquila vida de Matt Hunter cambi\u00f3 en un instante. Durante una pelea de universitarios que no hab\u00eda comenzado \u00e9l, la mala suerte quiso que matara accidentalmente a otro chico.<br \/>Despu\u00e9s de cumplir condena y dejar la pesadilla atr\u00e1s, Matt puede volver a ser feliz: tiene una mujer maravillosa, va a ser padre y est\u00e1 a punto de comprar una casa en una zona residencial. Todo parece sonre\u00edrle hasta que recibe un mensaje que va a dejar su mundo al borde del precipicio.<\/p>\n","protected":false},"excerpt":{"rendered":"<p>COBEN HARLAN<\/p>\n","protected":false},"featured_media":144580,"template":"","meta":{"_acf_changed":false,"om_disable_all_campaigns":false,"rs_blank_template":"","rs_page_bg_color":"","slide_template_v7":"","inline_featured_image":false,"_monsterinsights_skip_tracking":false,"_monsterinsights_sitenote_active":false,"_monsterinsights_sitenote_note":"","_monsterinsights_sitenote_category":0},"product_brand":[],"product_cat":[87,353],"product_tag":[],"class_list":{"0":"post-144579","1":"product","2":"type-product","3":"status-publish","4":"has-post-thumbnail","6":"product_cat-literatura","7":"product_cat-literatura-2_humanidades","9":"first","10":"instock","11":"taxable","12":"shipping-taxable","13":"purchasable","14":"product-type-simple"},"acf":{"editorial":[{"ID":148737,"post_author":"3","post_date":"2022-10-14 12:00:35","post_date_gmt":"2022-10-14 10:00:35","post_content":"","post_title":"RBA Libros","post_excerpt":"","post_status":"publish","comment_status":"closed","ping_status":"closed","post_password":"","post_name":"rba-libros","to_ping":"","pinged":"","post_modified":"2022-10-14 12:00:35","post_modified_gmt":"2022-10-14 10:00:35","post_content_filtered":"","post_parent":0,"guid":"http:\/\/dev.claret.cat\/editorial\/rba-libros\/","menu_order":0,"post_type":"editorial","post_mime_type":"","comment_count":"0","filter":"raw"}],"autor":"COBEN HARLAN","codart":"849187164","libros-coleccion":"NOVELA POLIC\u00cdACA BIB","ediciones":"1","encuadernacion":"Carton\u00e9","fecha_de_publicacion":"01\/11\/2018","novedad":"1","paginas":"450","subtitulo":"","orden":"0","portada":"0","idioma":"spa","autores-libros":[{"ID":153143,"post_author":"3","post_date":"2022-10-14 14:54:25","post_date_gmt":"2022-10-14 12:54:25","post_content":"","post_title":"COBEN HARLAN","post_excerpt":"","post_status":"publish","comment_status":"closed","ping_status":"closed","post_password":"","post_name":"coben-harlan","to_ping":"","pinged":"","post_modified":"2022-10-14 14:54:25","post_modified_gmt":"2022-10-14 12:54:25","post_content_filtered":"","post_parent":0,"guid":"http:\/\/dev.claret.cat\/autor\/coben-harlan\/","menu_order":0,"post_type":"autor","post_mime_type":"","comment_count":"0","filter":"raw"}]},"aioseo_notices":[],"_links":{"self":[{"href":"https:\/\/www.claret.cat\/es\/wp-json\/wp\/v2\/product\/144579","targetHints":{"allow":["GET"]}}],"collection":[{"href":"https:\/\/www.claret.cat\/es\/wp-json\/wp\/v2\/product"}],"about":[{"href":"https:\/\/www.claret.cat\/es\/wp-json\/wp\/v2\/types\/product"}],"wp:featuredmedia":[{"embeddable":true,"href":"https:\/\/www.claret.cat\/es\/wp-json\/wp\/v2\/media\/144580"}],"wp:attachment":[{"href":"https:\/\/www.claret.cat\/es\/wp-json\/wp\/v2\/media?parent=144579"}],"wp:term":[{"taxonomy":"product_brand","embeddable":true,"href":"https:\/\/www.claret.cat\/es\/wp-json\/wp\/v2\/product_brand?post=144579"},{"taxonomy":"product_cat","embeddable":true,"href":"https:\/\/www.claret.cat\/es\/wp-json\/wp\/v2\/product_cat?post=144579"},{"taxonomy":"product_tag","embeddable":true,"href":"https:\/\/www.claret.cat\/es\/wp-json\/wp\/v2\/product_tag?post=144579"}],"curies":[{"name":"wp","href":"https:\/\/api.w.org\/{rel}","templated":true}]}}