{"id":144597,"date":"2022-10-13T14:03:13","date_gmt":"2022-10-13T12:03:13","guid":{"rendered":"http:\/\/dev.claret.cat\/producte\/el-club-de-las-5-de-la-manana-2\/"},"modified":"2024-04-08T12:31:51","modified_gmt":"2024-04-08T10:31:51","slug":"el-club-de-las-5-de-la-manana-9788425356902","status":"publish","type":"product","link":"https:\/\/www.claret.cat\/es\/libro\/el-club-de-las-5-de-la-manana-9788425356902\/","title":{"rendered":"EL CLUB DE LAS 5 DE LA MA\u00d1ANA"},"content":{"rendered":"<p>\u00abLos libros de Robin Sharma est\u00e1n ayudando a personas de todo el mundo a llevar vidas mejores.\u00bb<br \/>Paulo Coelho Robin Sharma es uno de los mayores expertos mundiales en liderazgo y  desempe\u00f1o. Desarroll\u00f3 el concepto del Club de las 5 de la ma\u00f1ana hace  m\u00e1s de veinte a\u00f1os a partir de los revolucionarios h\u00e1bitos que han  permitido a sus clientes incrementar su productividad, mejorar su salud  y afrontar con serenidad la extremadamente compleja \u00e9poca en que vivimos. Este libro, de profundo impacto personal, nos descubrir\u00e1 las rutinas que  han hecho posible que muchas personas alcancen grandes resultados al tiempo que nuestra felicidad y vitalidad aumenta. A trav\u00e9s de una entretenida historia de dos personas que conocen al mismo tiempo a un exc\u00e9ntrico magnate que termina por convertirse en su mentor, El Club de las 5 de la ma\u00f1ana nos muestra: &#8211; Una forma de aprovechar las ma\u00f1anas para conseguir unos resultados extraordinarios.<br \/>&#8211; Una f\u00f3rmula poco conocida para despertarse temprano con buen \u00e1nimo y  la energ\u00eda necesaria para aprovechar el d\u00eda al m\u00e1ximo.<br \/>&#8211; Un m\u00e9todo para dedicar las horas m\u00e1s tranquilas del d\u00eda a hacer  ejercicio, renovarse y crecer como persona.<br \/>&#8211; Un h\u00e1bito cient\u00edficamente probado que nos permitir\u00e1 levantarnos  mientras los dem\u00e1s siguen durmiendo y disponer as\u00ed de unas horas  preciosas para pensar, potenciar nuestra creatividad y empezar el d\u00eda con calma y sin prisas.<br \/>&#8211; Unas t\u00e1cticas poco conocidas para proteger nuestro talento de la  distracci\u00f3n digital. Rese\u00f1as:<br \/>\u00abEl gur\u00fa estrella del liderazgo.\u00bb<br \/>The Globe and Mail \u00abAunque Sharma rechaza la etiqueta de &#8216;gur\u00fa&#8217;, es dif\u00edcil pensar en este director general de otro modo.\u00bb<br \/>Publishers Weekly \u00abTiene tantos seguidores como Dalai Lama.\u00bb<br \/>The Times of India<\/p>\n","protected":false},"excerpt":{"rendered":"<p>SHARMA, ROBIN<\/p>\n","protected":false},"featured_media":144598,"template":"","meta":{"_acf_changed":false,"om_disable_all_campaigns":false,"rs_blank_template":"","rs_page_bg_color":"","slide_template_v7":"","inline_featured_image":false,"_monsterinsights_skip_tracking":false,"_monsterinsights_sitenote_active":false,"_monsterinsights_sitenote_note":"","_monsterinsights_sitenote_category":0},"product_brand":[],"product_cat":[81,347],"product_tag":[],"class_list":{"0":"post-144597","1":"product","2":"type-product","3":"status-publish","4":"has-post-thumbnail","6":"product_cat-psicologia","7":"product_cat-psicologia-2_humanidades","9":"first","10":"instock","11":"taxable","12":"shipping-taxable","13":"purchasable","14":"product-type-simple"},"acf":{"autor":"SHARMA, ROBIN","codart":"842535690","libros-coleccion":"AUTOAYUDA SUPERACION","ediciones":"1","encuadernacion":"R\u00fastica","fecha_de_publicacion":"01\/12\/2018","novedad":"1","paginas":"394","subtitulo":"CONTROLA TUS MA\u00d1ANAS, IMPULSA TU VIDA","orden":"0","portada":"0","idioma":"spa","editorial":[{"ID":148245,"post_author":"3","post_date":"2022-10-14 11:56:45","post_date_gmt":"2022-10-14 09:56:45","post_content":"","post_title":"HARPER COLLINS","post_excerpt":"","post_status":"publish","comment_status":"closed","ping_status":"closed","post_password":"","post_name":"harper-collins","to_ping":"","pinged":"","post_modified":"2022-10-14 11:56:45","post_modified_gmt":"2022-10-14 09:56:45","post_content_filtered":"","post_parent":0,"guid":"http:\/\/dev.claret.cat\/editorial\/harper-collins\/","menu_order":0,"post_type":"editorial","post_mime_type":"","comment_count":"0","filter":"raw"}],"autores-libros":[{"ID":168299,"post_author":"3","post_date":"2022-10-14 18:18:07","post_date_gmt":"2022-10-14 16:18:07","post_content":"","post_title":"ROBIN SHARMA","post_excerpt":"","post_status":"publish","comment_status":"closed","ping_status":"closed","post_password":"","post_name":"robin-sharma","to_ping":"","pinged":"","post_modified":"2022-10-14 18:18:07","post_modified_gmt":"2022-10-14 16:18:07","post_content_filtered":"","post_parent":0,"guid":"http:\/\/dev.claret.cat\/autor\/robin-sharma\/","menu_order":0,"post_type":"autor","post_mime_type":"","comment_count":"0","filter":"raw"}]},"aioseo_notices":[],"_links":{"self":[{"href":"https:\/\/www.claret.cat\/es\/wp-json\/wp\/v2\/product\/144597","targetHints":{"allow":["GET"]}}],"collection":[{"href":"https:\/\/www.claret.cat\/es\/wp-json\/wp\/v2\/product"}],"about":[{"href":"https:\/\/www.claret.cat\/es\/wp-json\/wp\/v2\/types\/product"}],"wp:featuredmedia":[{"embeddable":true,"href":"https:\/\/www.claret.cat\/es\/wp-json\/wp\/v2\/media\/144598"}],"wp:attachment":[{"href":"https:\/\/www.claret.cat\/es\/wp-json\/wp\/v2\/media?parent=144597"}],"wp:term":[{"taxonomy":"product_brand","embeddable":true,"href":"https:\/\/www.claret.cat\/es\/wp-json\/wp\/v2\/product_brand?post=144597"},{"taxonomy":"product_cat","embeddable":true,"href":"https:\/\/www.claret.cat\/es\/wp-json\/wp\/v2\/product_cat?post=144597"},{"taxonomy":"product_tag","embeddable":true,"href":"https:\/\/www.claret.cat\/es\/wp-json\/wp\/v2\/product_tag?post=144597"}],"curies":[{"name":"wp","href":"https:\/\/api.w.org\/{rel}","templated":true}]}}