{"id":14460,"date":"2022-10-01T22:51:53","date_gmt":"2022-10-01T20:51:53","guid":{"rendered":"http:\/\/dev.claret.cat\/producte\/en-busca-de-la-tranquilidad\/"},"modified":"2023-01-28T09:13:32","modified_gmt":"2023-01-28T08:13:32","slug":"en-busca-de-la-tranquilidad-9788412424102","status":"publish","type":"product","link":"https:\/\/www.claret.cat\/es\/libro\/en-busca-de-la-tranquilidad-9788412424102\/","title":{"rendered":"EN BUSCA DE LA TRANQUILIDAD"},"content":{"rendered":"<p>Integrando los conocimientos provenientes de antiguas tradiciones, la neurociencia moderna y la psicolog\u00eda contempor\u00e1nea, este libro proporciona una gran cantidad de herramientas pr\u00e1cticas que cualquiera puede usar para vivir una vida m\u00e1s rica, feliz, plena y pac\u00edfica, un texto l\u00facido que nos invita a amar y cultivar una emoci\u00f3n largo tiempo desheradada del favor de nuestra cultura: la tranquilidad. El autor, con habilidad y sabidur\u00eda, nos va descubriendo -pormedio de reflexiones y de pr\u00e1cticas- diversos caminos que pueden conducirnos al disfrute de la serenidad reparadora y deleitosa. Invito al lector a que se deje orientar por las sabias instrucciones, a fin de transitar pronto esa escondida senda cuya meta es la liberaci\u00f3n del agobio y de la ansiedad.<\/p>\n","protected":false},"excerpt":{"rendered":"<p>PEREYRA SAEZ, GONZALO<\/p>\n","protected":false},"featured_media":62814,"template":"","meta":{"_acf_changed":false,"om_disable_all_campaigns":false,"rs_blank_template":"","rs_page_bg_color":"","slide_template_v7":"","inline_featured_image":false,"_monsterinsights_skip_tracking":false,"_monsterinsights_sitenote_active":false,"_monsterinsights_sitenote_note":"","_monsterinsights_sitenote_category":0},"product_brand":[],"product_cat":[179],"product_tag":[],"class_list":{"0":"post-14460","1":"product","2":"type-product","3":"status-publish","4":"has-post-thumbnail","6":"product_cat-autoajuda-i-salut-mental","8":"first","9":"instock","10":"taxable","11":"shipping-taxable","12":"purchasable","13":"product-type-simple"},"acf":{"autor":"PEREYRA SAEZ, GONZALO","codart":"841242410","libros-coleccion":"","ediciones":"1","encuadernacion":"Carton\u00e9","fecha_de_publicacion":"01\/10\/2021","novedad":"1","paginas":"214","subtitulo":"REFLEXIONES Y PR\u00c1CTICAS BASADAS EN MINDFULNESS","orden":"0","portada":"0","idioma":"spa","editorial":[{"ID":147792,"post_author":"3","post_date":"2022-10-14 11:53:15","post_date_gmt":"2022-10-14 09:53:15","post_content":"","post_title":"EDICIONES CORONA BOREALIS","post_excerpt":"","post_status":"publish","comment_status":"closed","ping_status":"closed","post_password":"","post_name":"ediciones-corona-borealis","to_ping":"","pinged":"","post_modified":"2022-10-14 11:53:15","post_modified_gmt":"2022-10-14 09:53:15","post_content_filtered":"","post_parent":0,"guid":"http:\/\/dev.claret.cat\/editorial\/ediciones-corona-borealis\/","menu_order":0,"post_type":"editorial","post_mime_type":"","comment_count":"0","filter":"raw"}],"autores-libros":[{"ID":157055,"post_author":"3","post_date":"2022-10-14 15:25:46","post_date_gmt":"2022-10-14 13:25:46","post_content":"","post_title":"GONZALO PEREYRA S\u00c1EZ","post_excerpt":"","post_status":"publish","comment_status":"closed","ping_status":"closed","post_password":"","post_name":"gonzalo-pereyra-saez","to_ping":"","pinged":"","post_modified":"2022-10-14 15:25:46","post_modified_gmt":"2022-10-14 13:25:46","post_content_filtered":"","post_parent":0,"guid":"http:\/\/dev.claret.cat\/autor\/gonzalo-pereyra-saez\/","menu_order":0,"post_type":"autor","post_mime_type":"","comment_count":"0","filter":"raw"}]},"aioseo_notices":[],"_links":{"self":[{"href":"https:\/\/www.claret.cat\/es\/wp-json\/wp\/v2\/product\/14460","targetHints":{"allow":["GET"]}}],"collection":[{"href":"https:\/\/www.claret.cat\/es\/wp-json\/wp\/v2\/product"}],"about":[{"href":"https:\/\/www.claret.cat\/es\/wp-json\/wp\/v2\/types\/product"}],"wp:featuredmedia":[{"embeddable":true,"href":"https:\/\/www.claret.cat\/es\/wp-json\/wp\/v2\/media\/62814"}],"wp:attachment":[{"href":"https:\/\/www.claret.cat\/es\/wp-json\/wp\/v2\/media?parent=14460"}],"wp:term":[{"taxonomy":"product_brand","embeddable":true,"href":"https:\/\/www.claret.cat\/es\/wp-json\/wp\/v2\/product_brand?post=14460"},{"taxonomy":"product_cat","embeddable":true,"href":"https:\/\/www.claret.cat\/es\/wp-json\/wp\/v2\/product_cat?post=14460"},{"taxonomy":"product_tag","embeddable":true,"href":"https:\/\/www.claret.cat\/es\/wp-json\/wp\/v2\/product_tag?post=14460"}],"curies":[{"name":"wp","href":"https:\/\/api.w.org\/{rel}","templated":true}]}}