{"id":144672,"date":"2022-10-13T14:04:28","date_gmt":"2022-10-13T12:04:28","guid":{"rendered":"http:\/\/dev.claret.cat\/producte\/refugiados-exiliados-y-retornados-en-los-mundos-ibericos\/"},"modified":"2023-01-28T22:02:47","modified_gmt":"2023-01-28T21:02:47","slug":"refugiados-exiliados-y-retornados-en-los-mundos-ibericos-9788437507828","status":"publish","type":"product","link":"https:\/\/www.claret.cat\/es\/libro\/refugiados-exiliados-y-retornados-en-los-mundos-ibericos-9788437507828\/","title":{"rendered":"REFUGIADOS, EXILIADOS Y RETORNADOS EN LOS MUNDOS IB\u00c9RICOS"},"content":{"rendered":"<p>Perseguidos por sus creencias, expulsados por su origen o por su pobreza, rechazados por sus opiniones y exiliados por sociedades que les rechazaban y gobiernos que les tem\u00edan. A lo largo de la historia los seres humanos se han visto en la necesidad de abandonar su casa y buscar una vida mejor en nuevas tierras, bien para iniciar un nuevo cap\u00edtulo de sus vidas, bien para esperar el tiempo propicio de un retorno al hogar. Analizar estos movimientos forzados de poblaci\u00f3n como un reflejo de las sociedades que los repudiaron permite comprender no solo los mecanismos de toma de decisi\u00f3n de las personas y comunidades perseguidas, las formas de acogida y protecci\u00f3n hacia quienes llegaban o la misericordia hacia los pr\u00f3fugos, sino tambi\u00e9n los procesos de afirmaci\u00f3n que hac\u00eda intolerable su presencia. Las din\u00e1micas de los exilios, del siglo xv al siglo xx, hacen visibles las bases excluyentes sobre las que se erigieron los poderes occidentales y muestran c\u00f3mo estas cambiaron. De la religi\u00f3n a la pol\u00edtica, de la naci\u00f3n a la ideolog\u00eda, las justificaciones de los exilios, pero tambi\u00e9n las de la acogida de quienes los padec\u00edan, defin\u00edan el mundo ideal que se quer\u00eda construir. Una historia global de los refugios, y no solo la de uno u otro, descubre las permanencias y los cambios, los conflictos y las contradicciones, las certezas y las dudas de quienes los vivieron, y evidencia que fueron una constante de las sociedades modernas, lejos de la imagen cl\u00e1sica de que es una peculiaridad de los mundos ib\u00e9ricos.<\/p>\n","protected":false},"excerpt":{"rendered":"<p>JOS\u00c9 JAVIER RUIZ IB\u00c1\u00d1EZ Y BERNARD VINCENT (COORDS.)<\/p>\n","protected":false},"featured_media":144673,"template":"","meta":{"_acf_changed":false,"om_disable_all_campaigns":false,"rs_blank_template":"","rs_page_bg_color":"","slide_template_v7":"","inline_featured_image":false,"_monsterinsights_skip_tracking":false,"_monsterinsights_sitenote_active":false,"_monsterinsights_sitenote_note":"","_monsterinsights_sitenote_category":0},"product_brand":[],"product_cat":[85,84],"product_tag":[],"class_list":{"0":"post-144672","1":"product","2":"type-product","3":"status-publish","4":"has-post-thumbnail","6":"product_cat-historia","7":"product_cat-sociologia","9":"first","10":"instock","11":"taxable","12":"shipping-taxable","13":"purchasable","14":"product-type-simple"},"acf":{"autor":"JOS\u00c9 JAVIER RUIZ IB\u00c1\u00d1EZ Y BERNARD VINCENT (COORDS.)","codart":"843750782","libros-coleccion":"Historia","ediciones":"1","encuadernacion":"Carpeta","fecha_de_publicacion":"01\/11\/2018","novedad":"1","paginas":"509","subtitulo":"","orden":"0","portada":"0","idioma":"spa","editorial":[{"ID":148153,"post_author":"3","post_date":"2022-10-14 11:56:03","post_date_gmt":"2022-10-14 09:56:03","post_content":"","post_title":"Fondo de Cultura Econ\u00f3mica de Espa\u00f1a","post_excerpt":"","post_status":"publish","comment_status":"closed","ping_status":"closed","post_password":"","post_name":"fondo-de-cultura-economica-de-espana","to_ping":"","pinged":"","post_modified":"2022-10-14 11:56:03","post_modified_gmt":"2022-10-14 09:56:03","post_content_filtered":"","post_parent":0,"guid":"http:\/\/dev.claret.cat\/editorial\/fondo-de-cultura-economica-de-espana\/","menu_order":0,"post_type":"editorial","post_mime_type":"","comment_count":"0","filter":"raw"}],"autores-libros":[{"ID":160291,"post_author":"3","post_date":"2022-10-14 15:51:53","post_date_gmt":"2022-10-14 13:51:53","post_content":"","post_title":"JOS\u00c9 JAVIER RUIZ IB\u00c1\u00d1EZ Y BERNARD VINCENT (COORDS.)","post_excerpt":"","post_status":"publish","comment_status":"closed","ping_status":"closed","post_password":"","post_name":"jose-javier-ruiz-ibanez-y-bernard-vincent-coords","to_ping":"","pinged":"","post_modified":"2022-10-14 15:51:53","post_modified_gmt":"2022-10-14 13:51:53","post_content_filtered":"","post_parent":0,"guid":"http:\/\/dev.claret.cat\/autor\/jose-javier-ruiz-ibanez-y-bernard-vincent-coords\/","menu_order":0,"post_type":"autor","post_mime_type":"","comment_count":"0","filter":"raw"}]},"aioseo_notices":[],"_links":{"self":[{"href":"https:\/\/www.claret.cat\/es\/wp-json\/wp\/v2\/product\/144672","targetHints":{"allow":["GET"]}}],"collection":[{"href":"https:\/\/www.claret.cat\/es\/wp-json\/wp\/v2\/product"}],"about":[{"href":"https:\/\/www.claret.cat\/es\/wp-json\/wp\/v2\/types\/product"}],"wp:featuredmedia":[{"embeddable":true,"href":"https:\/\/www.claret.cat\/es\/wp-json\/wp\/v2\/media\/144673"}],"wp:attachment":[{"href":"https:\/\/www.claret.cat\/es\/wp-json\/wp\/v2\/media?parent=144672"}],"wp:term":[{"taxonomy":"product_brand","embeddable":true,"href":"https:\/\/www.claret.cat\/es\/wp-json\/wp\/v2\/product_brand?post=144672"},{"taxonomy":"product_cat","embeddable":true,"href":"https:\/\/www.claret.cat\/es\/wp-json\/wp\/v2\/product_cat?post=144672"},{"taxonomy":"product_tag","embeddable":true,"href":"https:\/\/www.claret.cat\/es\/wp-json\/wp\/v2\/product_tag?post=144672"}],"curies":[{"name":"wp","href":"https:\/\/api.w.org\/{rel}","templated":true}]}}