{"id":144709,"date":"2022-10-13T14:05:05","date_gmt":"2022-10-13T12:05:05","guid":{"rendered":"http:\/\/dev.claret.cat\/producte\/los-tipos-iconograficos-de-la-tradicion-cristiana-4-los-angeles-iii\/"},"modified":"2023-02-27T19:16:20","modified_gmt":"2023-02-27T18:16:20","slug":"los-tipos-iconograficos-de-la-tradicion-cristiana-4-los-angeles-iii-9788490559413","status":"publish","type":"product","link":"https:\/\/www.claret.cat\/es\/libro\/los-tipos-iconograficos-de-la-tradicion-cristiana-4-los-angeles-iii-9788490559413\/","title":{"rendered":"LOS TIPOS ICONOGR\u00c1FICOS DE LA TRADICI\u00d3N CRISTIANA 4. LOS \u00c1NGELES III"},"content":{"rendered":"<p>Este cuarto volumen de la colecci\u00f3n \u00abLos tipos iconogr\u00e1ficos de la tradici\u00f3n cristiana\u00bb es el tercero dedicado a la representaci\u00f3n iconogr\u00e1fica de los \u00e1ngeles. En esta ocasi\u00f3n su contenido se centra en la iconograf\u00eda del angel m\u00fasico y en el concepto cristiano de la m\u00fasica celeste, noci\u00f3n especialmente compleja surgida de la s\u00edntesis diversas creencias religiosas cuyo fundamento principal es la relaci\u00f3n entre el movimiento de los cuerpos celestes y la m\u00fasica seg\u00fan las leyes matem\u00e1ticas.<br \/> El volumen se inserta en un ambicioso proyecto que ofrece un compendio exhaustivo de los principales tipos desplegados por la visualidad art\u00edstica a lo largo de los siglos, ofreciendo a los historiadores del Arte una perspectiva diferente para la soluci\u00f3n de los tradicionales problemas de orden iconogr\u00e1fico y abriendo el camino hacia un cambio sustancial metodol\u00f3gico en la orientaci\u00f3n de esta disciplina.<\/p>\n","protected":false},"excerpt":{"rendered":"<p>GARC\u00cdA MAH\u00cdQUES, RAFAEL<\/p>\n","protected":false},"featured_media":144710,"template":"","meta":{"_acf_changed":false,"om_disable_all_campaigns":false,"rs_blank_template":"","rs_page_bg_color":"","slide_template_v7":"","inline_featured_image":false,"_monsterinsights_skip_tracking":false,"_monsterinsights_sitenote_active":false,"_monsterinsights_sitenote_note":"","_monsterinsights_sitenote_category":0},"product_brand":[],"product_cat":[345,79],"product_tag":[],"class_list":{"0":"post-144709","1":"product","2":"type-product","3":"status-publish","4":"has-post-thumbnail","6":"product_cat-espiritualidad","7":"product_cat-espiritualitat","9":"first","10":"instock","11":"taxable","12":"shipping-taxable","13":"purchasable","14":"product-type-simple"},"acf":{"editorial":[{"ID":148092,"post_author":"3","post_date":"2022-10-14 11:55:34","post_date_gmt":"2022-10-14 09:55:34","post_content":"","post_title":"Encuentro","post_excerpt":"","post_status":"publish","comment_status":"closed","ping_status":"closed","post_password":"","post_name":"encuentro","to_ping":"","pinged":"","post_modified":"2022-10-14 11:55:34","post_modified_gmt":"2022-10-14 09:55:34","post_content_filtered":"","post_parent":0,"guid":"http:\/\/dev.claret.cat\/editorial\/encuentro\/","menu_order":0,"post_type":"editorial","post_mime_type":"","comment_count":"0","filter":"raw"}],"autor":"GARC\u00cdA MAH\u00cdQUES, RAFAEL","codart":"849055941","libros-coleccion":"","ediciones":"1","encuadernacion":"Carton\u00e9","fecha_de_publicacion":"29\/11\/2018","novedad":"1","paginas":"696","subtitulo":"LOS \u00c1NGELES III. LA M\u00daSICA DEL CIELO.","orden":"0","portada":"0","idioma":"spa","autores-libros":[{"ID":167579,"post_author":"3","post_date":"2022-10-14 18:12:20","post_date_gmt":"2022-10-14 16:12:20","post_content":"","post_title":"RAFAEL GARC\u00cdA MAH\u00cdQUES","post_excerpt":"","post_status":"publish","comment_status":"closed","ping_status":"closed","post_password":"","post_name":"rafael-garcia-mahiques","to_ping":"","pinged":"","post_modified":"2022-10-14 18:12:20","post_modified_gmt":"2022-10-14 16:12:20","post_content_filtered":"","post_parent":0,"guid":"http:\/\/dev.claret.cat\/autor\/rafael-garcia-mahiques\/","menu_order":0,"post_type":"autor","post_mime_type":"","comment_count":"0","filter":"raw"}]},"aioseo_notices":[],"_links":{"self":[{"href":"https:\/\/www.claret.cat\/es\/wp-json\/wp\/v2\/product\/144709","targetHints":{"allow":["GET"]}}],"collection":[{"href":"https:\/\/www.claret.cat\/es\/wp-json\/wp\/v2\/product"}],"about":[{"href":"https:\/\/www.claret.cat\/es\/wp-json\/wp\/v2\/types\/product"}],"wp:featuredmedia":[{"embeddable":true,"href":"https:\/\/www.claret.cat\/es\/wp-json\/wp\/v2\/media\/144710"}],"wp:attachment":[{"href":"https:\/\/www.claret.cat\/es\/wp-json\/wp\/v2\/media?parent=144709"}],"wp:term":[{"taxonomy":"product_brand","embeddable":true,"href":"https:\/\/www.claret.cat\/es\/wp-json\/wp\/v2\/product_brand?post=144709"},{"taxonomy":"product_cat","embeddable":true,"href":"https:\/\/www.claret.cat\/es\/wp-json\/wp\/v2\/product_cat?post=144709"},{"taxonomy":"product_tag","embeddable":true,"href":"https:\/\/www.claret.cat\/es\/wp-json\/wp\/v2\/product_tag?post=144709"}],"curies":[{"name":"wp","href":"https:\/\/api.w.org\/{rel}","templated":true}]}}