{"id":144712,"date":"2022-10-13T14:05:08","date_gmt":"2022-10-13T12:05:08","guid":{"rendered":"http:\/\/dev.claret.cat\/producte\/lodissea-culinaria\/"},"modified":"2025-02-01T01:03:04","modified_gmt":"2025-02-01T00:03:04","slug":"lodissea-culinaria-9788494906619","status":"publish","type":"product","link":"https:\/\/www.claret.cat\/es\/libro\/lodissea-culinaria-9788494906619\/","title":{"rendered":"L&#8217;ODISSEA CULIN\u00c0RIA"},"content":{"rendered":"<p>Aquest llibre us proposa un viatge imaginari a trav\u00e9s de set men\u00fas que fan la flaire c\u00e0lida del nord d&#8217;\u00c0frica, picant i perfumada del Pr\u00f2xim Orient, refrescant de les illes&#8230; sempre amb receptes clares, f\u00e0cils i detallades amb tota cura perqu\u00e8 resultin infal\u00b7libles. Una odissea de la qual no voldreu tornar.<\/p>\n","protected":false},"excerpt":{"rendered":"<p>HERCE CARMONA, ENRIC \/ F\u00c0BREGA I COLOM, JAUME<\/p>\n","protected":false},"featured_media":144713,"template":"","meta":{"_acf_changed":false,"om_disable_all_campaigns":false,"rs_blank_template":"","rs_page_bg_color":"","slide_template_v7":"","inline_featured_image":false,"_monsterinsights_skip_tracking":false,"_monsterinsights_sitenote_active":false,"_monsterinsights_sitenote_note":"","_monsterinsights_sitenote_category":0},"product_brand":[],"product_cat":[553,103],"product_tag":[],"class_list":{"0":"post-144712","1":"product","2":"type-product","3":"status-publish","4":"has-post-thumbnail","6":"product_cat-cocina","7":"product_cat-cuina","9":"first","10":"instock","11":"taxable","12":"shipping-taxable","13":"purchasable","14":"product-type-simple"},"acf":{"editorial":[{"ID":6392,"post_author":"3","post_date":"2022-07-28 17:51:10","post_date_gmt":"2022-07-28 15:51:10","post_content":"","post_title":"Viena","post_excerpt":"","post_status":"publish","comment_status":"closed","ping_status":"closed","post_password":"","post_name":"viena","to_ping":"","pinged":"","post_modified":"2022-07-28 17:51:10","post_modified_gmt":"2022-07-28 15:51:10","post_content_filtered":"","post_parent":0,"guid":"http:\/\/dev.claret.cat\/editorial\/viena\/","menu_order":0,"post_type":"editorial","post_mime_type":"","comment_count":"0","filter":"raw"}],"autor":"HERCE CARMONA, ENRIC \/ F\u00c0BREGA I COLOM, JAUME","codart":"849490661","libros-coleccion":"Milfulls","ediciones":"1","encuadernacion":"Carton\u00e9","fecha_de_publicacion":"01\/11\/2018","novedad":"1","paginas":"205","subtitulo":"VIATGES PER LA GASTRONOMIA DE LA MEDITERR\u00c0NIA","orden":"0","portada":"0","idioma":"cat","autores-libros":[{"ID":155111,"post_author":"3","post_date":"2022-10-14 15:10:15","post_date_gmt":"2022-10-14 13:10:15","post_content":"","post_title":"ENRIC HERCE CARMONA","post_excerpt":"","post_status":"publish","comment_status":"closed","ping_status":"closed","post_password":"","post_name":"enric-herce-carmona","to_ping":"","pinged":"","post_modified":"2022-10-14 15:10:15","post_modified_gmt":"2022-10-14 13:10:15","post_content_filtered":"","post_parent":0,"guid":"http:\/\/dev.claret.cat\/autor\/enric-herce-carmona\/","menu_order":0,"post_type":"autor","post_mime_type":"","comment_count":"0","filter":"raw"},{"ID":158585,"post_author":"3","post_date":"2022-10-14 15:38:01","post_date_gmt":"2022-10-14 13:38:01","post_content":"","post_title":"JAUME F\u00c0BREGA I COLOM","post_excerpt":"","post_status":"publish","comment_status":"closed","ping_status":"closed","post_password":"","post_name":"jaume-fabrega-i-colom","to_ping":"","pinged":"","post_modified":"2022-10-14 15:38:01","post_modified_gmt":"2022-10-14 13:38:01","post_content_filtered":"","post_parent":0,"guid":"http:\/\/dev.claret.cat\/autor\/jaume-fabrega-i-colom\/","menu_order":0,"post_type":"autor","post_mime_type":"","comment_count":"0","filter":"raw"}]},"aioseo_notices":[],"_links":{"self":[{"href":"https:\/\/www.claret.cat\/es\/wp-json\/wp\/v2\/product\/144712","targetHints":{"allow":["GET"]}}],"collection":[{"href":"https:\/\/www.claret.cat\/es\/wp-json\/wp\/v2\/product"}],"about":[{"href":"https:\/\/www.claret.cat\/es\/wp-json\/wp\/v2\/types\/product"}],"wp:featuredmedia":[{"embeddable":true,"href":"https:\/\/www.claret.cat\/es\/wp-json\/wp\/v2\/media\/144713"}],"wp:attachment":[{"href":"https:\/\/www.claret.cat\/es\/wp-json\/wp\/v2\/media?parent=144712"}],"wp:term":[{"taxonomy":"product_brand","embeddable":true,"href":"https:\/\/www.claret.cat\/es\/wp-json\/wp\/v2\/product_brand?post=144712"},{"taxonomy":"product_cat","embeddable":true,"href":"https:\/\/www.claret.cat\/es\/wp-json\/wp\/v2\/product_cat?post=144712"},{"taxonomy":"product_tag","embeddable":true,"href":"https:\/\/www.claret.cat\/es\/wp-json\/wp\/v2\/product_tag?post=144712"}],"curies":[{"name":"wp","href":"https:\/\/api.w.org\/{rel}","templated":true}]}}