{"id":144736,"date":"2022-10-13T14:05:30","date_gmt":"2022-10-13T12:05:30","guid":{"rendered":"http:\/\/dev.claret.cat\/producte\/la-maleta-2\/"},"modified":"2023-01-28T10:06:15","modified_gmt":"2023-01-28T09:06:15","slug":"la-maleta-9788494584367","status":"publish","type":"product","link":"https:\/\/www.claret.cat\/es\/libro\/la-maleta-9788494584367\/","title":{"rendered":"LA MALETA"},"content":{"rendered":"<p>Una maleta que passa de m\u00e0 en m\u00e0, testimoni silenci\u00f3s de vides diferents que transcorren al llarg del segle XX. Les col\u00f2nies t\u00e8xtils, la revoluci\u00f3 obrera, la guerra civil, l&#8217;exili, el feix l&#8217;amor i no la guerra, la caiguda del franquisme. I les migracions cont\u00ednues que -volgudes o no-, no es detenen. Qui no t\u00e9 dret a omplir una maleta amb el somni d&#8217;una vida millor?<\/p>\n","protected":false},"excerpt":{"rendered":"<p>PARERA, N\u00daRIA<\/p>\n","protected":false},"featured_media":321385,"template":"","meta":{"_acf_changed":false,"om_disable_all_campaigns":false,"rs_blank_template":"","rs_page_bg_color":"","slide_template_v7":"","inline_featured_image":false,"_monsterinsights_skip_tracking":false,"_monsterinsights_sitenote_active":false,"_monsterinsights_sitenote_note":"","_monsterinsights_sitenote_category":0},"product_brand":[],"product_cat":[87,353],"product_tag":[],"class_list":{"0":"post-144736","1":"product","2":"type-product","3":"status-publish","4":"has-post-thumbnail","6":"product_cat-literatura","7":"product_cat-literatura-2_humanidades","9":"first","10":"instock","11":"taxable","12":"shipping-taxable","13":"purchasable","14":"product-type-simple"},"acf":{"editorial":[{"ID":147514,"post_author":"3","post_date":"2022-10-14 11:51:09","post_date_gmt":"2022-10-14 09:51:09","post_content":"","post_title":"Babulinka Llibres","post_excerpt":"","post_status":"publish","comment_status":"closed","ping_status":"closed","post_password":"","post_name":"babulinka-llibres","to_ping":"","pinged":"","post_modified":"2022-10-14 11:51:09","post_modified_gmt":"2022-10-14 09:51:09","post_content_filtered":"","post_parent":0,"guid":"http:\/\/dev.claret.cat\/editorial\/babulinka-llibres\/","menu_order":0,"post_type":"editorial","post_mime_type":"","comment_count":"0","filter":"raw"}],"autor":"PARERA, N\u00daRIA","codart":"849458436","libros-coleccion":"Petites Joies per a Grans Lectors","ediciones":"1","encuadernacion":"Carton\u00e9","fecha_de_publicacion":"01\/11\/2018","novedad":"1","paginas":"82","subtitulo":"","orden":"0","portada":"0","idioma":"cat","autores-libros":[{"ID":166051,"post_author":"3","post_date":"2022-10-14 18:00:02","post_date_gmt":"2022-10-14 16:00:02","post_content":"","post_title":"N\u00daRIA PARERA","post_excerpt":"","post_status":"publish","comment_status":"closed","ping_status":"closed","post_password":"","post_name":"nuria-parera","to_ping":"","pinged":"","post_modified":"2022-10-14 18:00:02","post_modified_gmt":"2022-10-14 16:00:02","post_content_filtered":"","post_parent":0,"guid":"http:\/\/dev.claret.cat\/autor\/nuria-parera\/","menu_order":0,"post_type":"autor","post_mime_type":"","comment_count":"0","filter":"raw"}]},"aioseo_notices":[],"_links":{"self":[{"href":"https:\/\/www.claret.cat\/es\/wp-json\/wp\/v2\/product\/144736","targetHints":{"allow":["GET"]}}],"collection":[{"href":"https:\/\/www.claret.cat\/es\/wp-json\/wp\/v2\/product"}],"about":[{"href":"https:\/\/www.claret.cat\/es\/wp-json\/wp\/v2\/types\/product"}],"wp:featuredmedia":[{"embeddable":true,"href":"https:\/\/www.claret.cat\/es\/wp-json\/wp\/v2\/media\/321385"}],"wp:attachment":[{"href":"https:\/\/www.claret.cat\/es\/wp-json\/wp\/v2\/media?parent=144736"}],"wp:term":[{"taxonomy":"product_brand","embeddable":true,"href":"https:\/\/www.claret.cat\/es\/wp-json\/wp\/v2\/product_brand?post=144736"},{"taxonomy":"product_cat","embeddable":true,"href":"https:\/\/www.claret.cat\/es\/wp-json\/wp\/v2\/product_cat?post=144736"},{"taxonomy":"product_tag","embeddable":true,"href":"https:\/\/www.claret.cat\/es\/wp-json\/wp\/v2\/product_tag?post=144736"}],"curies":[{"name":"wp","href":"https:\/\/api.w.org\/{rel}","templated":true}]}}