{"id":144739,"date":"2022-10-13T14:05:33","date_gmt":"2022-10-13T12:05:33","guid":{"rendered":"http:\/\/dev.claret.cat\/producte\/la-maleta-3\/"},"modified":"2023-01-28T15:14:48","modified_gmt":"2023-01-28T14:14:48","slug":"la-maleta-9788494584275","status":"publish","type":"product","link":"https:\/\/www.claret.cat\/es\/libro\/la-maleta-9788494584275\/","title":{"rendered":"LA MALETA"},"content":{"rendered":"<p>Una maleta que pasa de mano en mano, testigo silencioso de vidas diferentes que transcurren a lo largo del siglo XX. Las colonias textiles, la revoluci\u00f3n obrera, la guerra civil, el exilio, el haz el amor y no la guerra, la ca\u00edda del franquismo. Y las migraciones continuas que -queridas o no-, no se detienen. \u00bfQui\u00e9n no tiene derecho a llenar una maleta con el sue\u00f1o de una vida mejor?<\/p>\n","protected":false},"excerpt":{"rendered":"<p>PARERA, N\u00daRIA<\/p>\n","protected":false},"featured_media":321370,"template":"","meta":{"_acf_changed":false,"om_disable_all_campaigns":false,"rs_blank_template":"","rs_page_bg_color":"","slide_template_v7":"","inline_featured_image":false,"_monsterinsights_skip_tracking":false,"_monsterinsights_sitenote_active":false,"_monsterinsights_sitenote_note":"","_monsterinsights_sitenote_category":0},"product_brand":[],"product_cat":[87,353,105,555],"product_tag":[],"class_list":{"0":"post-144739","1":"product","2":"type-product","3":"status-publish","4":"has-post-thumbnail","6":"product_cat-literatura","7":"product_cat-literatura-2_humanidades","8":"product_cat-regal","9":"product_cat-regalo","11":"first","12":"instock","13":"taxable","14":"shipping-taxable","15":"purchasable","16":"product-type-simple"},"acf":{"editorial":[{"ID":147513,"post_author":"3","post_date":"2022-10-14 11:51:09","post_date_gmt":"2022-10-14 09:51:09","post_content":"","post_title":"Babulinka Libros","post_excerpt":"","post_status":"publish","comment_status":"closed","ping_status":"closed","post_password":"","post_name":"babulinka-libros","to_ping":"","pinged":"","post_modified":"2022-10-14 11:51:09","post_modified_gmt":"2022-10-14 09:51:09","post_content_filtered":"","post_parent":0,"guid":"http:\/\/dev.claret.cat\/editorial\/babulinka-libros\/","menu_order":0,"post_type":"editorial","post_mime_type":"","comment_count":"0","filter":"raw"}],"autor":"PARERA, N\u00daRIA","codart":"849458427","libros-coleccion":"PEQUE\u00d1AS JOYAS PARA GRANDES LECTORES","ediciones":"1","encuadernacion":"Carton\u00e9","fecha_de_publicacion":"01\/11\/2018","novedad":"1","paginas":"82","subtitulo":"","orden":"0","portada":"0","idioma":"spa","autores-libros":[{"ID":166051,"post_author":"3","post_date":"2022-10-14 18:00:02","post_date_gmt":"2022-10-14 16:00:02","post_content":"","post_title":"N\u00daRIA PARERA","post_excerpt":"","post_status":"publish","comment_status":"closed","ping_status":"closed","post_password":"","post_name":"nuria-parera","to_ping":"","pinged":"","post_modified":"2022-10-14 18:00:02","post_modified_gmt":"2022-10-14 16:00:02","post_content_filtered":"","post_parent":0,"guid":"http:\/\/dev.claret.cat\/autor\/nuria-parera\/","menu_order":0,"post_type":"autor","post_mime_type":"","comment_count":"0","filter":"raw"}]},"aioseo_notices":[],"_links":{"self":[{"href":"https:\/\/www.claret.cat\/es\/wp-json\/wp\/v2\/product\/144739","targetHints":{"allow":["GET"]}}],"collection":[{"href":"https:\/\/www.claret.cat\/es\/wp-json\/wp\/v2\/product"}],"about":[{"href":"https:\/\/www.claret.cat\/es\/wp-json\/wp\/v2\/types\/product"}],"wp:featuredmedia":[{"embeddable":true,"href":"https:\/\/www.claret.cat\/es\/wp-json\/wp\/v2\/media\/321370"}],"wp:attachment":[{"href":"https:\/\/www.claret.cat\/es\/wp-json\/wp\/v2\/media?parent=144739"}],"wp:term":[{"taxonomy":"product_brand","embeddable":true,"href":"https:\/\/www.claret.cat\/es\/wp-json\/wp\/v2\/product_brand?post=144739"},{"taxonomy":"product_cat","embeddable":true,"href":"https:\/\/www.claret.cat\/es\/wp-json\/wp\/v2\/product_cat?post=144739"},{"taxonomy":"product_tag","embeddable":true,"href":"https:\/\/www.claret.cat\/es\/wp-json\/wp\/v2\/product_tag?post=144739"}],"curies":[{"name":"wp","href":"https:\/\/api.w.org\/{rel}","templated":true}]}}