{"id":14475,"date":"2022-10-01T22:52:07","date_gmt":"2022-10-01T20:52:07","guid":{"rendered":"http:\/\/dev.claret.cat\/producte\/laccident-de-caca\/"},"modified":"2023-01-28T21:55:43","modified_gmt":"2023-01-28T20:55:43","slug":"laccident-de-caca-9788412426113","status":"publish","type":"product","link":"https:\/\/www.claret.cat\/es\/libro\/laccident-de-caca-9788412426113\/","title":{"rendered":"L&#8217;ACCIDENT DE CA\u00c7A"},"content":{"rendered":"<p>Matt Rizzo, un intel\u00b7lectual exc\u00e8ntric que escriu poemes en braille, ha perdut la visi\u00f3 en un accident de ca\u00e7a. O, si m\u00e9s no, aquesta \u00e9s la versi\u00f3 que  coneix el seu fill Charlie. Quan el jove hagi d&#8217;entomar les conseq\u00fc\u00e8ncies dels seus delictes, descobrir\u00e0 la veritat: el seu pare es va quedar cec per un tret d&#8221;escopeta durant el transcurs d&#8217;un robatori a m\u00e0 armada. Engarjolat a la pres\u00f3 d&#8217;Stateville, en Matt comparteix cel\u00b7la amb un dels assassins m\u00e9s temuts i odiats dels EUA: Nathan Leopold Jr. Basada en fets reals, L&#8217;accident de ca\u00e7a \u00e9s una novel\u00b7la gr\u00e0fica sobre els secrets i les mentides que amaguen les fam\u00edlies i sobre la capacitat de redempci\u00f3.<\/p>\n","protected":false},"excerpt":{"rendered":"<p>CARLSON, CHARLES L. \/ BLAIR, LANDIS<\/p>\n","protected":false},"featured_media":63306,"template":"","meta":{"_acf_changed":false,"om_disable_all_campaigns":false,"rs_blank_template":"","rs_page_bg_color":"","slide_template_v7":"","inline_featured_image":false,"_monsterinsights_skip_tracking":false,"_monsterinsights_sitenote_active":false,"_monsterinsights_sitenote_note":"","_monsterinsights_sitenote_category":0},"product_brand":[],"product_cat":[108],"product_tag":[],"class_list":{"0":"post-14475","1":"product","2":"type-product","3":"status-publish","4":"has-post-thumbnail","6":"product_cat-comic","8":"first","9":"instock","10":"taxable","11":"shipping-taxable","12":"purchasable","13":"product-type-simple"},"acf":{"autor":"CARLSON, CHARLES L. \/ BLAIR, LANDIS","codart":"841242611","libros-coleccion":"","ediciones":"1","encuadernacion":"R\u00fastica","fecha_de_publicacion":"01\/11\/2021","novedad":"1","paginas":"464","subtitulo":"UNA HIST\u00d2RIA REAL DE CRIMS I POESIA","orden":"0","portada":"0","idioma":"cat","editorial":[{"ID":147976,"post_author":"3","post_date":"2022-10-14 11:54:41","post_date_gmt":"2022-10-14 09:54:41","post_content":"","post_title":"Editorial Finestres","post_excerpt":"","post_status":"publish","comment_status":"closed","ping_status":"closed","post_password":"","post_name":"editorial-finestres","to_ping":"","pinged":"","post_modified":"2022-10-14 11:54:41","post_modified_gmt":"2022-10-14 09:54:41","post_content_filtered":"","post_parent":0,"guid":"http:\/\/dev.claret.cat\/editorial\/editorial-finestres\/","menu_order":0,"post_type":"editorial","post_mime_type":"","comment_count":"0","filter":"raw"}],"autores-libros":[{"ID":152765,"post_author":"3","post_date":"2022-10-14 14:51:24","post_date_gmt":"2022-10-14 12:51:24","post_content":"","post_title":"CHARLES L. CARLSON","post_excerpt":"","post_status":"publish","comment_status":"closed","ping_status":"closed","post_password":"","post_name":"charles-l-carlson","to_ping":"","pinged":"","post_modified":"2022-10-14 14:51:24","post_modified_gmt":"2022-10-14 12:51:24","post_content_filtered":"","post_parent":0,"guid":"http:\/\/dev.claret.cat\/autor\/charles-l-carlson\/","menu_order":0,"post_type":"autor","post_mime_type":"","comment_count":"0","filter":"raw"},{"ID":161868,"post_author":"3","post_date":"2022-10-14 17:26:31","post_date_gmt":"2022-10-14 15:26:31","post_content":"","post_title":"LANDIS BLAIR","post_excerpt":"","post_status":"publish","comment_status":"closed","ping_status":"closed","post_password":"","post_name":"landis-blair","to_ping":"","pinged":"","post_modified":"2022-10-14 17:26:31","post_modified_gmt":"2022-10-14 15:26:31","post_content_filtered":"","post_parent":0,"guid":"http:\/\/dev.claret.cat\/autor\/landis-blair\/","menu_order":0,"post_type":"autor","post_mime_type":"","comment_count":"0","filter":"raw"}]},"aioseo_notices":[],"_links":{"self":[{"href":"https:\/\/www.claret.cat\/es\/wp-json\/wp\/v2\/product\/14475","targetHints":{"allow":["GET"]}}],"collection":[{"href":"https:\/\/www.claret.cat\/es\/wp-json\/wp\/v2\/product"}],"about":[{"href":"https:\/\/www.claret.cat\/es\/wp-json\/wp\/v2\/types\/product"}],"wp:featuredmedia":[{"embeddable":true,"href":"https:\/\/www.claret.cat\/es\/wp-json\/wp\/v2\/media\/63306"}],"wp:attachment":[{"href":"https:\/\/www.claret.cat\/es\/wp-json\/wp\/v2\/media?parent=14475"}],"wp:term":[{"taxonomy":"product_brand","embeddable":true,"href":"https:\/\/www.claret.cat\/es\/wp-json\/wp\/v2\/product_brand?post=14475"},{"taxonomy":"product_cat","embeddable":true,"href":"https:\/\/www.claret.cat\/es\/wp-json\/wp\/v2\/product_cat?post=14475"},{"taxonomy":"product_tag","embeddable":true,"href":"https:\/\/www.claret.cat\/es\/wp-json\/wp\/v2\/product_tag?post=14475"}],"curies":[{"name":"wp","href":"https:\/\/api.w.org\/{rel}","templated":true}]}}