{"id":144793,"date":"2022-10-13T14:06:28","date_gmt":"2022-10-13T12:06:28","guid":{"rendered":"http:\/\/dev.claret.cat\/producte\/los-jovenes-y-la-fe\/"},"modified":"2024-05-23T06:10:56","modified_gmt":"2024-05-23T04:10:56","slug":"los-jovenes-y-la-fe-9788490239230","status":"publish","type":"product","link":"https:\/\/www.claret.cat\/es\/libro\/los-jovenes-y-la-fe-9788490239230\/","title":{"rendered":"LOS J\u00d3VENES Y LA FE"},"content":{"rendered":"<p>El padre Jean-Marie Petitclerc sdb tiene una gran experiencia de acompa\u00f1amiento de j\u00f3venes. Con ocasi\u00f3n del S\u00ednodo de los obispos convocado por el papa Francisco sobre el tema: \u00ablos j\u00f3venes, la fe y el discernimiento vocacional\u00bb, dice lo que percibe sobre las expectativas espirituales de los j\u00f3venes actuales. \u00abDespu\u00e9s de la crisis del a\u00f1o 68, muchos soci\u00f3logos predijeron la extinci\u00f3n del clero franc\u00e9s, con los sondeos sobre el n\u00famero de abandono de sacerdotes, defunciones y de la constataci\u00f3n de bajada de entradas en el seminario. Cincuenta a\u00f1os despu\u00e9s, hay j\u00f3venes que siguen eligiendo la vida sacerdotal o religiosa. Ciertamente que se deciden por ella m\u00e1s tard\u00edamente y su perfil ha cambiado mucho. Han crecido en un entorno marcado por la revoluci\u00f3n de lo virtual. Contrariamente a lo que creen muchos, no se trata de una revoluci\u00f3n de orden \u00fanicamente tecnol\u00f3gico, sino de una revoluci\u00f3n cultural. Esta revoluci\u00f3n tiene incidencias en el desarrollo de los ni\u00f1os y adolescentes que crecen en esta nueva edad cultural. Tiene igualmente incidencias en la transmisi\u00f3n de la fe. Un joven actual no cree ya como cre\u00edan sus antepasados. Y el camino de radicalizaci\u00f3n emprendido por algunos j\u00f3venes musulmanes provoca nuevos interrogantes\u00bb. En el clima postsinodal, este libro quiere proporcionar algunas claves de an\u00e1lisis sobre los j\u00f3venes actuales y la fe desde la experiencia personal del autor, reconocido experto en temas juveniles en su pa\u00eds.<\/p>\n","protected":false},"excerpt":{"rendered":"<p>PETITCLERC, JEAN-MARIE<\/p>\n","protected":false},"featured_media":359527,"template":"","meta":{"_acf_changed":false,"om_disable_all_campaigns":false,"rs_blank_template":"","rs_page_bg_color":"","slide_template_v7":"","inline_featured_image":false,"_monsterinsights_skip_tracking":false,"_monsterinsights_sitenote_active":false,"_monsterinsights_sitenote_note":"","_monsterinsights_sitenote_category":0},"product_brand":[],"product_cat":[344,78],"product_tag":[],"class_list":{"0":"post-144793","1":"product","2":"type-product","3":"status-publish","4":"has-post-thumbnail","6":"product_cat-pastoral-1_espiritualidad","7":"product_cat-pastoral","9":"first","10":"instock","11":"taxable","12":"shipping-taxable","13":"purchasable","14":"product-type-simple"},"acf":{"editorial":[{"ID":147616,"post_author":"3","post_date":"2022-10-14 11:51:56","post_date_gmt":"2022-10-14 09:51:56","post_content":"","post_title":"CENTRAL CATEQUISTICA SALESIANA","post_excerpt":"","post_status":"publish","comment_status":"closed","ping_status":"closed","post_password":"","post_name":"central-catequistica-salesiana-3","to_ping":"","pinged":"","post_modified":"2022-10-14 11:51:56","post_modified_gmt":"2022-10-14 09:51:56","post_content_filtered":"","post_parent":0,"guid":"http:\/\/dev.claret.cat\/editorial\/central-catequistica-salesiana-3\/","menu_order":0,"post_type":"editorial","post_mime_type":"","comment_count":"0","filter":"raw"}],"autor":"PETITCLERC, JEAN-MARIE","codart":"849023923","libros-coleccion":"","ediciones":"1","encuadernacion":"R\u00fastica","fecha_de_publicacion":"29\/11\/2018","novedad":"0","paginas":"76","subtitulo":"CLAVES DE AN\u00c1LISIS","orden":"999","portada":"0","idioma":"spa","autores-libros":[{"ID":158908,"post_author":"3","post_date":"2022-10-14 15:40:33","post_date_gmt":"2022-10-14 13:40:33","post_content":"","post_title":"JEAN-MARIE PETITCLERC","post_excerpt":"","post_status":"publish","comment_status":"closed","ping_status":"closed","post_password":"","post_name":"jean-marie-petitclerc","to_ping":"","pinged":"","post_modified":"2022-10-14 15:40:33","post_modified_gmt":"2022-10-14 13:40:33","post_content_filtered":"","post_parent":0,"guid":"http:\/\/dev.claret.cat\/autor\/jean-marie-petitclerc\/","menu_order":0,"post_type":"autor","post_mime_type":"","comment_count":"0","filter":"raw"}]},"aioseo_notices":[],"_links":{"self":[{"href":"https:\/\/www.claret.cat\/es\/wp-json\/wp\/v2\/product\/144793","targetHints":{"allow":["GET"]}}],"collection":[{"href":"https:\/\/www.claret.cat\/es\/wp-json\/wp\/v2\/product"}],"about":[{"href":"https:\/\/www.claret.cat\/es\/wp-json\/wp\/v2\/types\/product"}],"wp:featuredmedia":[{"embeddable":true,"href":"https:\/\/www.claret.cat\/es\/wp-json\/wp\/v2\/media\/359527"}],"wp:attachment":[{"href":"https:\/\/www.claret.cat\/es\/wp-json\/wp\/v2\/media?parent=144793"}],"wp:term":[{"taxonomy":"product_brand","embeddable":true,"href":"https:\/\/www.claret.cat\/es\/wp-json\/wp\/v2\/product_brand?post=144793"},{"taxonomy":"product_cat","embeddable":true,"href":"https:\/\/www.claret.cat\/es\/wp-json\/wp\/v2\/product_cat?post=144793"},{"taxonomy":"product_tag","embeddable":true,"href":"https:\/\/www.claret.cat\/es\/wp-json\/wp\/v2\/product_tag?post=144793"}],"curies":[{"name":"wp","href":"https:\/\/api.w.org\/{rel}","templated":true}]}}