{"id":144838,"date":"2022-10-13T14:07:14","date_gmt":"2022-10-13T12:07:14","guid":{"rendered":"http:\/\/dev.claret.cat\/producte\/massa-foc\/"},"modified":"2024-01-31T21:19:18","modified_gmt":"2024-01-31T20:19:18","slug":"massa-foc-9788498094251","status":"publish","type":"product","link":"https:\/\/www.claret.cat\/es\/libro\/massa-foc-9788498094251\/","title":{"rendered":"MASSA FOC"},"content":{"rendered":"<p>PREMI CARLES RAHOLA D&#8217;ASSAIG 2018<br \/>A finals del segle XV, la Flor\u00e8ncia dels M\u00e8dici, rica i culta, per\u00f2 tamb\u00e9 corrupta i violenta, entra en crisi. Contra ella s&#8217;aixequen dues personalitats fascinants, que representen projectes antag\u00f2nics. Savonarola proposa un integrisme sagrat que portar\u00e0 a les fogueres de les vanitats i a una apoteosi de foc. Maquiavel defensa el retorn als valors c\u00edvics i patri\u00f2tics de la vella Rep\u00fablica cl\u00e0ssica. Cinc-cents anys despr\u00e9s, quan Europa viu una situaci\u00f3 que hi t\u00e9 semblances, les actituds de Savonarola i de Maquiavel sobre els fets de llavors ens poden ajudar a explicar-nos algunes de les claus de l&#8217;actualitat. Fins al punt que algunes converses imagin\u00e0ries entre els dos personatges sembla que parlin d&#8217;ara mateix.<\/p>\n","protected":false},"excerpt":{"rendered":"<p>VILLATORO, VICEN\u00c7<\/p>\n","protected":false},"featured_media":144839,"template":"","meta":{"_acf_changed":false,"om_disable_all_campaigns":false,"rs_blank_template":"","rs_page_bg_color":"","slide_template_v7":"","inline_featured_image":false,"_monsterinsights_skip_tracking":false,"_monsterinsights_sitenote_active":false,"_monsterinsights_sitenote_note":"","_monsterinsights_sitenote_category":0},"product_brand":[],"product_cat":[85,351],"product_tag":[],"class_list":{"0":"post-144838","1":"product","2":"type-product","3":"status-publish","4":"has-post-thumbnail","6":"product_cat-historia","7":"product_cat-historia-2_humanidades","9":"first","10":"instock","11":"taxable","12":"shipping-taxable","13":"purchasable","14":"product-type-simple"},"acf":{"autor":"VILLATORO, VICEN\u00c7","codart":"849809425","libros-coleccion":"","ediciones":"1","encuadernacion":"R\u00fastica","fecha_de_publicacion":"28\/11\/2018","novedad":"1","paginas":"288","subtitulo":"DI\u00c0LEGS EXTREMAMENT AP\u00d2CRIFS ENTRE SAVONAROLA I MAQUIAVEL","orden":"0","portada":"0","idioma":"cat","editorial":[{"ID":148691,"post_author":"3","post_date":"2022-10-14 12:00:14","post_date_gmt":"2022-10-14 10:00:14","post_content":"","post_title":"PORTIC, EDITORIAL","post_excerpt":"","post_status":"publish","comment_status":"closed","ping_status":"closed","post_password":"","post_name":"portic-editorial","to_ping":"","pinged":"","post_modified":"2022-10-14 12:00:14","post_modified_gmt":"2022-10-14 10:00:14","post_content_filtered":"","post_parent":0,"guid":"http:\/\/dev.claret.cat\/editorial\/portic-editorial\/","menu_order":0,"post_type":"editorial","post_mime_type":"","comment_count":"0","filter":"raw"}],"autores-libros":[{"ID":170923,"post_author":"3","post_date":"2022-10-14 22:39:16","post_date_gmt":"2022-10-14 20:39:16","post_content":"","post_title":"VICEN\u00c7 VILLATORO","post_excerpt":"","post_status":"publish","comment_status":"closed","ping_status":"closed","post_password":"","post_name":"vicenc-villatoro","to_ping":"","pinged":"","post_modified":"2022-10-14 22:39:16","post_modified_gmt":"2022-10-14 20:39:16","post_content_filtered":"","post_parent":0,"guid":"http:\/\/dev.claret.cat\/autor\/vicenc-villatoro\/","menu_order":0,"post_type":"autor","post_mime_type":"","comment_count":"0","filter":"raw"}]},"aioseo_notices":[],"_links":{"self":[{"href":"https:\/\/www.claret.cat\/es\/wp-json\/wp\/v2\/product\/144838","targetHints":{"allow":["GET"]}}],"collection":[{"href":"https:\/\/www.claret.cat\/es\/wp-json\/wp\/v2\/product"}],"about":[{"href":"https:\/\/www.claret.cat\/es\/wp-json\/wp\/v2\/types\/product"}],"wp:featuredmedia":[{"embeddable":true,"href":"https:\/\/www.claret.cat\/es\/wp-json\/wp\/v2\/media\/144839"}],"wp:attachment":[{"href":"https:\/\/www.claret.cat\/es\/wp-json\/wp\/v2\/media?parent=144838"}],"wp:term":[{"taxonomy":"product_brand","embeddable":true,"href":"https:\/\/www.claret.cat\/es\/wp-json\/wp\/v2\/product_brand?post=144838"},{"taxonomy":"product_cat","embeddable":true,"href":"https:\/\/www.claret.cat\/es\/wp-json\/wp\/v2\/product_cat?post=144838"},{"taxonomy":"product_tag","embeddable":true,"href":"https:\/\/www.claret.cat\/es\/wp-json\/wp\/v2\/product_tag?post=144838"}],"curies":[{"name":"wp","href":"https:\/\/api.w.org\/{rel}","templated":true}]}}