{"id":144868,"date":"2022-10-13T14:07:43","date_gmt":"2022-10-13T12:07:43","guid":{"rendered":"http:\/\/dev.claret.cat\/producte\/el-arte-de-assassins-creed-odyssey\/"},"modified":"2025-04-01T19:00:27","modified_gmt":"2025-04-01T17:00:27","slug":"el-arte-de-assassins-creed-odyssey-9788445005965","status":"publish","type":"product","link":"https:\/\/www.claret.cat\/es\/libro\/el-arte-de-assassins-creed-odyssey-9788445005965\/","title":{"rendered":"EL ARTE DE ASSASSIN&#8217;S CREED ODYSSEY"},"content":{"rendered":"<p>Assassin&#8217;s Creed Odyssey lleva a los jugadores a un viaje \u00e9pico en la Edad de Oro de la antigua Grecia. Este libro muestra cientos de im\u00e1genes nunca antes vistas de los estudios de arte de Ubisoft, incluyendo bocetos, arte conceptual, hermosas ilustraciones completamente renderizadas, adem\u00e1s de comentarios de los artistas para dar una idea del proceso de construcci\u00f3n del mundo.<br \/>La antigua Grecia y sus diversos paisajes cobran vida en Assassin&#8217;s Creed Odyssey. Desde las imponentes estatuas de m\u00e1rmol y los templos intrincadamente decorados que personifican las bulliciosas ciudades de la \u00e9poca hasta las \u00e9picas monta\u00f1as cubiertas de nieve y los inmensos mares de color azul zafiro. Y recorriendo la tierra y el mar est\u00e1 nuestro h\u00e9roe, en una misi\u00f3n para reunir a su familia.<\/p>\n","protected":false},"excerpt":{"rendered":"<p>LEWIS, KATE<\/p>\n","protected":false},"featured_media":1016041,"template":"","meta":{"_acf_changed":false,"om_disable_all_campaigns":false,"rs_blank_template":"","rs_page_bg_color":"","slide_template_v7":"","inline_featured_image":false,"_monsterinsights_skip_tracking":false,"_monsterinsights_sitenote_active":false,"_monsterinsights_sitenote_note":"","_monsterinsights_sitenote_category":0},"product_brand":[],"product_cat":[105,555,115,564],"product_tag":[],"class_list":{"0":"post-144868","1":"product","2":"type-product","3":"status-publish","4":"has-post-thumbnail","6":"product_cat-regal","7":"product_cat-regalo","8":"product_cat-videojocs","9":"product_cat-videojuegos","11":"first","12":"outofstock","13":"taxable","14":"shipping-taxable","15":"purchasable","16":"product-type-simple"},"acf":{"editorial":[{"ID":6308,"post_author":"3","post_date":"2022-07-28 17:49:24","post_date_gmt":"2022-07-28 15:49:24","post_content":"","post_title":"Minotauro","post_excerpt":"","post_status":"publish","comment_status":"closed","ping_status":"closed","post_password":"","post_name":"minotauro","to_ping":"","pinged":"","post_modified":"2022-07-28 17:49:24","post_modified_gmt":"2022-07-28 15:49:24","post_content_filtered":"","post_parent":0,"guid":"http:\/\/dev.claret.cat\/editorial\/minotauro\/","menu_order":0,"post_type":"editorial","post_mime_type":"","comment_count":"0","filter":"raw"}],"autor":"LEWIS, KATE","codart":"844500596","libros-coleccion":"Cl\u00e1sicos Minotauro","ediciones":"1","encuadernacion":"Carton\u00e9","fecha_de_publicacion":"01\/11\/2018","novedad":"0","paginas":"220","subtitulo":"","orden":"0","portada":"0","idioma":"spa","autores-libros":[{"ID":161488,"post_author":"3","post_date":"2022-10-14 17:18:37","post_date_gmt":"2022-10-14 15:18:37","post_content":"","post_title":"KATE LEWIS","post_excerpt":"","post_status":"publish","comment_status":"closed","ping_status":"closed","post_password":"","post_name":"kate-lewis","to_ping":"","pinged":"","post_modified":"2022-10-14 17:18:37","post_modified_gmt":"2022-10-14 15:18:37","post_content_filtered":"","post_parent":0,"guid":"http:\/\/dev.claret.cat\/autor\/kate-lewis\/","menu_order":0,"post_type":"autor","post_mime_type":"","comment_count":"0","filter":"raw"}]},"aioseo_notices":[],"_links":{"self":[{"href":"https:\/\/www.claret.cat\/es\/wp-json\/wp\/v2\/product\/144868","targetHints":{"allow":["GET"]}}],"collection":[{"href":"https:\/\/www.claret.cat\/es\/wp-json\/wp\/v2\/product"}],"about":[{"href":"https:\/\/www.claret.cat\/es\/wp-json\/wp\/v2\/types\/product"}],"wp:featuredmedia":[{"embeddable":true,"href":"https:\/\/www.claret.cat\/es\/wp-json\/wp\/v2\/media\/1016041"}],"wp:attachment":[{"href":"https:\/\/www.claret.cat\/es\/wp-json\/wp\/v2\/media?parent=144868"}],"wp:term":[{"taxonomy":"product_brand","embeddable":true,"href":"https:\/\/www.claret.cat\/es\/wp-json\/wp\/v2\/product_brand?post=144868"},{"taxonomy":"product_cat","embeddable":true,"href":"https:\/\/www.claret.cat\/es\/wp-json\/wp\/v2\/product_cat?post=144868"},{"taxonomy":"product_tag","embeddable":true,"href":"https:\/\/www.claret.cat\/es\/wp-json\/wp\/v2\/product_tag?post=144868"}],"curies":[{"name":"wp","href":"https:\/\/api.w.org\/{rel}","templated":true}]}}