{"id":144880,"date":"2022-10-13T14:07:56","date_gmt":"2022-10-13T12:07:56","guid":{"rendered":"http:\/\/dev.claret.cat\/producte\/la-constitucion-de-forges\/"},"modified":"2023-01-28T01:12:53","modified_gmt":"2023-01-28T00:12:53","slug":"la-constitucion-de-forges-9788467053715","status":"publish","type":"product","link":"https:\/\/www.claret.cat\/es\/libro\/la-constitucion-de-forges-9788467053715\/","title":{"rendered":"LA CONSTITUCI\u00d3N DE FORGES"},"content":{"rendered":"<p>Hace casi cuarenta a\u00f1os, Forges nos regal\u00f3 un libro \u00fanico: el texto de la Constituci\u00f3n espa\u00f1ola, enriquecido con el toque personal de su dibujo. El resultado fue un relato humor\u00edstico, inspirado en nuestra Carta Magna, que la editorial Espasa recupera ahora para todos sus lectores.<br \/>La Constituci\u00f3n de Forges forma ya parte de los libros cl\u00e1sicos imprescindibles para entender nuestro pasado m\u00e1s reciente.<\/p>\n","protected":false},"excerpt":{"rendered":"<p>FORGES<\/p>\n","protected":false},"featured_media":144881,"template":"","meta":{"_acf_changed":false,"om_disable_all_campaigns":false,"rs_blank_template":"","rs_page_bg_color":"","slide_template_v7":"","inline_featured_image":false,"_monsterinsights_skip_tracking":false,"_monsterinsights_sitenote_active":false,"_monsterinsights_sitenote_note":"","_monsterinsights_sitenote_category":0},"product_brand":[],"product_cat":[114],"product_tag":[],"class_list":{"0":"post-144880","1":"product","2":"type-product","3":"status-publish","4":"has-post-thumbnail","6":"product_cat-humor-grafic","8":"first","9":"instock","10":"taxable","11":"shipping-taxable","12":"purchasable","13":"product-type-simple"},"acf":{"autor":"FORGES","codart":"846705371","libros-coleccion":"FUERA DE COLECCI\u00d3N Y ONE SHOT","ediciones":"1","encuadernacion":"Carton\u00e9","fecha_de_publicacion":"01\/11\/2018","novedad":"1","paginas":"135","subtitulo":"","orden":"0","portada":"0","idioma":"spa","editorial":[{"ID":148114,"post_author":"3","post_date":"2022-10-14 11:55:45","post_date_gmt":"2022-10-14 09:55:45","post_content":"","post_title":"Espasa","post_excerpt":"","post_status":"publish","comment_status":"closed","ping_status":"closed","post_password":"","post_name":"espasa","to_ping":"","pinged":"","post_modified":"2022-10-14 11:55:45","post_modified_gmt":"2022-10-14 09:55:45","post_content_filtered":"","post_parent":0,"guid":"http:\/\/dev.claret.cat\/editorial\/espasa\/","menu_order":0,"post_type":"editorial","post_mime_type":"","comment_count":"0","filter":"raw"}],"autores-libros":[{"ID":156022,"post_author":"3","post_date":"2022-10-14 15:17:29","post_date_gmt":"2022-10-14 13:17:29","post_content":"","post_title":"FORGES","post_excerpt":"","post_status":"publish","comment_status":"closed","ping_status":"closed","post_password":"","post_name":"forges","to_ping":"","pinged":"","post_modified":"2022-10-14 15:17:29","post_modified_gmt":"2022-10-14 13:17:29","post_content_filtered":"","post_parent":0,"guid":"http:\/\/dev.claret.cat\/autor\/forges\/","menu_order":0,"post_type":"autor","post_mime_type":"","comment_count":"0","filter":"raw"}]},"aioseo_notices":[],"_links":{"self":[{"href":"https:\/\/www.claret.cat\/es\/wp-json\/wp\/v2\/product\/144880","targetHints":{"allow":["GET"]}}],"collection":[{"href":"https:\/\/www.claret.cat\/es\/wp-json\/wp\/v2\/product"}],"about":[{"href":"https:\/\/www.claret.cat\/es\/wp-json\/wp\/v2\/types\/product"}],"wp:featuredmedia":[{"embeddable":true,"href":"https:\/\/www.claret.cat\/es\/wp-json\/wp\/v2\/media\/144881"}],"wp:attachment":[{"href":"https:\/\/www.claret.cat\/es\/wp-json\/wp\/v2\/media?parent=144880"}],"wp:term":[{"taxonomy":"product_brand","embeddable":true,"href":"https:\/\/www.claret.cat\/es\/wp-json\/wp\/v2\/product_brand?post=144880"},{"taxonomy":"product_cat","embeddable":true,"href":"https:\/\/www.claret.cat\/es\/wp-json\/wp\/v2\/product_cat?post=144880"},{"taxonomy":"product_tag","embeddable":true,"href":"https:\/\/www.claret.cat\/es\/wp-json\/wp\/v2\/product_tag?post=144880"}],"curies":[{"name":"wp","href":"https:\/\/api.w.org\/{rel}","templated":true}]}}