{"id":144892,"date":"2022-10-13T14:08:07","date_gmt":"2022-10-13T12:08:07","guid":{"rendered":"http:\/\/dev.claret.cat\/producte\/libro-de-estilo-de-la-lengua-espanola\/"},"modified":"2023-10-06T11:49:13","modified_gmt":"2023-10-06T09:49:13","slug":"libro-de-estilo-de-la-lengua-espanola-9788467053791","status":"publish","type":"product","link":"https:\/\/www.claret.cat\/es\/libro\/libro-de-estilo-de-la-lengua-espanola-9788467053791\/","title":{"rendered":"LIBRO DE ESTILO DE LA LENGUA ESPA\u00d1OLA"},"content":{"rendered":"<p>La lengua, que la hacen los hablantes, est\u00e1 en cambio continuo. Parece oportuno aclarar conceptos y explicar la evoluci\u00f3n que en los \u00faltimos a\u00f1os han experimentado ciertas cuestiones gramaticales, ortogr\u00e1ficas y l\u00e9xicas. De este modo se sentar\u00e1 la base para perfilar determinadas orientaciones de estilo redaccional.<br \/>Adem\u00e1s, las actuales formas de escritura digital han creado nuevos \u00abg\u00e9neros\u00bb o modalidades de comunicaci\u00f3n (mensajes de texto, guasaps, tuits, blogs, foros), que est\u00e1n reclamando orientaciones de estilo que este manual facilita con pautas de redacci\u00f3n.<br \/>Por otra parte, el protagonismo de los medios de comunicaci\u00f3n audiovisual en nuestros d\u00edas hace necesario un manual de pronunciaci\u00f3n accesible al gran p\u00fablico. El Libro de estilo de la lengua espa\u00f1ola de la RAE pretende llenar este vac\u00edo al exponer, con abundantes ejemplos, las pautas de lectura que se ajustan a una pronunciaci\u00f3n correcta.<br \/>Por primera vez la RAE y la Asociaci\u00f3n de Academias de la Lengua Espa\u00f1ola (ASALE) ofrecen una ortotipograf\u00eda muy detallada que complementa las normas de redacci\u00f3n y estilo digital. <br \/>Para facilitar las consultas puntuales de forma muy pr\u00e1ctica, se incluye un amplio glosario que recoge conceptos, dudas de todo tipo, ejemplos, normas y recomendaciones.<\/p>\n","protected":false},"excerpt":{"rendered":"<p>REAL ACADEMIA ESPA\u00d1OLA<\/p>\n","protected":false},"featured_media":144893,"template":"","meta":{"_acf_changed":false,"om_disable_all_campaigns":false,"rs_blank_template":"","rs_page_bg_color":"","slide_template_v7":"","inline_featured_image":false,"_monsterinsights_skip_tracking":false,"_monsterinsights_sitenote_active":false,"_monsterinsights_sitenote_note":"","_monsterinsights_sitenote_category":0},"product_brand":[],"product_cat":[548],"product_tag":[],"class_list":{"0":"post-144892","1":"product","2":"type-product","3":"status-publish","4":"has-post-thumbnail","6":"product_cat-diccionarios-5_otras-spa","8":"first","9":"instock","10":"taxable","11":"shipping-taxable","12":"purchasable","13":"product-type-simple"},"acf":{"autor":"REAL ACADEMIA ESPA\u00d1OLA","codart":"846705379","libros-coleccion":"NUEVAS OBRAS REAL ACADEMIA","ediciones":"1","encuadernacion":"R\u00fastica","fecha_de_publicacion":"01\/11\/2018","novedad":"1","paginas":"495","subtitulo":"SEG\u00daN LA NORMA PANHISP\u00c1NICA","orden":"0","portada":"0","idioma":"spa","editorial":[{"ID":148114,"post_author":"3","post_date":"2022-10-14 11:55:45","post_date_gmt":"2022-10-14 09:55:45","post_content":"","post_title":"Espasa","post_excerpt":"","post_status":"publish","comment_status":"closed","ping_status":"closed","post_password":"","post_name":"espasa","to_ping":"","pinged":"","post_modified":"2022-10-14 11:55:45","post_modified_gmt":"2022-10-14 09:55:45","post_content_filtered":"","post_parent":0,"guid":"http:\/\/dev.claret.cat\/editorial\/espasa\/","menu_order":0,"post_type":"editorial","post_mime_type":"","comment_count":"0","filter":"raw"}],"autores-libros":[{"ID":167894,"post_author":"3","post_date":"2022-10-14 18:14:51","post_date_gmt":"2022-10-14 16:14:51","post_content":"","post_title":"REAL ACADEMIA ESPA\u00d1OLA","post_excerpt":"","post_status":"publish","comment_status":"closed","ping_status":"closed","post_password":"","post_name":"real-academia-espanola","to_ping":"","pinged":"","post_modified":"2022-10-14 18:14:51","post_modified_gmt":"2022-10-14 16:14:51","post_content_filtered":"","post_parent":0,"guid":"http:\/\/dev.claret.cat\/autor\/real-academia-espanola\/","menu_order":0,"post_type":"autor","post_mime_type":"","comment_count":"0","filter":"raw"}]},"aioseo_notices":[],"_links":{"self":[{"href":"https:\/\/www.claret.cat\/es\/wp-json\/wp\/v2\/product\/144892","targetHints":{"allow":["GET"]}}],"collection":[{"href":"https:\/\/www.claret.cat\/es\/wp-json\/wp\/v2\/product"}],"about":[{"href":"https:\/\/www.claret.cat\/es\/wp-json\/wp\/v2\/types\/product"}],"wp:featuredmedia":[{"embeddable":true,"href":"https:\/\/www.claret.cat\/es\/wp-json\/wp\/v2\/media\/144893"}],"wp:attachment":[{"href":"https:\/\/www.claret.cat\/es\/wp-json\/wp\/v2\/media?parent=144892"}],"wp:term":[{"taxonomy":"product_brand","embeddable":true,"href":"https:\/\/www.claret.cat\/es\/wp-json\/wp\/v2\/product_brand?post=144892"},{"taxonomy":"product_cat","embeddable":true,"href":"https:\/\/www.claret.cat\/es\/wp-json\/wp\/v2\/product_cat?post=144892"},{"taxonomy":"product_tag","embeddable":true,"href":"https:\/\/www.claret.cat\/es\/wp-json\/wp\/v2\/product_tag?post=144892"}],"curies":[{"name":"wp","href":"https:\/\/api.w.org\/{rel}","templated":true}]}}