{"id":144907,"date":"2022-10-13T14:08:21","date_gmt":"2022-10-13T12:08:21","guid":{"rendered":"http:\/\/dev.claret.cat\/producte\/vegetarianos-concienciados\/"},"modified":"2023-01-28T11:14:54","modified_gmt":"2023-01-28T10:14:54","slug":"vegetarianos-concienciados-9788449335105","status":"publish","type":"product","link":"https:\/\/www.claret.cat\/es\/libro\/vegetarianos-concienciados-9788449335105\/","title":{"rendered":"VEGETARIANOS CONCIENCIADOS"},"content":{"rendered":"<p>Cada vez son m\u00e1s los que siguen una dieta vegetariana, y el entorno, poco a poco, se est\u00e1 volviendo m\u00e1s amable. Pero existen hoy en d\u00eda nuevos peligros derivados de una industria alimentaria dispuesta a vender sus productos vegetarianos ultraprocesados, y nos hallamos ante situaciones en las que encontrar una opci\u00f3n vegetariana (y saludable) se convierte en un aut\u00e9ntico suplicio. Cenas de empresa, domingos en casa de tus suegros, el cumplea\u00f1os de tu mejor amiga. Y ahora \u00bfqu\u00e9 como?<br \/> Luc\u00eda Mart\u00ednez, autora del blog dimequecomes.com, con mucha informaci\u00f3n sobre alimentaci\u00f3n saludable y un apartado espec\u00edfico dedicado a la dieta vegetariana, nos presenta Vegetarianos concienciados, un manual de supervivencia imprescindible para seguir una dieta vegetariana saludable sin tener que renunciar a ning\u00fan plan y, adem\u00e1s, para cargarse de argumentos y luchar contra la desinformaci\u00f3n. Porque no es f\u00e1cil vivir rodeado de dimes y diretes, pero no es tan dif\u00edcil sobrevivir si sabes c\u00f3mo.<br \/> Repleto de consejos para sobrevivir en casa y fuera de ella (s\u00ed, con los m\u00e1s peque\u00f1os tambi\u00e9n), este libro se convertir\u00e1 en el manual de referencia para todo aquel que haya decidido seguir una dieta vegetariana y en la puerta de entrada perfecta para los que todav\u00eda dudan sobre su viabilidad.<\/p>\n","protected":false},"excerpt":{"rendered":"<p>MART\u00cdNEZ, LUC\u00cdA<\/p>\n","protected":false},"featured_media":144908,"template":"","meta":{"_acf_changed":false,"om_disable_all_campaigns":false,"rs_blank_template":"","rs_page_bg_color":"","slide_template_v7":"","inline_featured_image":false,"_monsterinsights_skip_tracking":false,"_monsterinsights_sitenote_active":false,"_monsterinsights_sitenote_note":"","_monsterinsights_sitenote_category":0},"product_brand":[],"product_cat":[97],"product_tag":[],"class_list":{"0":"post-144907","1":"product","2":"type-product","3":"status-publish","4":"has-post-thumbnail","6":"product_cat-salut","8":"first","9":"instock","10":"taxable","11":"shipping-taxable","12":"purchasable","13":"product-type-simple"},"acf":{"editorial":[{"ID":6206,"post_author":"3","post_date":"2022-07-28 17:47:08","post_date_gmt":"2022-07-28 15:47:08","post_content":"","post_title":"Ediciones Paid\u00f3s","post_excerpt":"","post_status":"publish","comment_status":"closed","ping_status":"closed","post_password":"","post_name":"ediciones-paidos","to_ping":"","pinged":"","post_modified":"2022-07-28 17:47:08","post_modified_gmt":"2022-07-28 15:47:08","post_content_filtered":"","post_parent":0,"guid":"http:\/\/dev.claret.cat\/editorial\/ediciones-paidos\/","menu_order":0,"post_type":"editorial","post_mime_type":"","comment_count":"0","filter":"raw"}],"autores-libros":[{"ID":5746,"post_author":"3","post_date":"2022-07-28 17:30:35","post_date_gmt":"2022-07-28 15:30:35","post_content":"","post_title":"LUC\u00cdA MART\u00cdNEZ","post_excerpt":"","post_status":"publish","comment_status":"closed","ping_status":"closed","post_password":"","post_name":"lucia-martinez","to_ping":"","pinged":"","post_modified":"2022-07-28 17:30:35","post_modified_gmt":"2022-07-28 15:30:35","post_content_filtered":"","post_parent":0,"guid":"http:\/\/dev.claret.cat\/autor\/lucia-martinez\/","menu_order":0,"post_type":"autor","post_mime_type":"","comment_count":"0","filter":"raw"}],"autor":"MART\u00cdNEZ, LUC\u00cdA","codart":"844933510","libros-coleccion":"Divulgaci\u00f3n-Autoayuda","ediciones":"1","encuadernacion":"R\u00fastica","fecha_de_publicacion":"01\/11\/2018","novedad":"1","paginas":"246","subtitulo":"UN MANUAL DE SUPERVIVENCIA","orden":"0","portada":"0","idioma":"spa"},"aioseo_notices":[],"_links":{"self":[{"href":"https:\/\/www.claret.cat\/es\/wp-json\/wp\/v2\/product\/144907","targetHints":{"allow":["GET"]}}],"collection":[{"href":"https:\/\/www.claret.cat\/es\/wp-json\/wp\/v2\/product"}],"about":[{"href":"https:\/\/www.claret.cat\/es\/wp-json\/wp\/v2\/types\/product"}],"wp:featuredmedia":[{"embeddable":true,"href":"https:\/\/www.claret.cat\/es\/wp-json\/wp\/v2\/media\/144908"}],"wp:attachment":[{"href":"https:\/\/www.claret.cat\/es\/wp-json\/wp\/v2\/media?parent=144907"}],"wp:term":[{"taxonomy":"product_brand","embeddable":true,"href":"https:\/\/www.claret.cat\/es\/wp-json\/wp\/v2\/product_brand?post=144907"},{"taxonomy":"product_cat","embeddable":true,"href":"https:\/\/www.claret.cat\/es\/wp-json\/wp\/v2\/product_cat?post=144907"},{"taxonomy":"product_tag","embeddable":true,"href":"https:\/\/www.claret.cat\/es\/wp-json\/wp\/v2\/product_tag?post=144907"}],"curies":[{"name":"wp","href":"https:\/\/api.w.org\/{rel}","templated":true}]}}