{"id":145018,"date":"2022-10-13T14:10:09","date_gmt":"2022-10-13T12:10:09","guid":{"rendered":"http:\/\/dev.claret.cat\/producte\/como-conversar-con-un-fascista\/"},"modified":"2024-05-02T17:53:56","modified_gmt":"2024-05-02T15:53:56","slug":"como-conversar-con-un-fascista-9786079818531","status":"publish","type":"product","link":"https:\/\/www.claret.cat\/es\/libro\/como-conversar-con-un-fascista-9786079818531\/","title":{"rendered":"\u00bfC\u00d3MO CONVERSAR CON UN FASCISTA?"},"content":{"rendered":"<p>En estos tiempos en el que los nervios y las emociones se encuentran a flor de piel, este libro surge con un prop\u00f3sito filos\u00f3fico-pol\u00edtico: pensar con los lectores sobre cuestiones de cultura pol\u00edtica que se viven d\u00eda a d\u00eda, de un modo abierto, sin caer en la jerga acad\u00e9mica. El argumento principal es c\u00f3mo pensar en un m\u00e9todo o una postura que se contraponga al discurso del odio y a sus reflejos en la sociedad y en las redes sociales. La realidad de la que parte es la brasile\u00f1a, pero su alcance es global, porque hoy d\u00eda el fascismo social se extiende por todo el mundo y se filtra en todas las capas sociales, sin que muchas veces seamos conscientes de ello.<br \/>La autora, con un lenguaje directo, sencillo, en una lograda s\u00edntesis de profundidad y divulgaci\u00f3n, propone el di\u00e1logo como forma de resistencia, un reconocimiento \u2013y un elogio\u2013 del poder de la palabra y de c\u00f3mo lo que decimos puede tener resultados tangibles.<br \/>Un texto brillante, inteligente, bien argumentado (algo tan bienvenido en estos tiempos de opiniones gritadas que se hacen pasar por pensamiento), servido con una sugerente iron\u00eda.<\/p>\n","protected":false},"excerpt":{"rendered":"<p>TIBURI, MARCIA<\/p>\n","protected":false},"featured_media":329580,"template":"","meta":{"_acf_changed":false,"om_disable_all_campaigns":false,"rs_blank_template":"","rs_page_bg_color":"","slide_template_v7":"","inline_featured_image":false,"_monsterinsights_skip_tracking":false,"_monsterinsights_sitenote_active":false,"_monsterinsights_sitenote_note":"","_monsterinsights_sitenote_category":0},"product_brand":[],"product_cat":[120,569],"product_tag":[],"class_list":{"0":"post-145018","1":"product","2":"type-product","3":"status-publish","4":"has-post-thumbnail","6":"product_cat-politica","7":"product_cat-politica-2_humanidades-spa","9":"first","10":"outofstock","11":"taxable","12":"shipping-taxable","13":"purchasable","14":"product-type-simple"},"acf":{"editorial":[{"ID":6115,"post_author":"3","post_date":"2022-07-28 17:45:13","post_date_gmt":"2022-07-28 15:45:13","post_content":"","post_title":"AKAL, EDICIONES S.A.","post_excerpt":"","post_status":"publish","comment_status":"closed","ping_status":"closed","post_password":"","post_name":"akal-ediciones-s-a","to_ping":"","pinged":"","post_modified":"2022-07-28 17:45:13","post_modified_gmt":"2022-07-28 15:45:13","post_content_filtered":"","post_parent":0,"guid":"http:\/\/dev.claret.cat\/editorial\/akal-ediciones-s-a\/","menu_order":0,"post_type":"editorial","post_mime_type":"","comment_count":"0","filter":"raw"}],"autores-libros":[{"ID":163394,"post_author":"3","post_date":"2022-10-14 17:38:40","post_date_gmt":"2022-10-14 15:38:40","post_content":"","post_title":"MARCIA TIBURI","post_excerpt":"","post_status":"publish","comment_status":"closed","ping_status":"closed","post_password":"","post_name":"marcia-tiburi","to_ping":"","pinged":"","post_modified":"2022-10-14 17:38:40","post_modified_gmt":"2022-10-14 15:38:40","post_content_filtered":"","post_parent":0,"guid":"http:\/\/dev.claret.cat\/autor\/marcia-tiburi\/","menu_order":0,"post_type":"autor","post_mime_type":"","comment_count":"0","filter":"raw"}],"autor":"TIBURI, MARCIA","codart":"607981853","libros-coleccion":"Inter pares","ediciones":"1","encuadernacion":"R\u00fastica","fecha_de_publicacion":"27\/11\/2018","novedad":"1","paginas":"176","subtitulo":"REFLEXIONES SOBE EL AUTORITARISMO DE LA VIDA COTIDIANA","orden":"0","portada":"0","idioma":"spa"},"aioseo_notices":[],"_links":{"self":[{"href":"https:\/\/www.claret.cat\/es\/wp-json\/wp\/v2\/product\/145018","targetHints":{"allow":["GET"]}}],"collection":[{"href":"https:\/\/www.claret.cat\/es\/wp-json\/wp\/v2\/product"}],"about":[{"href":"https:\/\/www.claret.cat\/es\/wp-json\/wp\/v2\/types\/product"}],"wp:featuredmedia":[{"embeddable":true,"href":"https:\/\/www.claret.cat\/es\/wp-json\/wp\/v2\/media\/329580"}],"wp:attachment":[{"href":"https:\/\/www.claret.cat\/es\/wp-json\/wp\/v2\/media?parent=145018"}],"wp:term":[{"taxonomy":"product_brand","embeddable":true,"href":"https:\/\/www.claret.cat\/es\/wp-json\/wp\/v2\/product_brand?post=145018"},{"taxonomy":"product_cat","embeddable":true,"href":"https:\/\/www.claret.cat\/es\/wp-json\/wp\/v2\/product_cat?post=145018"},{"taxonomy":"product_tag","embeddable":true,"href":"https:\/\/www.claret.cat\/es\/wp-json\/wp\/v2\/product_tag?post=145018"}],"curies":[{"name":"wp","href":"https:\/\/api.w.org\/{rel}","templated":true}]}}