{"id":145138,"date":"2022-10-13T14:12:06","date_gmt":"2022-10-13T12:12:06","guid":{"rendered":"http:\/\/dev.claret.cat\/producte\/els-catalans-i-cuba\/"},"modified":"2024-02-05T13:55:00","modified_gmt":"2024-02-05T12:55:00","slug":"els-catalans-i-cuba-9788498094244","status":"publish","type":"product","link":"https:\/\/www.claret.cat\/es\/libro\/els-catalans-i-cuba-9788498094244\/","title":{"rendered":"ELS CATALANS I CUBA"},"content":{"rendered":"<p>L\u2019empremta de les relacions comercials, pol\u00edtiques i culturals entre Catalunya i Cuba \u00e9s ben viva encara avui. A part de la mem\u00f2ria de tants avis que van anar a Cuba, les cases dels americanos i indianos que esquitxen les nostres costes, els poemes de Verdaguer o de Maragall, les havaneres, les ind\u00fastries catalanes creades a partir de capitals acumulats al Carib, per exemple, en s\u00f3n testimoni. El llibre d\u2019Oriol Junqueras exposa de manera di\u00e1fana aquestes complexes relacions transatl\u00e0ntiques: els \u00e8xits i els fracassos, les anades i vingudes en relaci\u00f3 amb la pol\u00edtica dels governs de Madrid, les preses de posici\u00f3 dels catalans a favor i en contra de la independ\u00e8ncia de la col\u00f2nia&#8230; Grans plantacions, monopolis comercials, grans fortunes, per\u00f2 tamb\u00e9 malalties tropicals, soledats, mis\u00e8ria, morts lluny de casa, enyorances&#8230;<\/p>\n","protected":false},"excerpt":{"rendered":"<p>JUNQUERAS, ORIOL<\/p>\n","protected":false},"featured_media":145139,"template":"","meta":{"_acf_changed":false,"om_disable_all_campaigns":false,"rs_blank_template":"","rs_page_bg_color":"","slide_template_v7":"","inline_featured_image":false,"_monsterinsights_skip_tracking":false,"_monsterinsights_sitenote_active":false,"_monsterinsights_sitenote_note":"","_monsterinsights_sitenote_category":0},"product_brand":[],"product_cat":[85,351],"product_tag":[],"class_list":{"0":"post-145138","1":"product","2":"type-product","3":"status-publish","4":"has-post-thumbnail","6":"product_cat-historia","7":"product_cat-historia-2_humanidades","9":"first","10":"instock","11":"taxable","12":"shipping-taxable","13":"purchasable","14":"product-type-simple"},"acf":{"editorial":[{"ID":148023,"post_author":"3","post_date":"2022-10-14 11:55:02","post_date_gmt":"2022-10-14 09:55:02","post_content":"","post_title":"Editorial P\u00f2rtic","post_excerpt":"","post_status":"publish","comment_status":"closed","ping_status":"closed","post_password":"","post_name":"editorial-portic","to_ping":"","pinged":"","post_modified":"2022-10-14 11:55:02","post_modified_gmt":"2022-10-14 09:55:02","post_content_filtered":"","post_parent":0,"guid":"http:\/\/dev.claret.cat\/editorial\/editorial-portic\/","menu_order":0,"post_type":"editorial","post_mime_type":"","comment_count":"0","filter":"raw"}],"autor":"JUNQUERAS, ORIOL","codart":"849809424","libros-coleccion":"P.VISIONS","ediciones":"1","encuadernacion":"R\u00fastica","fecha_de_publicacion":"01\/11\/2018","novedad":"1","paginas":"251","subtitulo":"","orden":"0","portada":"0","idioma":"cat","autores-libros":[{"ID":166252,"post_author":"3","post_date":"2022-10-14 18:01:40","post_date_gmt":"2022-10-14 16:01:40","post_content":"","post_title":"ORIOL JUNQUERAS","post_excerpt":"","post_status":"publish","comment_status":"closed","ping_status":"closed","post_password":"","post_name":"oriol-junqueras","to_ping":"","pinged":"","post_modified":"2022-10-14 18:01:40","post_modified_gmt":"2022-10-14 16:01:40","post_content_filtered":"","post_parent":0,"guid":"http:\/\/dev.claret.cat\/autor\/oriol-junqueras\/","menu_order":0,"post_type":"autor","post_mime_type":"","comment_count":"0","filter":"raw"}]},"aioseo_notices":[],"_links":{"self":[{"href":"https:\/\/www.claret.cat\/es\/wp-json\/wp\/v2\/product\/145138","targetHints":{"allow":["GET"]}}],"collection":[{"href":"https:\/\/www.claret.cat\/es\/wp-json\/wp\/v2\/product"}],"about":[{"href":"https:\/\/www.claret.cat\/es\/wp-json\/wp\/v2\/types\/product"}],"wp:featuredmedia":[{"embeddable":true,"href":"https:\/\/www.claret.cat\/es\/wp-json\/wp\/v2\/media\/145139"}],"wp:attachment":[{"href":"https:\/\/www.claret.cat\/es\/wp-json\/wp\/v2\/media?parent=145138"}],"wp:term":[{"taxonomy":"product_brand","embeddable":true,"href":"https:\/\/www.claret.cat\/es\/wp-json\/wp\/v2\/product_brand?post=145138"},{"taxonomy":"product_cat","embeddable":true,"href":"https:\/\/www.claret.cat\/es\/wp-json\/wp\/v2\/product_cat?post=145138"},{"taxonomy":"product_tag","embeddable":true,"href":"https:\/\/www.claret.cat\/es\/wp-json\/wp\/v2\/product_tag?post=145138"}],"curies":[{"name":"wp","href":"https:\/\/api.w.org\/{rel}","templated":true}]}}