{"id":14520,"date":"2022-10-01T22:52:45","date_gmt":"2022-10-01T20:52:45","guid":{"rendered":"http:\/\/dev.claret.cat\/producte\/les-noies-de-pages\/"},"modified":"2026-02-24T13:26:29","modified_gmt":"2026-02-24T12:26:29","slug":"les-noies-de-pages-9788412430684","status":"publish","type":"product","link":"https:\/\/www.claret.cat\/es\/libro\/les-noies-de-pages-9788412430684\/","title":{"rendered":"LES NOIES DE PAG\u00c8S"},"content":{"rendered":"<p>La Caithleen viu en un poble petit amb la mare, una dona humil i senzilla, el pare, que \u00e9s alcoh\u00f2lic, i en Hickey, el mosso que s&#8217;encarrega de les feines de pag\u00e8s. Som als anys 60 del segle passat i aix\u00f2 \u00e9s Irlanda. Paisatges de prats verds i de flors silvestres. Camps que s&#8217;han de llaurar amb esfor\u00e7. La realitat de la vida i les il\u00b7lusions de la Caithleen i de la Baba, que es deleixen per marxar a Dublin i encetar la vida que somien.<br \/> Les noies de pag\u00e8s \u00e9s un retrat entranyable dels moments m\u00e9s importants del pas de la infantesa a la joventut, de l&#8217;amistat entre dues noies, amb tots els seus imponderables, les seves trifulques i els seus matisos. Un relat impregnat amb la for\u00e7a de la joventut, amb la innoc\u00e8ncia i l&#8217;ast\u00facia que calen per fer-se gran. Una novel\u00b7la magn\u00edfica en qu\u00e8 Edna O&#8217;Brien reconstrueix amb humor i malenconia la vida en un poble irland\u00e8s, exposa tot el que \u00e9s primordial, s&#8217;enarbora damunt les grans coses.<br \/> \u00abO&#8217;Brien s&#8217;enlaira com una alosa en el cel blau i canta mentre vola\u00bb. Literary Review<\/p>\n<p> \u00abO&#8221;Brien senzillament ofereix els seus personatges i ens arriben en carn i os\u00bb. V.S. Naipaul<\/p>\n<p> \u00abLa seva manera de trencar tab\u00fas, la prosa fabulosa&#8230; Edna O&#8217;Brien \u00e9s \u00fanica\u2026 <br \/> Una meravella\u00bb. Anne Enright<\/p>\n<p> \u00abUna mescla excel\u00b7lent i molt poc habitual d&#8217;obscenitat i innoc\u00e8ncia\u00bb. Evening Standard<\/p>\n<p> \u00abUna de les m\u00e9s grans entre els escriptors irlandesos, d&#8217;aquesta o qualsevol altra \u00e8poca\u00bb.<br \/> Sunday Independent<\/p>\n<p> \u00abUna escriptora de sang\u2026 amb una naturalitat captivadora i una originalitat sense <br \/> floritures\u00bb. Kingsley Amis<\/p>\n","protected":false},"excerpt":{"rendered":"<p>O&#8217;BRIEN, EDNA<\/p>\n","protected":false},"featured_media":316455,"template":"","meta":{"_acf_changed":false,"om_disable_all_campaigns":false,"rs_blank_template":"","rs_page_bg_color":"","slide_template_v7":"","inline_featured_image":false,"_monsterinsights_skip_tracking":false,"_monsterinsights_sitenote_active":false,"_monsterinsights_sitenote_note":"","_monsterinsights_sitenote_category":0},"product_brand":[],"product_cat":[127,357],"product_tag":[],"class_list":{"0":"post-14520","1":"product","2":"type-product","3":"status-publish","4":"has-post-thumbnail","6":"product_cat-novella-contemporania","7":"product_cat-novela-contemporanea","9":"first","10":"instock","11":"taxable","12":"shipping-taxable","13":"purchasable","14":"product-type-simple"},"acf":{"autor":"O'BRIEN, EDNA","codart":"841243068","libros-coleccion":"FORA DE COL.LECCI\u00d3","ediciones":"1","encuadernacion":"R\u00fastica","fecha_de_publicacion":"01\/08\/2022","novedad":"1","paginas":"268","subtitulo":"","orden":"0","portada":"0","idioma":"cat","editorial":[{"ID":147894,"post_author":"3","post_date":"2022-10-14 11:54:03","post_date_gmt":"2022-10-14 09:54:03","post_content":"","post_title":"Edicions Sidill\u00e0 SL","post_excerpt":"","post_status":"publish","comment_status":"closed","ping_status":"closed","post_password":"","post_name":"edicions-sidilla-sl","to_ping":"","pinged":"","post_modified":"2022-10-14 11:54:03","post_modified_gmt":"2022-10-14 09:54:03","post_content_filtered":"","post_parent":0,"guid":"http:\/\/dev.claret.cat\/editorial\/edicions-sidilla-sl\/","menu_order":0,"post_type":"editorial","post_mime_type":"","comment_count":"0","filter":"raw"}],"autores-libros":[{"ID":154540,"post_author":"3","post_date":"2022-10-14 15:05:37","post_date_gmt":"2022-10-14 13:05:37","post_content":"","post_title":"EDNA O\u00b4BRIEN","post_excerpt":"","post_status":"publish","comment_status":"closed","ping_status":"closed","post_password":"","post_name":"edna-obrien-2","to_ping":"","pinged":"","post_modified":"2022-10-14 15:05:37","post_modified_gmt":"2022-10-14 13:05:37","post_content_filtered":"","post_parent":0,"guid":"http:\/\/dev.claret.cat\/autor\/edna-obrien-2\/","menu_order":0,"post_type":"autor","post_mime_type":"","comment_count":"0","filter":"raw"}],"booktrailer":"","resenas":""},"aioseo_notices":[],"_links":{"self":[{"href":"https:\/\/www.claret.cat\/es\/wp-json\/wp\/v2\/product\/14520","targetHints":{"allow":["GET"]}}],"collection":[{"href":"https:\/\/www.claret.cat\/es\/wp-json\/wp\/v2\/product"}],"about":[{"href":"https:\/\/www.claret.cat\/es\/wp-json\/wp\/v2\/types\/product"}],"wp:featuredmedia":[{"embeddable":true,"href":"https:\/\/www.claret.cat\/es\/wp-json\/wp\/v2\/media\/316455"}],"wp:attachment":[{"href":"https:\/\/www.claret.cat\/es\/wp-json\/wp\/v2\/media?parent=14520"}],"wp:term":[{"taxonomy":"product_brand","embeddable":true,"href":"https:\/\/www.claret.cat\/es\/wp-json\/wp\/v2\/product_brand?post=14520"},{"taxonomy":"product_cat","embeddable":true,"href":"https:\/\/www.claret.cat\/es\/wp-json\/wp\/v2\/product_cat?post=14520"},{"taxonomy":"product_tag","embeddable":true,"href":"https:\/\/www.claret.cat\/es\/wp-json\/wp\/v2\/product_tag?post=14520"}],"curies":[{"name":"wp","href":"https:\/\/api.w.org\/{rel}","templated":true}]}}