{"id":145261,"date":"2022-10-13T14:14:04","date_gmt":"2022-10-13T12:14:04","guid":{"rendered":"http:\/\/dev.claret.cat\/producte\/ebre-1938\/"},"modified":"2023-01-28T07:30:00","modified_gmt":"2023-01-28T06:30:00","slug":"ebre-1938-9788417214517","status":"publish","type":"product","link":"https:\/\/www.claret.cat\/es\/libro\/ebre-1938-9788417214517\/","title":{"rendered":"EBRE 1938"},"content":{"rendered":"<p>Un moment hist\u00f2ric clau. Una batalla decisiva. Un llibre \u00fanic. A partir de recreacions actuals, il\u00b7lustracions i documents de l&#8217;\u00e8poca, Ebre 1938 permet tenir una visi\u00f3 completa de la batalla de l&#8217;Ebre: l&#8217;evoluci\u00f3 dels combats, les trinxeres, l&#8217;armament i els objectes personals dels soldats, el paper de l&#8217;aviaci\u00f3 i la rereguarda, l&#8217;ofensiva final&#8230;<\/p>\n","protected":false},"excerpt":{"rendered":"<p>HERN\u00c0NDEZ CARDONA , FRANCESC XAVIER \/ HERN\u00c0NDEZ PONGILUPPI, MAR<\/p>\n","protected":false},"featured_media":317833,"template":"","meta":{"_acf_changed":false,"om_disable_all_campaigns":false,"rs_blank_template":"","rs_page_bg_color":"","slide_template_v7":"","inline_featured_image":false,"_monsterinsights_skip_tracking":false,"_monsterinsights_sitenote_active":false,"_monsterinsights_sitenote_note":"","_monsterinsights_sitenote_category":0},"product_brand":[],"product_cat":[85,351],"product_tag":[],"class_list":{"0":"post-145261","1":"product","2":"type-product","3":"status-publish","4":"has-post-thumbnail","6":"product_cat-historia","7":"product_cat-historia-2_humanidades","9":"first","10":"instock","11":"taxable","12":"shipping-taxable","13":"purchasable","14":"product-type-simple"},"acf":{"editorial":[{"ID":6122,"post_author":"3","post_date":"2022-07-28 17:45:22","post_date_gmt":"2022-07-28 15:45:22","post_content":"","post_title":"ANGLE EDITORIAL","post_excerpt":"","post_status":"publish","comment_status":"closed","ping_status":"closed","post_password":"","post_name":"angle-editorial","to_ping":"","pinged":"","post_modified":"2022-07-28 17:45:22","post_modified_gmt":"2022-07-28 15:45:22","post_content_filtered":"","post_parent":0,"guid":"http:\/\/dev.claret.cat\/editorial\/angle-editorial\/","menu_order":0,"post_type":"editorial","post_mime_type":"","comment_count":"0","filter":"raw"}],"autor":"HERN\u00c0NDEZ CARDONA , FRANCESC XAVIER \/ HERN\u00c0NDEZ PONGILUPPI, MAR","codart":"841721451","libros-coleccion":"Altres","ediciones":"1","encuadernacion":"Carton\u00e9","fecha_de_publicacion":"01\/11\/2018","novedad":"1","paginas":"116","subtitulo":"IMATGES D'UNA BATALLA","orden":"0","portada":"0","idioma":"cat","autores-libros":[{"ID":163262,"post_author":"3","post_date":"2022-10-14 17:37:37","post_date_gmt":"2022-10-14 15:37:37","post_content":"","post_title":"MAR HERN\u00c0NDEZ PONGILUPPI","post_excerpt":"","post_status":"publish","comment_status":"closed","ping_status":"closed","post_password":"","post_name":"mar-hernandez-pongiluppi","to_ping":"","pinged":"","post_modified":"2022-10-14 17:37:37","post_modified_gmt":"2022-10-14 15:37:37","post_content_filtered":"","post_parent":0,"guid":"http:\/\/dev.claret.cat\/autor\/mar-hernandez-pongiluppi\/","menu_order":0,"post_type":"autor","post_mime_type":"","comment_count":"0","filter":"raw"},{"ID":156154,"post_author":"3","post_date":"2022-10-14 15:18:32","post_date_gmt":"2022-10-14 13:18:32","post_content":"","post_title":"FRANCESC XAVIER HERNANDEZ CARDONA","post_excerpt":"","post_status":"publish","comment_status":"closed","ping_status":"closed","post_password":"","post_name":"francesc-xavier-hernandez-cardona","to_ping":"","pinged":"","post_modified":"2022-10-14 15:18:32","post_modified_gmt":"2022-10-14 13:18:32","post_content_filtered":"","post_parent":0,"guid":"http:\/\/dev.claret.cat\/autor\/francesc-xavier-hernandez-cardona\/","menu_order":0,"post_type":"autor","post_mime_type":"","comment_count":"0","filter":"raw"}]},"aioseo_notices":[],"_links":{"self":[{"href":"https:\/\/www.claret.cat\/es\/wp-json\/wp\/v2\/product\/145261","targetHints":{"allow":["GET"]}}],"collection":[{"href":"https:\/\/www.claret.cat\/es\/wp-json\/wp\/v2\/product"}],"about":[{"href":"https:\/\/www.claret.cat\/es\/wp-json\/wp\/v2\/types\/product"}],"wp:featuredmedia":[{"embeddable":true,"href":"https:\/\/www.claret.cat\/es\/wp-json\/wp\/v2\/media\/317833"}],"wp:attachment":[{"href":"https:\/\/www.claret.cat\/es\/wp-json\/wp\/v2\/media?parent=145261"}],"wp:term":[{"taxonomy":"product_brand","embeddable":true,"href":"https:\/\/www.claret.cat\/es\/wp-json\/wp\/v2\/product_brand?post=145261"},{"taxonomy":"product_cat","embeddable":true,"href":"https:\/\/www.claret.cat\/es\/wp-json\/wp\/v2\/product_cat?post=145261"},{"taxonomy":"product_tag","embeddable":true,"href":"https:\/\/www.claret.cat\/es\/wp-json\/wp\/v2\/product_tag?post=145261"}],"curies":[{"name":"wp","href":"https:\/\/api.w.org\/{rel}","templated":true}]}}