{"id":145279,"date":"2022-10-13T14:14:23","date_gmt":"2022-10-13T12:14:23","guid":{"rendered":"http:\/\/dev.claret.cat\/producte\/kwaidan\/"},"modified":"2023-01-28T19:26:49","modified_gmt":"2023-01-28T18:26:49","slug":"kwaidan-9788417353063","status":"publish","type":"product","link":"https:\/\/www.claret.cat\/es\/libro\/kwaidan-9788417353063\/","title":{"rendered":"KWAIDAN"},"content":{"rendered":"<p>Kwaidan, hist\u00f2ria de fantasmes en japon\u00e8s cl\u00e0ssic, va ser el darrer llibre que va publicar Lafcadio Hearn en vida (el 1904, l&#8217;any que va morir) i el que l&#8217;ha fet m\u00e9s conegut arreu del m|\u00f3n. Escrit en angl\u00e8s, per\u00f2 tradu\u00eft aviat al japon\u00e8s, constitueix un cat\u00e0leg il\u00b7lustratiu dels yokai tradicionals d&#8217;aquell pa\u00eds i recull un seguit de relats antics sobre espectres i fets extraordinaris que va recontar per rescatar-los de l&#8217;oblit quan el Jap\u00f3 es va obrir al m\u00f3n i aix\u00f2 no ho feien ni els autors aut\u00f2ctons.<br \/>Aquesta edici\u00f3 presenta la seva obra per primera vegada en catal\u00e0 i es completa amb una selecci\u00f3 de relats emblem\u00e0tics que provenen d&#8217;altres llibres de l&#8217;autor.<\/p>\n","protected":false},"excerpt":{"rendered":"<p>HEARN, LAFCADIO<\/p>\n","protected":false},"featured_media":145280,"template":"","meta":{"_acf_changed":false,"om_disable_all_campaigns":false,"rs_blank_template":"","rs_page_bg_color":"","slide_template_v7":"","inline_featured_image":false,"_monsterinsights_skip_tracking":false,"_monsterinsights_sitenote_active":false,"_monsterinsights_sitenote_note":"","_monsterinsights_sitenote_category":0},"product_brand":[],"product_cat":[87],"product_tag":[],"class_list":{"0":"post-145279","1":"product","2":"type-product","3":"status-publish","4":"has-post-thumbnail","6":"product_cat-literatura","8":"first","9":"instock","10":"taxable","11":"shipping-taxable","12":"purchasable","13":"product-type-simple"},"acf":{"editorial":[{"ID":6307,"post_author":"3","post_date":"2022-07-28 17:49:22","post_date_gmt":"2022-07-28 15:49:22","post_content":"","post_title":"M\u00c9S LLIBRES EDITORIAL","post_excerpt":"","post_status":"publish","comment_status":"closed","ping_status":"closed","post_password":"","post_name":"mes-llibres-editorial","to_ping":"","pinged":"","post_modified":"2022-07-28 17:49:22","post_modified_gmt":"2022-07-28 15:49:22","post_content_filtered":"","post_parent":0,"guid":"http:\/\/dev.claret.cat\/editorial\/mes-llibres-editorial\/","menu_order":0,"post_type":"editorial","post_mime_type":"","comment_count":"0","filter":"raw"}],"autor":"HEARN, LAFCADIO","codart":"841735306","libros-coleccion":"","ediciones":"1","encuadernacion":"R\u00fastica","fecha_de_publicacion":"01\/11\/2018","novedad":"1","paginas":"185","subtitulo":"","orden":"0","portada":"0","idioma":"cat","autores-libros":[{"ID":161816,"post_author":"3","post_date":"2022-10-14 17:21:15","post_date_gmt":"2022-10-14 15:21:15","post_content":"","post_title":"LAFCADIO HEARN","post_excerpt":"","post_status":"publish","comment_status":"closed","ping_status":"closed","post_password":"","post_name":"lafcadio-hearn","to_ping":"","pinged":"","post_modified":"2022-10-14 17:21:15","post_modified_gmt":"2022-10-14 15:21:15","post_content_filtered":"","post_parent":0,"guid":"http:\/\/dev.claret.cat\/autor\/lafcadio-hearn\/","menu_order":0,"post_type":"autor","post_mime_type":"","comment_count":"0","filter":"raw"}]},"aioseo_notices":[],"_links":{"self":[{"href":"https:\/\/www.claret.cat\/es\/wp-json\/wp\/v2\/product\/145279","targetHints":{"allow":["GET"]}}],"collection":[{"href":"https:\/\/www.claret.cat\/es\/wp-json\/wp\/v2\/product"}],"about":[{"href":"https:\/\/www.claret.cat\/es\/wp-json\/wp\/v2\/types\/product"}],"wp:featuredmedia":[{"embeddable":true,"href":"https:\/\/www.claret.cat\/es\/wp-json\/wp\/v2\/media\/145280"}],"wp:attachment":[{"href":"https:\/\/www.claret.cat\/es\/wp-json\/wp\/v2\/media?parent=145279"}],"wp:term":[{"taxonomy":"product_brand","embeddable":true,"href":"https:\/\/www.claret.cat\/es\/wp-json\/wp\/v2\/product_brand?post=145279"},{"taxonomy":"product_cat","embeddable":true,"href":"https:\/\/www.claret.cat\/es\/wp-json\/wp\/v2\/product_cat?post=145279"},{"taxonomy":"product_tag","embeddable":true,"href":"https:\/\/www.claret.cat\/es\/wp-json\/wp\/v2\/product_tag?post=145279"}],"curies":[{"name":"wp","href":"https:\/\/api.w.org\/{rel}","templated":true}]}}