{"id":145288,"date":"2022-10-13T14:14:31","date_gmt":"2022-10-13T12:14:31","guid":{"rendered":"http:\/\/dev.claret.cat\/producte\/3-nits-de-torb-i-1-cap-dany\/"},"modified":"2026-03-06T18:30:20","modified_gmt":"2026-03-06T17:30:20","slug":"3-nits-de-torb-i-1-cap-dany-9788415315575","status":"publish","type":"product","link":"https:\/\/www.claret.cat\/es\/libro\/3-nits-de-torb-i-1-cap-dany-9788415315575\/","title":{"rendered":"3 NITS DE TORB I 1 CAP D&#8217;ANY"},"content":{"rendered":"<p>A cavall dels darrers dies de l&#8217;any 2000 i d&#8217;inicis del 2001, un episodi de torb assol\u00e0 el Pirineu de forma terrible i sobtada. Vent, neu i una baixada brusca de les temperatures provoc\u00e0 la trag\u00e8dia de muntanya m\u00e9s important que es recorda al pirineu catal\u00e0. Diversos grups d&#8217;excursionistes s&#8217;hi veieren atrapats, sobretot al voltant del cim del Ba-landrau, a la comarca del Ripoll\u00e8s. Amb un ritme \u00e0gil i viu que atrapa el lector, aquest llibre \u00e9s la narraci\u00f3, hora per hora, d\u2019aquells dies i les seves nits.<\/p>\n","protected":false},"excerpt":{"rendered":"<p>CRUZ I SERRA, JORDI<\/p>\n","protected":false},"featured_media":1088435,"template":"","meta":{"_acf_changed":false,"om_disable_all_campaigns":false,"rs_blank_template":"","rs_page_bg_color":"","slide_template_v7":"","inline_featured_image":false,"_monsterinsights_skip_tracking":false,"_monsterinsights_sitenote_active":false,"_monsterinsights_sitenote_note":"","_monsterinsights_sitenote_category":0},"product_brand":[],"product_cat":[85,351],"product_tag":[],"class_list":{"0":"post-145288","1":"product","2":"type-product","3":"status-publish","4":"has-post-thumbnail","6":"product_cat-historia","7":"product_cat-historia-2_humanidades","9":"first","10":"outofstock","11":"taxable","12":"shipping-taxable","13":"purchasable","14":"product-type-simple"},"acf":{"editorial":[{"ID":148820,"post_author":"3","post_date":"2022-10-14 12:01:15","post_date_gmt":"2022-10-14 10:01:15","post_content":"","post_title":"SIMBOL    84-95987","post_excerpt":"","post_status":"publish","comment_status":"closed","ping_status":"closed","post_password":"","post_name":"simbol-84-95987","to_ping":"","pinged":"","post_modified":"2022-10-14 12:01:15","post_modified_gmt":"2022-10-14 10:01:15","post_content_filtered":"","post_parent":0,"guid":"http:\/\/dev.claret.cat\/editorial\/simbol-84-95987\/","menu_order":0,"post_type":"editorial","post_mime_type":"","comment_count":"0","filter":"raw"}],"autores-libros":[{"ID":159879,"post_author":"3","post_date":"2022-10-14 15:48:28","post_date_gmt":"2022-10-14 13:48:28","post_content":"","post_title":"JORDI CRUZ I SERRA","post_excerpt":"","post_status":"publish","comment_status":"closed","ping_status":"closed","post_password":"","post_name":"jordi-cruz-i-serra","to_ping":"","pinged":"","post_modified":"2022-10-14 15:48:28","post_modified_gmt":"2022-10-14 13:48:28","post_content_filtered":"","post_parent":0,"guid":"http:\/\/dev.claret.cat\/autor\/jordi-cruz-i-serra\/","menu_order":0,"post_type":"autor","post_mime_type":"","comment_count":"0","filter":"raw"}],"autor":"CRUZ I SERRA, JORDI","codart":"841531557","libros-coleccion":"","ediciones":"1","encuadernacion":"Carpeta","fecha_de_publicacion":"01\/11\/2018","novedad":"0","paginas":"238","subtitulo":"","orden":"0","portada":"0","idioma":"cat","booktrailer":"","resenas":""},"aioseo_notices":[],"_links":{"self":[{"href":"https:\/\/www.claret.cat\/es\/wp-json\/wp\/v2\/product\/145288","targetHints":{"allow":["GET"]}}],"collection":[{"href":"https:\/\/www.claret.cat\/es\/wp-json\/wp\/v2\/product"}],"about":[{"href":"https:\/\/www.claret.cat\/es\/wp-json\/wp\/v2\/types\/product"}],"wp:featuredmedia":[{"embeddable":true,"href":"https:\/\/www.claret.cat\/es\/wp-json\/wp\/v2\/media\/1088435"}],"wp:attachment":[{"href":"https:\/\/www.claret.cat\/es\/wp-json\/wp\/v2\/media?parent=145288"}],"wp:term":[{"taxonomy":"product_brand","embeddable":true,"href":"https:\/\/www.claret.cat\/es\/wp-json\/wp\/v2\/product_brand?post=145288"},{"taxonomy":"product_cat","embeddable":true,"href":"https:\/\/www.claret.cat\/es\/wp-json\/wp\/v2\/product_cat?post=145288"},{"taxonomy":"product_tag","embeddable":true,"href":"https:\/\/www.claret.cat\/es\/wp-json\/wp\/v2\/product_tag?post=145288"}],"curies":[{"name":"wp","href":"https:\/\/api.w.org\/{rel}","templated":true}]}}