{"id":145393,"date":"2022-10-13T14:16:14","date_gmt":"2022-10-13T12:16:14","guid":{"rendered":"http:\/\/dev.claret.cat\/producte\/diari-de-lany-de-la-pesta\/"},"modified":"2023-01-28T22:36:44","modified_gmt":"2023-01-28T21:36:44","slug":"diari-de-lany-de-la-pesta-9788492728633","status":"publish","type":"product","link":"https:\/\/www.claret.cat\/es\/libro\/diari-de-lany-de-la-pesta-9788492728633\/","title":{"rendered":"DIARI DE L&#8217;ANY DE LA PESTA"},"content":{"rendered":"<p>Primera edici\u00f3 en catal\u00e0 d&#8217;una obra cabdal de la literatura universal.<br \/>Situada en un territori ambigu entre la ficci\u00f3 i el reportatge hist\u00f2ric, l&#8217;obra narra en forma de diari, en estricte ordre cronol\u00f2gic, els esdeveniments succe\u00efts arran de l&#8217;epid\u00e8mia de pesta que va assolar Londres el 1664. All\u00e0 hi \u00e9s tot: els crits esgarrifosos que ressonen en la nit, les fredes xifres dels enterraments setmanals, els mil rumors que sacsegen la ciutat com corrents el\u00e8ctriques, les especulacions teol\u00f2giques i m\u00e8diques que obsessionen la ment de qui parla. Com digu\u00e9 Anthony Burgess: \u00abA m\u00e9s d\u2019acceptar-lo com a ficci\u00f3, cada generaci\u00f3 l\u2019ha llegit tamb\u00e9 com a Hist\u00f2ria.\u00bb<\/p>\n","protected":false},"excerpt":{"rendered":"<p>DEFOE, DANIEL<\/p>\n","protected":false},"featured_media":145394,"template":"","meta":{"_acf_changed":false,"om_disable_all_campaigns":false,"rs_blank_template":"","rs_page_bg_color":"","slide_template_v7":"","inline_featured_image":false,"_monsterinsights_skip_tracking":false,"_monsterinsights_sitenote_active":false,"_monsterinsights_sitenote_note":"","_monsterinsights_sitenote_category":0},"product_brand":[],"product_cat":[87],"product_tag":[],"class_list":{"0":"post-145393","1":"product","2":"type-product","3":"status-publish","4":"has-post-thumbnail","6":"product_cat-literatura","8":"first","9":"instock","10":"taxable","11":"shipping-taxable","12":"purchasable","13":"product-type-simple"},"acf":{"editorial":[{"ID":148509,"post_author":"3","post_date":"2022-10-14 11:58:48","post_date_gmt":"2022-10-14 09:58:48","post_content":"","post_title":"MARBOT EDICIONES","post_excerpt":"","post_status":"publish","comment_status":"closed","ping_status":"closed","post_password":"","post_name":"marbot-ediciones","to_ping":"","pinged":"","post_modified":"2022-10-14 11:58:48","post_modified_gmt":"2022-10-14 09:58:48","post_content_filtered":"","post_parent":0,"guid":"http:\/\/dev.claret.cat\/editorial\/marbot-ediciones\/","menu_order":0,"post_type":"editorial","post_mime_type":"","comment_count":"0","filter":"raw"}],"autor":"DEFOE, DANIEL","codart":"849272863","libros-coleccion":"CATALAN","ediciones":"1","encuadernacion":"R\u00fastica","fecha_de_publicacion":"01\/11\/2018","novedad":"1","paginas":"304","subtitulo":"","orden":"0","portada":"0","idioma":"cat","autores-libros":[{"ID":153571,"post_author":"3","post_date":"2022-10-14 14:57:49","post_date_gmt":"2022-10-14 12:57:49","post_content":"","post_title":"DANIEL DEFOE","post_excerpt":"","post_status":"publish","comment_status":"closed","ping_status":"closed","post_password":"","post_name":"daniel-defoe","to_ping":"","pinged":"","post_modified":"2022-10-14 14:57:49","post_modified_gmt":"2022-10-14 12:57:49","post_content_filtered":"","post_parent":0,"guid":"http:\/\/dev.claret.cat\/autor\/daniel-defoe\/","menu_order":0,"post_type":"autor","post_mime_type":"","comment_count":"0","filter":"raw"}]},"aioseo_notices":[],"_links":{"self":[{"href":"https:\/\/www.claret.cat\/es\/wp-json\/wp\/v2\/product\/145393","targetHints":{"allow":["GET"]}}],"collection":[{"href":"https:\/\/www.claret.cat\/es\/wp-json\/wp\/v2\/product"}],"about":[{"href":"https:\/\/www.claret.cat\/es\/wp-json\/wp\/v2\/types\/product"}],"wp:featuredmedia":[{"embeddable":true,"href":"https:\/\/www.claret.cat\/es\/wp-json\/wp\/v2\/media\/145394"}],"wp:attachment":[{"href":"https:\/\/www.claret.cat\/es\/wp-json\/wp\/v2\/media?parent=145393"}],"wp:term":[{"taxonomy":"product_brand","embeddable":true,"href":"https:\/\/www.claret.cat\/es\/wp-json\/wp\/v2\/product_brand?post=145393"},{"taxonomy":"product_cat","embeddable":true,"href":"https:\/\/www.claret.cat\/es\/wp-json\/wp\/v2\/product_cat?post=145393"},{"taxonomy":"product_tag","embeddable":true,"href":"https:\/\/www.claret.cat\/es\/wp-json\/wp\/v2\/product_tag?post=145393"}],"curies":[{"name":"wp","href":"https:\/\/api.w.org\/{rel}","templated":true}]}}