{"id":14541,"date":"2022-10-01T22:53:03","date_gmt":"2022-10-01T20:53:03","guid":{"rendered":"http:\/\/dev.claret.cat\/producte\/marginalia\/"},"modified":"2023-01-28T10:21:38","modified_gmt":"2023-01-28T09:21:38","slug":"marginalia-9788412435221","status":"publish","type":"product","link":"https:\/\/www.claret.cat\/es\/libro\/marginalia-9788412435221\/","title":{"rendered":"MARGIN\u00c0LIA"},"content":{"rendered":"<p>La margin\u00e0lia \u00e9s l&#8217;art de comentar, assenyalar i dibuixar als marges d&#8217;un llibre, per fer ressaltar tot all\u00f2 que es troba en el text de manera impl\u00edcita, per\u00f2 soterrada. A trav\u00e9s d&#8217;aquest concepte, Joan Jordi Miralles agrupa tres narracions llargues, escrites a foc lent i estrictament realistes. Amb la prosa precisa i contundent que el caracteritza, Miralles profana la intimitat d&#8217;uns personatges profundament humans.<\/p>\n","protected":false},"excerpt":{"rendered":"<p>MIRALLES, JOAN JORDI<\/p>\n","protected":false},"featured_media":64100,"template":"","meta":{"_acf_changed":false,"om_disable_all_campaigns":false,"rs_blank_template":"","rs_page_bg_color":"","slide_template_v7":"","inline_featured_image":false,"_monsterinsights_skip_tracking":false,"_monsterinsights_sitenote_active":false,"_monsterinsights_sitenote_note":"","_monsterinsights_sitenote_category":0},"product_brand":[],"product_cat":[127],"product_tag":[],"class_list":{"0":"post-14541","1":"product","2":"type-product","3":"status-publish","4":"has-post-thumbnail","6":"product_cat-novella-contemporania","8":"first","9":"instock","10":"taxable","11":"shipping-taxable","12":"purchasable","13":"product-type-simple"},"acf":{"autor":"MIRALLES, JOAN JORDI","codart":"841243522","libros-coleccion":"Distorsions","ediciones":"1","encuadernacion":"R\u00fastica","fecha_de_publicacion":"01\/10\/2021","novedad":"1","paginas":"171","subtitulo":"","orden":"0","portada":"0","idioma":"cat","editorial":[{"ID":148497,"post_author":"3","post_date":"2022-10-14 11:58:42","post_date_gmt":"2022-10-14 09:58:42","post_content":"","post_title":"MALES HERBES, EDICIONS","post_excerpt":"","post_status":"publish","comment_status":"closed","ping_status":"closed","post_password":"","post_name":"males-herbes-edicions","to_ping":"","pinged":"","post_modified":"2022-10-14 11:58:42","post_modified_gmt":"2022-10-14 09:58:42","post_content_filtered":"","post_parent":0,"guid":"http:\/\/dev.claret.cat\/editorial\/males-herbes-edicions\/","menu_order":0,"post_type":"editorial","post_mime_type":"","comment_count":"0","filter":"raw"}],"autores-libros":[{"ID":159333,"post_author":"3","post_date":"2022-10-14 15:43:59","post_date_gmt":"2022-10-14 13:43:59","post_content":"","post_title":"JOAN JORDI MIRALLES","post_excerpt":"","post_status":"publish","comment_status":"closed","ping_status":"closed","post_password":"","post_name":"joan-jordi-miralles-2","to_ping":"","pinged":"","post_modified":"2022-10-14 15:43:59","post_modified_gmt":"2022-10-14 13:43:59","post_content_filtered":"","post_parent":0,"guid":"http:\/\/dev.claret.cat\/autor\/joan-jordi-miralles-2\/","menu_order":0,"post_type":"autor","post_mime_type":"","comment_count":"0","filter":"raw"}]},"aioseo_notices":[],"_links":{"self":[{"href":"https:\/\/www.claret.cat\/es\/wp-json\/wp\/v2\/product\/14541","targetHints":{"allow":["GET"]}}],"collection":[{"href":"https:\/\/www.claret.cat\/es\/wp-json\/wp\/v2\/product"}],"about":[{"href":"https:\/\/www.claret.cat\/es\/wp-json\/wp\/v2\/types\/product"}],"wp:featuredmedia":[{"embeddable":true,"href":"https:\/\/www.claret.cat\/es\/wp-json\/wp\/v2\/media\/64100"}],"wp:attachment":[{"href":"https:\/\/www.claret.cat\/es\/wp-json\/wp\/v2\/media?parent=14541"}],"wp:term":[{"taxonomy":"product_brand","embeddable":true,"href":"https:\/\/www.claret.cat\/es\/wp-json\/wp\/v2\/product_brand?post=14541"},{"taxonomy":"product_cat","embeddable":true,"href":"https:\/\/www.claret.cat\/es\/wp-json\/wp\/v2\/product_cat?post=14541"},{"taxonomy":"product_tag","embeddable":true,"href":"https:\/\/www.claret.cat\/es\/wp-json\/wp\/v2\/product_tag?post=14541"}],"curies":[{"name":"wp","href":"https:\/\/api.w.org\/{rel}","templated":true}]}}