{"id":145438,"date":"2022-10-13T14:16:58","date_gmt":"2022-10-13T12:16:58","guid":{"rendered":"http:\/\/dev.claret.cat\/producte\/sonic-the-hedgehog\/"},"modified":"2023-01-28T16:33:59","modified_gmt":"2023-01-28T15:33:59","slug":"sonic-the-hedgehog-9788445005484","status":"publish","type":"product","link":"https:\/\/www.claret.cat\/es\/libro\/sonic-the-hedgehog-9788445005484\/","title":{"rendered":"SONIC THE HEDGEHOG"},"content":{"rendered":"<p>El libro de arte conmemorativo del 25\u00ba aniversario de Sonic The Hedgehog honra a este icono del videojuego con una atractiva edici\u00f3n de lujo ilustrada. Contiene el arte del universo Sonic, ilustraciones, arte promocional y material raro de la \u00e9poca de 1991 a 2016. Tambi\u00e9n hay lugar para contar la historia completa de los or\u00edgenes y la evoluci\u00f3n de Sonic, con testimonios clave de miembros del equipo como son Yuji Naka, Yakashi Iizuka, Kazuyuki Hoshino y Yuji Uekawa, quienes explican las decisiones clave a nivel de dise\u00f1o que configuraron a Sonic y su universo a lo largo de los a\u00f1os.<\/p>\n","protected":false},"excerpt":{"rendered":"<p>VV. AA.<\/p>\n","protected":false},"featured_media":145439,"template":"","meta":{"_acf_changed":false,"om_disable_all_campaigns":false,"rs_blank_template":"","rs_page_bg_color":"","slide_template_v7":"","inline_featured_image":false,"_monsterinsights_skip_tracking":false,"_monsterinsights_sitenote_active":false,"_monsterinsights_sitenote_note":"","_monsterinsights_sitenote_category":0},"product_brand":[],"product_cat":[105,115],"product_tag":[],"class_list":{"0":"post-145438","1":"product","2":"type-product","3":"status-publish","4":"has-post-thumbnail","6":"product_cat-regal","7":"product_cat-videojocs","9":"first","10":"instock","11":"taxable","12":"shipping-taxable","13":"purchasable","14":"product-type-simple"},"acf":{"editorial":[{"ID":6308,"post_author":"3","post_date":"2022-07-28 17:49:24","post_date_gmt":"2022-07-28 15:49:24","post_content":"","post_title":"Minotauro","post_excerpt":"","post_status":"publish","comment_status":"closed","ping_status":"closed","post_password":"","post_name":"minotauro","to_ping":"","pinged":"","post_modified":"2022-07-28 17:49:24","post_modified_gmt":"2022-07-28 15:49:24","post_content_filtered":"","post_parent":0,"guid":"http:\/\/dev.claret.cat\/editorial\/minotauro\/","menu_order":0,"post_type":"editorial","post_mime_type":"","comment_count":"0","filter":"raw"}],"autores-libros":[{"ID":6085,"post_author":"3","post_date":"2022-07-28 17:37:49","post_date_gmt":"2022-07-28 15:37:49","post_content":"","post_title":"VV. AA.","post_excerpt":"","post_status":"publish","comment_status":"closed","ping_status":"closed","post_password":"","post_name":"vv-aa","to_ping":"","pinged":"","post_modified":"2022-07-28 17:37:49","post_modified_gmt":"2022-07-28 15:37:49","post_content_filtered":"","post_parent":0,"guid":"http:\/\/dev.claret.cat\/autor\/vv-aa\/","menu_order":0,"post_type":"autor","post_mime_type":"","comment_count":"0","filter":"raw"}],"autor":"VV. AA.","codart":"844500548","libros-coleccion":"","ediciones":"1","encuadernacion":"Carton\u00e9","fecha_de_publicacion":"01\/11\/2018","novedad":"1","paginas":"248","subtitulo":"","orden":"0","portada":"0","idioma":"spa"},"aioseo_notices":[],"_links":{"self":[{"href":"https:\/\/www.claret.cat\/es\/wp-json\/wp\/v2\/product\/145438","targetHints":{"allow":["GET"]}}],"collection":[{"href":"https:\/\/www.claret.cat\/es\/wp-json\/wp\/v2\/product"}],"about":[{"href":"https:\/\/www.claret.cat\/es\/wp-json\/wp\/v2\/types\/product"}],"wp:featuredmedia":[{"embeddable":true,"href":"https:\/\/www.claret.cat\/es\/wp-json\/wp\/v2\/media\/145439"}],"wp:attachment":[{"href":"https:\/\/www.claret.cat\/es\/wp-json\/wp\/v2\/media?parent=145438"}],"wp:term":[{"taxonomy":"product_brand","embeddable":true,"href":"https:\/\/www.claret.cat\/es\/wp-json\/wp\/v2\/product_brand?post=145438"},{"taxonomy":"product_cat","embeddable":true,"href":"https:\/\/www.claret.cat\/es\/wp-json\/wp\/v2\/product_cat?post=145438"},{"taxonomy":"product_tag","embeddable":true,"href":"https:\/\/www.claret.cat\/es\/wp-json\/wp\/v2\/product_tag?post=145438"}],"curies":[{"name":"wp","href":"https:\/\/api.w.org\/{rel}","templated":true}]}}