{"id":145582,"date":"2022-10-13T14:19:17","date_gmt":"2022-10-13T12:19:17","guid":{"rendered":"http:\/\/dev.claret.cat\/producte\/el-explicador-de-cosas\/"},"modified":"2025-10-31T12:00:28","modified_gmt":"2025-10-31T11:00:28","slug":"el-explicador-de-cosas-9788403517363","status":"publish","type":"product","link":"https:\/\/www.claret.cat\/es\/libro\/el-explicador-de-cosas-9788403517363\/","title":{"rendered":"EL EXPLICADOR DE COSAS"},"content":{"rendered":"<p>Del ingeniero de la NASA, creador de la web humor\u00edstica xkcd y autor del best seller \u00bfQu\u00e9 pasar\u00eda s\u00ed?, nos llega una serie de  dibujos con descripciones brillantes -y simples- que lo explican todo, desde los reactores nucleares hasta los bol\u00edgrafos. \u00bfHas intentado alguna vez aprender algo sobre una cosa maravillosa, solo para frustrarte despu\u00e9s ante una jerga incomprensible? Randall Munroe est\u00e1 aqu\u00ed para ayudarte. Utilizando \u00fanicamente dibujos esquem\u00e1ticos y las mil palabras (o, mejor  dicho, los diez cientos) m\u00e1s comunes en nuestro idioma para  dar  explicaciones sencillas sobre algunas de las cosas m\u00e1s interesantes que existen, incluyendo: &#8211; Calentador de comida con ondas (= microondas)<br \/>&#8211; Carreteras en alto (= puentes)<br \/>&#8211; Edificio con ordenadores (= centro de procesamiento de datos)<br \/>&#8211; Casa compartida en el espacio (= Estaci\u00f3n Espacial  Internacional)<br \/>&#8211; Mundos alrededor del sol (= sistema solar)<br \/>&#8211; Placas de roca sobre las que vivimos (= placas tect\u00f3nicas)<br \/>&#8211; Elementos de los que est\u00e1 hecho todo (= tabla peri\u00f3dica)<br \/>&#8211; Barco volador con alar giratorias (= helic\u00f3ptero)<br \/>&#8211; M\u00e1quinas para que la ropa huela mejor (= lavadora y secadora)<br \/>&#8211; Aparatos que tienes dentro (= \u00f3rganos) \u00bfC\u00f3mo funcionan estas cosas? \u00bfDe d\u00f3nde vienen? \u00bfC\u00f3mo ser\u00eda la vida sin  ellas? Y \u00bfqu\u00e9 ocurrir\u00eda si las abrimos, las calentamos, las enfriamos,  las orientamos en una direcci\u00f3n diferente o apretamos un determinado bot\u00f3n? En El explicador de cosas, Munroe da respuesta a estas preguntas y  a muchas m\u00e1s. Divertido, interesante y siempre  comprensible, este libro  es para cualquiera -entre 5 y 105 a\u00f1os- que alguna vez se haya preguntado c\u00f3mo funcionan las cosas y por qu\u00e9.<\/p>\n","protected":false},"excerpt":{"rendered":"<p>MUNROE, RANDALL<\/p>\n","protected":false},"featured_media":1063043,"template":"","meta":{"_acf_changed":false,"om_disable_all_campaigns":false,"rs_blank_template":"","rs_page_bg_color":"","slide_template_v7":"","inline_featured_image":false,"_monsterinsights_skip_tracking":false,"_monsterinsights_sitenote_active":false,"_monsterinsights_sitenote_note":"","_monsterinsights_sitenote_category":0},"product_brand":[],"product_cat":[554,104,352,86,566,117,105,555],"product_tag":[],"class_list":{"0":"post-145582","1":"product","2":"type-product","3":"status-publish","4":"has-post-thumbnail","6":"product_cat-ciencia-5_otras-spa","7":"product_cat-ciencia","8":"product_cat-infantil-3_infantil-juvenil-spa","9":"product_cat-infantil","10":"product_cat-juvenil-3_infantil-juvenil-spa-spa","11":"product_cat-juvenil","12":"product_cat-regal","13":"product_cat-regalo","15":"first","16":"outofstock","17":"taxable","18":"shipping-taxable","19":"purchasable","20":"product-type-simple"},"acf":{"editorial":[{"ID":6294,"post_author":"3","post_date":"2022-07-28 17:49:06","post_date_gmt":"2022-07-28 15:49:06","post_content":"","post_title":"LOSADA","post_excerpt":"","post_status":"publish","comment_status":"closed","ping_status":"closed","post_password":"","post_name":"losada","to_ping":"","pinged":"","post_modified":"2022-07-28 17:49:06","post_modified_gmt":"2022-07-28 15:49:06","post_content_filtered":"","post_parent":0,"guid":"http:\/\/dev.claret.cat\/editorial\/losada\/","menu_order":0,"post_type":"editorial","post_mime_type":"","comment_count":"0","filter":"raw"}],"autores-libros":[{"ID":167775,"post_author":"3","post_date":"2022-10-14 18:13:55","post_date_gmt":"2022-10-14 16:13:55","post_content":"","post_title":"RANDALL MUNROE","post_excerpt":"","post_status":"publish","comment_status":"closed","ping_status":"closed","post_password":"","post_name":"randall-munroe","to_ping":"","pinged":"","post_modified":"2022-10-14 18:13:55","post_modified_gmt":"2022-10-14 16:13:55","post_content_filtered":"","post_parent":0,"guid":"http:\/\/dev.claret.cat\/autor\/randall-munroe\/","menu_order":0,"post_type":"autor","post_mime_type":"","comment_count":"0","filter":"raw"}],"autor":"MUNROE, RANDALL","codart":"840351736","libros-coleccion":"Tendencias","ediciones":"1","encuadernacion":"Carton\u00e9","fecha_de_publicacion":"01\/11\/2018","novedad":"0","paginas":"62","subtitulo":"COSAS DIF\u00cdCILES EXPLICADAS CON PALABRAS F\u00c1CILES","orden":"0","portada":"0","idioma":"spa","booktrailer":"","resenas":""},"aioseo_notices":[],"_links":{"self":[{"href":"https:\/\/www.claret.cat\/es\/wp-json\/wp\/v2\/product\/145582","targetHints":{"allow":["GET"]}}],"collection":[{"href":"https:\/\/www.claret.cat\/es\/wp-json\/wp\/v2\/product"}],"about":[{"href":"https:\/\/www.claret.cat\/es\/wp-json\/wp\/v2\/types\/product"}],"wp:featuredmedia":[{"embeddable":true,"href":"https:\/\/www.claret.cat\/es\/wp-json\/wp\/v2\/media\/1063043"}],"wp:attachment":[{"href":"https:\/\/www.claret.cat\/es\/wp-json\/wp\/v2\/media?parent=145582"}],"wp:term":[{"taxonomy":"product_brand","embeddable":true,"href":"https:\/\/www.claret.cat\/es\/wp-json\/wp\/v2\/product_brand?post=145582"},{"taxonomy":"product_cat","embeddable":true,"href":"https:\/\/www.claret.cat\/es\/wp-json\/wp\/v2\/product_cat?post=145582"},{"taxonomy":"product_tag","embeddable":true,"href":"https:\/\/www.claret.cat\/es\/wp-json\/wp\/v2\/product_tag?post=145582"}],"curies":[{"name":"wp","href":"https:\/\/api.w.org\/{rel}","templated":true}]}}