{"id":145585,"date":"2022-10-13T14:19:20","date_gmt":"2022-10-13T12:19:20","guid":{"rendered":"http:\/\/dev.claret.cat\/producte\/el-viaje-del-elefante-edicion-ilustrada-20-o-aniversario-del-premio-nobel\/"},"modified":"2023-01-28T11:41:23","modified_gmt":"2023-01-28T10:41:23","slug":"el-viaje-del-elefante-edicion-ilustrada-20o-aniversario-del-premio-nobel-9788420434704","status":"publish","type":"product","link":"https:\/\/www.claret.cat\/es\/libro\/el-viaje-del-elefante-edicion-ilustrada-20o-aniversario-del-premio-nobel-9788420434704\/","title":{"rendered":"EL VIAJE DEL ELEFANTE (EDICI\u00d3N ILUSTRADA). 20.\u00ba ANIVERSARIO DEL PREMIO NOBEL"},"content":{"rendered":"<p>El ins\u00f3lito viaje del elefante Salom\u00f3n a trav\u00e9s de la Europa del siglo XVI.  Edici\u00f3n especial ilustrada por Manuel Estrada, premio Nacional de  Dise\u00f1o, para celebrar el 20.\u00ba aniversario de la concesi\u00f3n del Premio Nobel a Jos\u00e9 Saramago A mediados del siglo XVI el rey Juan III ofrece a su primo, el  archiduque Maximiliano de Austria, un elefante asi\u00e1tico. As\u00ed comienza  esta novela que cuenta el viaje \u00e9pico por Europa de ese elefante llamado  Salom\u00f3n, llevado a cabo por caprichos reales y absurdas estrategias.  Hoy, cuando se cumplen los veinte a\u00f1os del Premio Nobel de Literatura a Saramago, ve la luz esta edici\u00f3n especial de El viaje del elefante  dise\u00f1ada por el Premio Nacional de Dise\u00f1o, Manuel Estrada. Este no es un libro hist\u00f3rico, es una combinaci\u00f3n de hechos reales e  inventados que nos hace sentir la realidad y la ficci\u00f3n como una unidad  indisoluble, como algo propio de la gran literatura. En ella, el humor y  la iron\u00eda, marcas de la implacable lucidez del autor, se unen a la  compasi\u00f3n con la que Jos\u00e9 Saramago observa las flaquezas humanas. Escrita diez a\u00f1os despu\u00e9s de la concesi\u00f3n del Premio Nobel, El viaje  del elefante nos muestra a un Saramago en todo su esplendor literario.<\/p>\n","protected":false},"excerpt":{"rendered":"<p>SARAMAGO, JOS\u00c9<\/p>\n","protected":false},"featured_media":145586,"template":"","meta":{"_acf_changed":false,"om_disable_all_campaigns":false,"rs_blank_template":"","rs_page_bg_color":"","slide_template_v7":"","inline_featured_image":false,"_monsterinsights_skip_tracking":false,"_monsterinsights_sitenote_active":false,"_monsterinsights_sitenote_note":"","_monsterinsights_sitenote_category":0},"product_brand":[],"product_cat":[87],"product_tag":[],"class_list":{"0":"post-145585","1":"product","2":"type-product","3":"status-publish","4":"has-post-thumbnail","6":"product_cat-literatura","8":"first","9":"instock","10":"taxable","11":"shipping-taxable","12":"purchasable","13":"product-type-simple"},"acf":{"editorial":[{"ID":6118,"post_author":"3","post_date":"2022-07-28 17:45:17","post_date_gmt":"2022-07-28 15:45:17","post_content":"","post_title":"ALFAGUARA","post_excerpt":"","post_status":"publish","comment_status":"closed","ping_status":"closed","post_password":"","post_name":"alfaguara","to_ping":"","pinged":"","post_modified":"2022-07-28 17:45:17","post_modified_gmt":"2022-07-28 15:45:17","post_content_filtered":"","post_parent":0,"guid":"http:\/\/dev.claret.cat\/editorial\/alfaguara\/","menu_order":0,"post_type":"editorial","post_mime_type":"","comment_count":"0","filter":"raw"}],"autores-libros":[{"ID":5650,"post_author":"3","post_date":"2022-07-28 17:28:32","post_date_gmt":"2022-07-28 15:28:32","post_content":"","post_title":"JOSE SARAMAGO","post_excerpt":"","post_status":"publish","comment_status":"closed","ping_status":"closed","post_password":"","post_name":"jose-saramago","to_ping":"","pinged":"","post_modified":"2022-07-28 17:28:32","post_modified_gmt":"2022-07-28 15:28:32","post_content_filtered":"","post_parent":0,"guid":"http:\/\/dev.claret.cat\/autor\/jose-saramago\/","menu_order":0,"post_type":"autor","post_mime_type":"","comment_count":"0","filter":"raw"}],"autor":"SARAMAGO, JOS\u00c9","codart":"842043470","libros-coleccion":"LITERATURAS","ediciones":"1","encuadernacion":"Carton\u00e9","fecha_de_publicacion":"01\/11\/2018","novedad":"1","paginas":"264","subtitulo":"","orden":"0","portada":"0","idioma":"spa"},"aioseo_notices":[],"_links":{"self":[{"href":"https:\/\/www.claret.cat\/es\/wp-json\/wp\/v2\/product\/145585","targetHints":{"allow":["GET"]}}],"collection":[{"href":"https:\/\/www.claret.cat\/es\/wp-json\/wp\/v2\/product"}],"about":[{"href":"https:\/\/www.claret.cat\/es\/wp-json\/wp\/v2\/types\/product"}],"wp:featuredmedia":[{"embeddable":true,"href":"https:\/\/www.claret.cat\/es\/wp-json\/wp\/v2\/media\/145586"}],"wp:attachment":[{"href":"https:\/\/www.claret.cat\/es\/wp-json\/wp\/v2\/media?parent=145585"}],"wp:term":[{"taxonomy":"product_brand","embeddable":true,"href":"https:\/\/www.claret.cat\/es\/wp-json\/wp\/v2\/product_brand?post=145585"},{"taxonomy":"product_cat","embeddable":true,"href":"https:\/\/www.claret.cat\/es\/wp-json\/wp\/v2\/product_cat?post=145585"},{"taxonomy":"product_tag","embeddable":true,"href":"https:\/\/www.claret.cat\/es\/wp-json\/wp\/v2\/product_tag?post=145585"}],"curies":[{"name":"wp","href":"https:\/\/api.w.org\/{rel}","templated":true}]}}