{"id":145627,"date":"2022-10-13T14:20:00","date_gmt":"2022-10-13T12:20:00","guid":{"rendered":"http:\/\/dev.claret.cat\/producte\/el-mundo-feliz\/"},"modified":"2023-01-28T21:34:23","modified_gmt":"2023-01-28T20:34:23","slug":"el-mundo-feliz-9788433964328","status":"publish","type":"product","link":"https:\/\/www.claret.cat\/es\/libro\/el-mundo-feliz-9788433964328\/","title":{"rendered":"EL MUNDO FELIZ"},"content":{"rendered":"<p>\u00bfEs posible la felicidad? El autor es un pesimista l\u00facido y radical: \u00abLa vida es un sumidero de mierda, un acto rid\u00edculo o absurdo, pero nos comportamos ante ella con una estricta solemnidad, convirtiendo en mito o en literatura todo lo que la afecta. Instituimos grandes conceptos que nos hacen creer a nosotros mismos en la grandeza humana: llamamos dignidad, igualdad, libertad y fraternidad a distintos aspectos del dep\u00f3sito de mierda o del acto grotesco que representamos.\u00bb<br \/> Este ensayo contundente y provocador en el sentido de que incita a pensar, a cuestionar lugares comunes aborda la realidad de los seres humanos y los mitos que creamos para soportarla. Ahonda en la construcci\u00f3n de un \u00abalma laica\u00bb que, como la religiosa, busca la trascendencia y lo eterno, en este caso por la v\u00eda de crear una obra maestra, engendrar un hijo o edificar utop\u00edas. Enfrenta las concepciones antag\u00f3nicas de Hobbes \u00abEl hombre es un lobo para el hombre\u00bb y Rousseau \u00abLa naturaleza ha hecho al hombre feliz y bueno, pero la sociedad lo deprava y lo hace miserable\u00bb y plantea con crudeza que \u00abno nos salvan la inteligencia ni la educaci\u00f3n. No nos salvan tampoco la bondad, ni la honestidad, ni la lucidez \u00e9tica. Tal vez lo \u00fanico que pueda salvarnos es la mentira, el enga\u00f1o. Matrix. El mundo feliz de Huxley\u00bb. Y en un futuro transhumano o poshumano que ya no queda muy lejos, con avances imparables en campos como la rob\u00f3tica, la gen\u00e9tica y la farmacolog\u00eda, frente al S\u00edsifo consciente y en realidad infeliz de Camus el autor opta por el mundo de Matrix, porque, insiste, \u00abyo, como Cioran, querr\u00eda no haber nacido. Pero, ya que lo hice, querr\u00eda vivir felizmente en Matrix o en el mundo de Huxley. No son distop\u00edas, o pueden no serlo\u00bb. Y es que \u00abla ilusi\u00f3n, el fingimiento, la irrealidad y la mentira son curativos si traen la felicidad\u00bb.<\/p>\n","protected":false},"excerpt":{"rendered":"<p>MART\u00cdN, LUISG\u00c9<\/p>\n","protected":false},"featured_media":145628,"template":"","meta":{"_acf_changed":false,"om_disable_all_campaigns":false,"rs_blank_template":"","rs_page_bg_color":"","slide_template_v7":"","inline_featured_image":false,"_monsterinsights_skip_tracking":false,"_monsterinsights_sitenote_active":false,"_monsterinsights_sitenote_note":"","_monsterinsights_sitenote_category":0},"product_brand":[],"product_cat":[81],"product_tag":[],"class_list":{"0":"post-145627","1":"product","2":"type-product","3":"status-publish","4":"has-post-thumbnail","6":"product_cat-psicologia","8":"first","9":"instock","10":"taxable","11":"shipping-taxable","12":"purchasable","13":"product-type-simple"},"acf":{"editorial":[{"ID":6219,"post_author":"3","post_date":"2022-07-28 17:47:26","post_date_gmt":"2022-07-28 15:47:26","post_content":"","post_title":"Editorial Anagrama S.A.","post_excerpt":"","post_status":"publish","comment_status":"closed","ping_status":"closed","post_password":"","post_name":"editorial-anagrama-s-a","to_ping":"","pinged":"","post_modified":"2022-07-28 17:47:26","post_modified_gmt":"2022-07-28 15:47:26","post_content_filtered":"","post_parent":0,"guid":"http:\/\/dev.claret.cat\/editorial\/editorial-anagrama-s-a\/","menu_order":0,"post_type":"editorial","post_mime_type":"","comment_count":"0","filter":"raw"}],"autor":"MART\u00cdN, LUISG\u00c9","codart":"843396432","libros-coleccion":"Argumentos","ediciones":"1","encuadernacion":"R\u00fastica","fecha_de_publicacion":"01\/11\/2018","novedad":"1","paginas":"164","subtitulo":"","orden":"0","portada":"0","idioma":"spa","autores-libros":[{"ID":162795,"post_author":"3","post_date":"2022-10-14 17:33:52","post_date_gmt":"2022-10-14 15:33:52","post_content":"","post_title":"LUISGE MARTIN","post_excerpt":"","post_status":"publish","comment_status":"closed","ping_status":"closed","post_password":"","post_name":"luisge-martin","to_ping":"","pinged":"","post_modified":"2022-10-14 17:33:52","post_modified_gmt":"2022-10-14 15:33:52","post_content_filtered":"","post_parent":0,"guid":"http:\/\/dev.claret.cat\/autor\/luisge-martin\/","menu_order":0,"post_type":"autor","post_mime_type":"","comment_count":"0","filter":"raw"}]},"aioseo_notices":[],"_links":{"self":[{"href":"https:\/\/www.claret.cat\/es\/wp-json\/wp\/v2\/product\/145627","targetHints":{"allow":["GET"]}}],"collection":[{"href":"https:\/\/www.claret.cat\/es\/wp-json\/wp\/v2\/product"}],"about":[{"href":"https:\/\/www.claret.cat\/es\/wp-json\/wp\/v2\/types\/product"}],"wp:featuredmedia":[{"embeddable":true,"href":"https:\/\/www.claret.cat\/es\/wp-json\/wp\/v2\/media\/145628"}],"wp:attachment":[{"href":"https:\/\/www.claret.cat\/es\/wp-json\/wp\/v2\/media?parent=145627"}],"wp:term":[{"taxonomy":"product_brand","embeddable":true,"href":"https:\/\/www.claret.cat\/es\/wp-json\/wp\/v2\/product_brand?post=145627"},{"taxonomy":"product_cat","embeddable":true,"href":"https:\/\/www.claret.cat\/es\/wp-json\/wp\/v2\/product_cat?post=145627"},{"taxonomy":"product_tag","embeddable":true,"href":"https:\/\/www.claret.cat\/es\/wp-json\/wp\/v2\/product_tag?post=145627"}],"curies":[{"name":"wp","href":"https:\/\/api.w.org\/{rel}","templated":true}]}}