{"id":145684,"date":"2022-10-13T14:20:56","date_gmt":"2022-10-13T12:20:56","guid":{"rendered":"http:\/\/dev.claret.cat\/producte\/simplisimo-el-libro-de-costura-facil-del-mundo\/"},"modified":"2026-02-25T12:30:30","modified_gmt":"2026-02-25T11:30:30","slug":"simplisimo-el-libro-de-costura-facil-del-mundo-9788416984947","status":"publish","type":"product","link":"https:\/\/www.claret.cat\/es\/libro\/simplisimo-el-libro-de-costura-facil-del-mundo-9788416984947\/","title":{"rendered":"SIMPL\u00cdSIMO. EL LIBRO DE COSTURA + F\u00c1CIL DEL MUNDO"},"content":{"rendered":"<p>La f\u00f3rmula SIMPL\u00cdSIMO aplicada a la costura. Un simple vistazo a la p\u00e1gina, no m\u00e1s de cinco pasos y en un periquete confeccionar\u00e1s una prenda sencilla<br \/>o un accesorio.<br \/>Un libro muy f\u00e1cil de utilizar ya que en cada doble p\u00e1gina encontraremos lo estrictamente imprescindible:<br \/>&#8211; dibujos del material necesario<br \/>&#8211; pasos a seguir: pocos y claros<br \/>&#8211; foto a toda p\u00e1gina de la prenda resultante<br \/>Y adem\u00e1s, es muy atractivo:<br \/>&#8211; fotos bonitas<br \/>&#8211; poco texto y en letra clara y grande<br \/>&#8211; esquemas claros<br \/>Con gran variedad de proyectos: vestido de noche con abertura, bolso bandolera, chal a rayas, capa, capazo XXL,<br \/>servilletero, visillo, protector de cuadernos, bolsa perfumada, tut\u00fa de bailarina, falda rom\u00e1ntica&#8230;<\/p>\n","protected":false},"excerpt":{"rendered":"<p>COLIN, ST\u00c9PHANIE \/ MALLET, SANDRINE<\/p>\n","protected":false},"featured_media":1086182,"template":"","meta":{"_acf_changed":false,"om_disable_all_campaigns":false,"rs_blank_template":"","rs_page_bg_color":"","slide_template_v7":"","inline_featured_image":false,"_monsterinsights_skip_tracking":false,"_monsterinsights_sitenote_active":false,"_monsterinsights_sitenote_note":"","_monsterinsights_sitenote_category":0},"product_brand":[],"product_cat":[551,101],"product_tag":[],"class_list":{"0":"post-145684","1":"product","2":"type-product","3":"status-publish","4":"has-post-thumbnail","6":"product_cat-manualidades","7":"product_cat-manualitats","9":"first","10":"outofstock","11":"taxable","12":"shipping-taxable","13":"purchasable","14":"product-type-simple"},"acf":{"editorial":[{"ID":148398,"post_author":"3","post_date":"2022-10-14 11:57:56","post_date_gmt":"2022-10-14 09:57:56","post_content":"","post_title":"Larousse","post_excerpt":"","post_status":"publish","comment_status":"closed","ping_status":"closed","post_password":"","post_name":"larousse","to_ping":"","pinged":"","post_modified":"2022-10-14 11:57:56","post_modified_gmt":"2022-10-14 09:57:56","post_content_filtered":"","post_parent":0,"guid":"http:\/\/dev.claret.cat\/editorial\/larousse\/","menu_order":0,"post_type":"editorial","post_mime_type":"","comment_count":"0","filter":"raw"}],"autores-libros":[{"ID":169813,"post_author":"3","post_date":"2022-10-14 22:30:13","post_date_gmt":"2022-10-14 20:30:13","post_content":"","post_title":"ST\u00c9PHANIE COLIN","post_excerpt":"","post_status":"publish","comment_status":"closed","ping_status":"closed","post_password":"","post_name":"stephanie-colin","to_ping":"","pinged":"","post_modified":"2022-10-14 22:30:13","post_modified_gmt":"2022-10-14 20:30:13","post_content_filtered":"","post_parent":0,"guid":"http:\/\/dev.claret.cat\/autor\/stephanie-colin\/","menu_order":0,"post_type":"autor","post_mime_type":"","comment_count":"0","filter":"raw"},{"ID":168975,"post_author":"3","post_date":"2022-10-14 22:23:27","post_date_gmt":"2022-10-14 20:23:27","post_content":"","post_title":"SANDRINE MALLET","post_excerpt":"","post_status":"publish","comment_status":"closed","ping_status":"closed","post_password":"","post_name":"sandrine-mallet","to_ping":"","pinged":"","post_modified":"2022-10-14 22:23:27","post_modified_gmt":"2022-10-14 20:23:27","post_content_filtered":"","post_parent":0,"guid":"http:\/\/dev.claret.cat\/autor\/sandrine-mallet\/","menu_order":0,"post_type":"autor","post_mime_type":"","comment_count":"0","filter":"raw"}],"autor":"COLIN, ST\u00c9PHANIE \/ MALLET, SANDRINE","codart":"841698494","libros-coleccion":"Larousse - Libros Ilustrados\/ Pr\u00e1cticos","ediciones":"1","encuadernacion":"Carton\u00e9","fecha_de_publicacion":"01\/04\/2018","novedad":"0","paginas":"288","subtitulo":"","orden":"0","portada":"0","idioma":"spa","booktrailer":"","resenas":""},"aioseo_notices":[],"_links":{"self":[{"href":"https:\/\/www.claret.cat\/es\/wp-json\/wp\/v2\/product\/145684","targetHints":{"allow":["GET"]}}],"collection":[{"href":"https:\/\/www.claret.cat\/es\/wp-json\/wp\/v2\/product"}],"about":[{"href":"https:\/\/www.claret.cat\/es\/wp-json\/wp\/v2\/types\/product"}],"wp:featuredmedia":[{"embeddable":true,"href":"https:\/\/www.claret.cat\/es\/wp-json\/wp\/v2\/media\/1086182"}],"wp:attachment":[{"href":"https:\/\/www.claret.cat\/es\/wp-json\/wp\/v2\/media?parent=145684"}],"wp:term":[{"taxonomy":"product_brand","embeddable":true,"href":"https:\/\/www.claret.cat\/es\/wp-json\/wp\/v2\/product_brand?post=145684"},{"taxonomy":"product_cat","embeddable":true,"href":"https:\/\/www.claret.cat\/es\/wp-json\/wp\/v2\/product_cat?post=145684"},{"taxonomy":"product_tag","embeddable":true,"href":"https:\/\/www.claret.cat\/es\/wp-json\/wp\/v2\/product_tag?post=145684"}],"curies":[{"name":"wp","href":"https:\/\/api.w.org\/{rel}","templated":true}]}}